{"id":10,"date":"2024-10-05T17:27:47","date_gmt":"2024-10-05T17:27:47","guid":{"rendered":"https:\/\/roofroast.com\/?page_id=10"},"modified":"2025-05-20T18:28:20","modified_gmt":"2025-05-20T18:28:20","slug":"grazinimo-ir-grazinimo-politika","status":"publish","type":"page","link":"https:\/\/roofroast.com\/en\/grazinimo-ir-grazinimo-politika\/","title":{"rendered":"Gr\u0105\u017einimo ir gr\u0105\u017einimo politika"},"content":{"rendered":"<div class=\"wp-block-uagb-advanced-heading uagb-block-c65fa770\"><h3 class=\"uagb-heading-text\">Gr\u0105\u017einimo ir gr\u0105\u017einimo politika<\/h3><\/div>\n\n\n\n<p>M\u016bs\u0173 pinig\u0173 gr\u0105\u017einimo ir gr\u0105\u017einimo politika galioja 30 dien\u0173. Jei nuo pirkimo pra\u0117jo 30 dien\u0173, negalime jums gr\u0105\u017einti pinig\u0173 arba pakeisti prek\u0117s.<br>Kad prek\u0119 b\u016bt\u0173 galima gr\u0105\u017einti, ji turi b\u016bti nenaudota ir tokios pat b\u016bkl\u0117s, kokios j\u0105 gavote. Jis taip pat turi b\u016bti originalioje pakuot\u0117je.<br>Keli\u0173 r\u016b\u0161i\u0173 prek\u0117s negr\u0105\u017einamos.<br>Papildomos negr\u0105\u017einamos prek\u0117s:<\/p>\n\n\n\n<ul class=\"wp-block-list\">\n<li>Dovan\u0173 kortel\u0117s<\/li>\n\n\n\n<li>Atsisiun\u010diami programin\u0117s \u012frangos produktai<\/li>\n\n\n\n<li>Kai kurios sveikatos ir asmens higienos prek\u0117s<\/li>\n\n\n\n<li>Nor\u0117dami gr\u0105\u017einti prekes, reikalaujame pateikti pirkimo \u010dek\u012f arba pirkim\u0105 patvirtinant\u012f dokument\u0105.<\/li>\n\n\n\n<li>Nesi\u0173skite pirkinio atgal gamintojui.<\/li>\n\n\n\n<li>Bet kokios prek\u0117s, kuri n\u0117ra originalios b\u016bkl\u0117s, yra sugadinta arba jai tr\u016bksta dali\u0173 ne d\u0117l m\u016bs\u0173 klaidos.<\/li>\n\n\n\n<li>Bet kokio daikto, kuris gr\u0105\u017einamas pra\u0117jus daugiau kaip 30 dien\u0173 nuo pristatymo.<br>Gr\u0105\u017einami pinigai<br>Gav\u0119 ir patikrin\u0119 j\u016bs\u0173 gr\u0105\u017einam\u0105 prek\u0119, i\u0161si\u0173sime jums el. lai\u0161k\u0105, kuriuo informuosime, kad gavome j\u016bs\u0173 gr\u0105\u017einam\u0105 prek\u0119. Taip pat informuosime apie pinig\u0173 gr\u0105\u017einimo patvirtinim\u0105 arba atmetim\u0105.<br>Jei gr\u0105\u017einimui pritarsite, j\u016bs\u0173 gr\u0105\u017einimas bus apdorotas ir kreditas bus automati\u0161kai pritaikytas j\u016bs\u0173 kredito kortelei arba pradiniam mok\u0117jimo b\u016bdui per tam tikr\u0105 dien\u0173 skai\u010di\u0173.<br>V\u0117luojan\u010dios arba negautos gr\u0105\u017einamosios i\u0161mokos<br>Jei dar negavote gr\u0105\u017einamosios i\u0161mokos, pirmiausia dar kart\u0105 patikrinkite savo banko s\u0105skait\u0105.<br>Tada kreipkit\u0117s \u012f kredito kortel\u0117s bendrov\u0119, nes gali praeiti \u0161iek tiek laiko, kol gr\u0105\u017einama suma bus oficialiai pervesta.<br>Tada kreipkit\u0117s \u012f savo bank\u0105. Da\u017enai praeina \u0161iek tiek laiko, kol gr\u0105\u017einamoji i\u0161moka bus \u012fskaityta.<br>Jei atlikote visus \u0161iuos veiksmus ir vis dar negavote gr\u0105\u017einimo, susisiekite su mumis el. pa\u0161tu info@roofroast.com.<br>I\u0161pardavimo prek\u0117s<br>Gr\u0105\u017einami pinigai gali b\u016bti gr\u0105\u017einami tik u\u017e \u012fprastos kainos prekes. U\u017e i\u0161pardavimo prekes pinigai negali b\u016bti gr\u0105\u017einami.<br>Keitimas<br>Prekes kei\u010diame tik tuo atveju, jei jos turi defekt\u0173 arba yra sugadintos. Jei norite pakeisti prek\u0119 \u012f toki\u0105 pa\u010di\u0105, para\u0161ykite mums el. lai\u0161k\u0105 adresu info@roofroast.com ir atsi\u0173skite prek\u0119 \u0161iuo adresu: Kanto g. 21-13<br>92240 Klaip\u0117da,Lietuva.<\/li>\n<\/ul>\n\n\n\n<p>Dovanos<br>Jei perkant prek\u0119 ir siun\u010diant j\u0105 tiesiai jums, ji buvo pa\u017eym\u0117ta kaip dovana, jums bus suteiktas gr\u0105\u017einimo kreditas dovan\u0173 vertei. Gavus gr\u0105\u017eint\u0105 prek\u0119, dovan\u0173 kuponas bus i\u0161si\u0173stas jums pa\u0161tu.<br>Jei perkant prek\u0117 nebuvo pa\u017eym\u0117ta kaip dovana arba dovanos dav\u0117jas u\u017esakym\u0105 i\u0161siunt\u0117 sau, kad v\u0117liau j\u012f padovanot\u0173 jums, gr\u0105\u017einsime pinigus dovanos dav\u0117jui ir jis su\u017einos apie j\u016bs\u0173 gr\u0105\u017einim\u0105.<br>Siunt\u0173 gr\u0105\u017einimas<br>Nor\u0117dami gr\u0105\u017einti gamin\u012f, tur\u0117tum\u0117te i\u0161si\u0173sti gamin\u012f pa\u0161tu: info@roofroast.com.<br>J\u016bs patys tur\u0117site apmok\u0117ti siuntimo i\u0161laidas, susijusias su gaminio gr\u0105\u017einimu. Siuntimo i\u0161laidos negr\u0105\u017einamos. Jei jums bus gr\u0105\u017einti pinigai, gr\u0105\u017einimo siuntimo i\u0161laidos bus i\u0161skai\u010diuotos i\u0161 gr\u0105\u017einamos sumos.<br>Priklausomai nuo to, kur gyvenate, gali prireikti skirtingo laiko, kol jus pasieks i\u0161keistas gaminys.<br>Jei gr\u0105\u017einate brangesnius gaminius, galite apsvarstyti galimyb\u0119 naudotis sekimo siuntimo paslauga arba \u012fsigyti siuntimo draudim\u0105. Negarantuojame, kad gausime j\u016bs\u0173 gr\u0105\u017einam\u0105 prek\u0119.<br>Reikia pagalbos?<br>Kreipkit\u0117s \u012f mus el. pa\u0161tu info@roofroast.com, jei turite klausim\u0173, susijusi\u0173 su pinig\u0173 gr\u0105\u017einimu ir gr\u0105\u017einimu.<\/p>","protected":false},"excerpt":{"rendered":"<p>Gr\u0105\u017einimo ir gr\u0105\u017einimo politika M\u016bs\u0173 pinig\u0173 gr\u0105\u017einimo ir gr\u0105\u017einimo politika galioja 30 dien\u0173. Jei nuo pirkimo pra\u0117jo 30 dien\u0173, negalime jums gr\u0105\u017einti pinig\u0173 arba pakeisti prek\u0117s.Kad prek\u0119 b\u016bt\u0173 galima gr\u0105\u017einti, ji turi b\u016bti nenaudota ir tokios pat b\u016bkl\u0117s, kokios j\u0105 gavote. Jis taip pat turi b\u016bti originalioje pakuot\u0117je.Keli\u0173 r\u016b\u0161i\u0173 prek\u0117s negr\u0105\u017einamos.Papildomos negr\u0105\u017einamos prek\u0117s: DovanosJei perkant [&hellip;]<\/p>\n","protected":false},"author":1,"featured_media":0,"parent":0,"menu_order":0,"comment_status":"closed","ping_status":"closed","template":"","meta":{"_uag_custom_page_level_css":"","_monsterinsights_skip_tracking":false,"_monsterinsights_sitenote_active":false,"_monsterinsights_sitenote_note":"","_monsterinsights_sitenote_category":0,"footnotes":""},"class_list":["post-10","page","type-page","status-publish","hentry"],"yoast_head":"<!-- This site is optimized with the Yoast SEO plugin v27.6 - https:\/\/yoast.com\/product\/yoast-seo-wordpress\/ -->\n<title>Gr\u0105\u017einimo ir gr\u0105\u017einimo politika | Roof Roast (Kavos skrudintojai Klaipedoje)<\/title>\n<meta name=\"description\" content=\"Kod\u0117l renkiesi Roof Roast skrudintas pupeles?Nes m\u016bs\u0173 \u2013 daugiau nei paprastos pupel\u0117s.Kiekviename puodelyje pasakojame istorij\u0105.Skrudinama Klaip\u0117doje, susitelk\u0119 \u012f skon\u012f, pami\u0161\u0119 d\u0117l juodos kavos.Prad\u0117k savo istorij\u0105 su Roof Roast.\" \/>\n<meta name=\"robots\" content=\"index, follow, max-snippet:-1, max-image-preview:large, max-video-preview:-1\" \/>\n<link rel=\"canonical\" href=\"https:\/\/roofroast.com\/en\/grazinimo-ir-grazinimo-politika\/\" \/>\n<meta property=\"og:locale\" content=\"en_GB\" \/>\n<meta property=\"og:type\" content=\"article\" \/>\n<meta property=\"og:title\" content=\"Gr\u0105\u017einimo ir gr\u0105\u017einimo politika | Roof Roast (Kavos skrudintojai Klaipedoje)\" \/>\n<meta property=\"og:description\" content=\"Kod\u0117l renkiesi Roof Roast skrudintas pupeles?Nes m\u016bs\u0173 \u2013 daugiau nei paprastos pupel\u0117s.Kiekviename puodelyje pasakojame istorij\u0105.Skrudinama Klaip\u0117doje, susitelk\u0119 \u012f skon\u012f, pami\u0161\u0119 d\u0117l juodos kavos.Prad\u0117k savo istorij\u0105 su Roof Roast.\" \/>\n<meta property=\"og:url\" content=\"https:\/\/roofroast.com\/en\/grazinimo-ir-grazinimo-politika\/\" \/>\n<meta property=\"og:site_name\" content=\"ROOF ROAST\" \/>\n<meta property=\"article:publisher\" content=\"https:\/\/www.facebook.com\/roofroast.lt\" \/>\n<meta property=\"article:modified_time\" content=\"2025-05-20T18:28:20+00:00\" \/>\n<meta property=\"og:image\" content=\"https:\/\/roofroast.com\/wp-content\/uploads\/2025\/03\/DSC08038-1-scaled.jpeg\" \/>\n\t<meta property=\"og:image:width\" content=\"2560\" \/>\n\t<meta property=\"og:image:height\" content=\"1707\" \/>\n\t<meta property=\"og:image:type\" content=\"image\/jpeg\" \/>\n<meta name=\"twitter:card\" content=\"summary_large_image\" \/>\n<meta name=\"twitter:label1\" content=\"Estimated reading time\" \/>\n\t<meta name=\"twitter:data1\" content=\"3 minutes\" \/>\n<script type=\"application\/ld+json\" class=\"yoast-schema-graph\">{\"@context\":\"https:\\\/\\\/schema.org\",\"@graph\":[{\"@type\":\"WebPage\",\"@id\":\"https:\\\/\\\/roofroast.com\\\/grazinimo-ir-grazinimo-politika\\\/\",\"url\":\"https:\\\/\\\/roofroast.com\\\/grazinimo-ir-grazinimo-politika\\\/\",\"name\":\"Gr\u0105\u017einimo ir gr\u0105\u017einimo politika | Roof Roast (Kavos skrudintojai Klaipedoje)\",\"isPartOf\":{\"@id\":\"https:\\\/\\\/roofroast.com\\\/#website\"},\"datePublished\":\"2024-10-05T17:27:47+00:00\",\"dateModified\":\"2025-05-20T18:28:20+00:00\",\"description\":\"Kod\u0117l renkiesi Roof Roast skrudintas pupeles?Nes m\u016bs\u0173 \u2013 daugiau nei paprastos pupel\u0117s.Kiekviename puodelyje pasakojame istorij\u0105.Skrudinama Klaip\u0117doje, susitelk\u0119 \u012f skon\u012f, pami\u0161\u0119 d\u0117l juodos kavos.Prad\u0117k savo istorij\u0105 su Roof Roast.\",\"breadcrumb\":{\"@id\":\"https:\\\/\\\/roofroast.com\\\/grazinimo-ir-grazinimo-politika\\\/#breadcrumb\"},\"inLanguage\":\"en-GB\",\"potentialAction\":[{\"@type\":\"ReadAction\",\"target\":[\"https:\\\/\\\/roofroast.com\\\/grazinimo-ir-grazinimo-politika\\\/\"]}]},{\"@type\":\"BreadcrumbList\",\"@id\":\"https:\\\/\\\/roofroast.com\\\/grazinimo-ir-grazinimo-politika\\\/#breadcrumb\",\"itemListElement\":[{\"@type\":\"ListItem\",\"position\":1,\"name\":\"Home\",\"item\":\"https:\\\/\\\/roofroast.com\\\/\"},{\"@type\":\"ListItem\",\"position\":2,\"name\":\"Gr\u0105\u017einimo ir gr\u0105\u017einimo politika\"}]},{\"@type\":\"WebSite\",\"@id\":\"https:\\\/\\\/roofroast.com\\\/#website\",\"url\":\"https:\\\/\\\/roofroast.com\\\/\",\"name\":\"Roof Roast\",\"description\":\"Roof Roast (Kavos skrudintojai Klaipedoje)\",\"publisher\":{\"@id\":\"https:\\\/\\\/roofroast.com\\\/#organization\"},\"alternateName\":\"Roof Roast (Kavos skrudintojai Klaipedoje)\",\"potentialAction\":[{\"@type\":\"SearchAction\",\"target\":{\"@type\":\"EntryPoint\",\"urlTemplate\":\"https:\\\/\\\/roofroast.com\\\/?s={search_term_string}\"},\"query-input\":{\"@type\":\"PropertyValueSpecification\",\"valueRequired\":true,\"valueName\":\"search_term_string\"}}],\"inLanguage\":\"en-GB\"},{\"@type\":\"Organization\",\"@id\":\"https:\\\/\\\/roofroast.com\\\/#organization\",\"name\":\"Roof Roast (Kavos skrudintojai Klaipedoje)\",\"alternateName\":\"Roof Roast\",\"url\":\"https:\\\/\\\/roofroast.com\\\/\",\"logo\":{\"@type\":\"ImageObject\",\"inLanguage\":\"en-GB\",\"@id\":\"https:\\\/\\\/roofroast.com\\\/#\\\/schema\\\/logo\\\/image\\\/\",\"url\":\"https:\\\/\\\/roofroast.com\\\/wp-content\\\/uploads\\\/2024\\\/09\\\/cropped-cropped-IMG_6146.png\",\"contentUrl\":\"https:\\\/\\\/roofroast.com\\\/wp-content\\\/uploads\\\/2024\\\/09\\\/cropped-cropped-IMG_6146.png\",\"width\":512,\"height\":484,\"caption\":\"Roof Roast (Kavos skrudintojai Klaipedoje)\"},\"image\":{\"@id\":\"https:\\\/\\\/roofroast.com\\\/#\\\/schema\\\/logo\\\/image\\\/\"},\"sameAs\":[\"https:\\\/\\\/www.facebook.com\\\/roofroast.lt\",\"https:\\\/\\\/www.youtube.com\\\/@roofroast\",\"https:\\\/\\\/www.tiktok.com\\\/@roofroast?_t=ZN-8vMRvgnZR0o&_r=1\",\"https:\\\/\\\/www.instagram.com\\\/roofroastlt\\\/\"]}]}<\/script>\n<!-- \/ Yoast SEO plugin. -->","yoast_head_json":{"title":"Gr\u0105\u017einimo ir gr\u0105\u017einimo politika | Roof Roast (Kavos skrudintojai Klaipedoje)","description":"Kod\u0117l renkiesi Roof Roast skrudintas pupeles?Nes m\u016bs\u0173 \u2013 daugiau nei paprastos pupel\u0117s.Kiekviename puodelyje pasakojame istorij\u0105.Skrudinama Klaip\u0117doje, susitelk\u0119 \u012f skon\u012f, pami\u0161\u0119 d\u0117l juodos kavos.Prad\u0117k savo istorij\u0105 su Roof Roast.","robots":{"index":"index","follow":"follow","max-snippet":"max-snippet:-1","max-image-preview":"max-image-preview:large","max-video-preview":"max-video-preview:-1"},"canonical":"https:\/\/roofroast.com\/en\/grazinimo-ir-grazinimo-politika\/","og_locale":"en_GB","og_type":"article","og_title":"Gr\u0105\u017einimo ir gr\u0105\u017einimo politika | Roof Roast (Kavos skrudintojai Klaipedoje)","og_description":"Kod\u0117l renkiesi Roof Roast skrudintas pupeles?Nes m\u016bs\u0173 \u2013 daugiau nei paprastos pupel\u0117s.Kiekviename puodelyje pasakojame istorij\u0105.Skrudinama Klaip\u0117doje, susitelk\u0119 \u012f skon\u012f, pami\u0161\u0119 d\u0117l juodos kavos.Prad\u0117k savo istorij\u0105 su Roof Roast.","og_url":"https:\/\/roofroast.com\/en\/grazinimo-ir-grazinimo-politika\/","og_site_name":"ROOF ROAST","article_publisher":"https:\/\/www.facebook.com\/roofroast.lt","article_modified_time":"2025-05-20T18:28:20+00:00","og_image":[{"width":2560,"height":1707,"url":"https:\/\/roofroast.com\/wp-content\/uploads\/2025\/03\/DSC08038-1-scaled.jpeg","type":"image\/jpeg"}],"twitter_card":"summary_large_image","twitter_misc":{"Estimated reading time":"3 minutes"},"schema":{"@context":"https:\/\/schema.org","@graph":[{"@type":"WebPage","@id":"https:\/\/roofroast.com\/grazinimo-ir-grazinimo-politika\/","url":"https:\/\/roofroast.com\/grazinimo-ir-grazinimo-politika\/","name":"Gr\u0105\u017einimo ir gr\u0105\u017einimo politika | Roof Roast (Kavos skrudintojai Klaipedoje)","isPartOf":{"@id":"https:\/\/roofroast.com\/#website"},"datePublished":"2024-10-05T17:27:47+00:00","dateModified":"2025-05-20T18:28:20+00:00","description":"Kod\u0117l renkiesi Roof Roast skrudintas pupeles?Nes m\u016bs\u0173 \u2013 daugiau nei paprastos pupel\u0117s.Kiekviename puodelyje pasakojame istorij\u0105.Skrudinama Klaip\u0117doje, susitelk\u0119 \u012f skon\u012f, pami\u0161\u0119 d\u0117l juodos kavos.Prad\u0117k savo istorij\u0105 su Roof Roast.","breadcrumb":{"@id":"https:\/\/roofroast.com\/grazinimo-ir-grazinimo-politika\/#breadcrumb"},"inLanguage":"en-GB","potentialAction":[{"@type":"ReadAction","target":["https:\/\/roofroast.com\/grazinimo-ir-grazinimo-politika\/"]}]},{"@type":"BreadcrumbList","@id":"https:\/\/roofroast.com\/grazinimo-ir-grazinimo-politika\/#breadcrumb","itemListElement":[{"@type":"ListItem","position":1,"name":"Home","item":"https:\/\/roofroast.com\/"},{"@type":"ListItem","position":2,"name":"Gr\u0105\u017einimo ir gr\u0105\u017einimo politika"}]},{"@type":"WebSite","@id":"https:\/\/roofroast.com\/#website","url":"https:\/\/roofroast.com\/","name":"Roof Roast","description":"Roof Roast (Kavos skrudintojai Klaipedoje)","publisher":{"@id":"https:\/\/roofroast.com\/#organization"},"alternateName":"Roof Roast (Kavos skrudintojai Klaipedoje)","potentialAction":[{"@type":"SearchAction","target":{"@type":"EntryPoint","urlTemplate":"https:\/\/roofroast.com\/?s={search_term_string}"},"query-input":{"@type":"PropertyValueSpecification","valueRequired":true,"valueName":"search_term_string"}}],"inLanguage":"en-GB"},{"@type":"Organization","@id":"https:\/\/roofroast.com\/#organization","name":"Roof Roast (Kavos skrudintojai Klaipedoje)","alternateName":"Roof Roast","url":"https:\/\/roofroast.com\/","logo":{"@type":"ImageObject","inLanguage":"en-GB","@id":"https:\/\/roofroast.com\/#\/schema\/logo\/image\/","url":"https:\/\/roofroast.com\/wp-content\/uploads\/2024\/09\/cropped-cropped-IMG_6146.png","contentUrl":"https:\/\/roofroast.com\/wp-content\/uploads\/2024\/09\/cropped-cropped-IMG_6146.png","width":512,"height":484,"caption":"Roof Roast (Kavos skrudintojai Klaipedoje)"},"image":{"@id":"https:\/\/roofroast.com\/#\/schema\/logo\/image\/"},"sameAs":["https:\/\/www.facebook.com\/roofroast.lt","https:\/\/www.youtube.com\/@roofroast","https:\/\/www.tiktok.com\/@roofroast?_t=ZN-8vMRvgnZR0o&_r=1","https:\/\/www.instagram.com\/roofroastlt\/"]}]}},"uagb_featured_image_src":{"full":false,"thumbnail":false,"medium":false,"medium_large":false,"large":false,"1536x1536":false,"2048x2048":false,"trp-custom-language-flag":false,"woocommerce_thumbnail":false,"woocommerce_single":false,"woocommerce_gallery_thumbnail":false},"uagb_author_info":{"display_name":"Roman Bogatyr","author_link":"https:\/\/roofroast.com\/en\/author\/roofroastgmail-com\/"},"uagb_comment_info":0,"uagb_excerpt":"Gr\u0105\u017einimo ir gr\u0105\u017einimo politika M\u016bs\u0173 pinig\u0173 gr\u0105\u017einimo ir gr\u0105\u017einimo politika galioja 30 dien\u0173. Jei nuo pirkimo pra\u0117jo 30 dien\u0173, negalime jums gr\u0105\u017einti pinig\u0173 arba pakeisti prek\u0117s.Kad prek\u0119 b\u016bt\u0173 galima gr\u0105\u017einti, ji turi b\u016bti nenaudota ir tokios pat b\u016bkl\u0117s, kokios j\u0105 gavote. Jis taip pat turi b\u016bti originalioje pakuot\u0117je.Keli\u0173 r\u016b\u0161i\u0173 prek\u0117s negr\u0105\u017einamos.Papildomos negr\u0105\u017einamos prek\u0117s: DovanosJei perkant&hellip;","_links":{"self":[{"href":"https:\/\/roofroast.com\/en\/wp-json\/wp\/v2\/pages\/10","targetHints":{"allow":["GET"]}}],"collection":[{"href":"https:\/\/roofroast.com\/en\/wp-json\/wp\/v2\/pages"}],"about":[{"href":"https:\/\/roofroast.com\/en\/wp-json\/wp\/v2\/types\/page"}],"author":[{"embeddable":true,"href":"https:\/\/roofroast.com\/en\/wp-json\/wp\/v2\/users\/1"}],"replies":[{"embeddable":true,"href":"https:\/\/roofroast.com\/en\/wp-json\/wp\/v2\/comments?post=10"}],"version-history":[{"count":7,"href":"https:\/\/roofroast.com\/en\/wp-json\/wp\/v2\/pages\/10\/revisions"}],"predecessor-version":[{"id":3311,"href":"https:\/\/roofroast.com\/en\/wp-json\/wp\/v2\/pages\/10\/revisions\/3311"}],"wp:attachment":[{"href":"https:\/\/roofroast.com\/en\/wp-json\/wp\/v2\/media?parent=10"}],"curies":[{"name":"wp","href":"https:\/\/api.w.org\/{rel}","templated":true}]}}