{"id":1515,"date":"2024-10-06T12:25:48","date_gmt":"2024-10-06T12:25:48","guid":{"rendered":"https:\/\/roofroast.com\/?page_id=1515"},"modified":"2025-05-23T15:24:44","modified_gmt":"2025-05-23T15:24:44","slug":"sviezia-kava","status":"publish","type":"page","link":"https:\/\/roofroast.com\/en\/sviezia-kava\/","title":{"rendered":"\u0160vie\u017ei kava"},"content":{"rendered":"<div class=\"wp-block-uagb-image aligncenter uagb-block-fb52bec7 wp-block-uagb-image--layout-default wp-block-uagb-image--effect-static wp-block-uagb-image--align-center\"><figure class=\"wp-block-uagb-image__figure\"><img decoding=\"async\" srcset=\"https:\/\/www.roofroast.com\/wp-content\/uploads\/2024\/10\/pexels-photo-7125409-7125409-1024x535.jpg ,https:\/\/www.roofroast.com\/wp-content\/uploads\/2024\/10\/pexels-photo-7125409-7125409.jpg 780w, https:\/\/www.roofroast.com\/wp-content\/uploads\/2024\/10\/pexels-photo-7125409-7125409.jpg 360w\" sizes=\"auto, (max-width: 480px) 150px\" src=\"https:\/\/www.roofroast.com\/wp-content\/uploads\/2024\/10\/pexels-photo-7125409-7125409-1024x535.jpg\" alt=\"Red coffee berries growing on tree branch\" class=\"uag-image-1521\" width=\"759\" height=\"313\" title=\"pexels-photo-7125409-7125409\" loading=\"lazy\" role=\"img\"\/><\/figure><\/div>\n\n\n\n<p>Roof Roast, we are passionate about exceptional coffee drinks. Our roastery, located in Klaip\u0117da, Lithuania, focuses on the art of sourcing, roasting and delivering fresh, high quality coffee beans to elevate every cup. We carefully select our beans from sustainable farms around the world, ensuring that each roast brings out the unique flavours and aromas of the coffee's origin.<\/p>\n\n\n\n<p>Our small-batch roasting method allows us to bring out the nuanced characteristics of each bean, creating balanced, flavourful profiles suitable for both casual drinkers and coffee connoisseurs. Whether you're enjoying a smooth, fruity Ethiopian blend or a rich, full-bodied Brazilian roast, our dedication to freshness and quality ensures that every sip is a moment of pure satisfaction.<\/p>\n\n\n\n<p>Roof Roast is more than just coffee - it's a journey of taste, craftsmanship and community. Join us and enjoy coffee the way it was meant to be: fresh, flavourful and unforgettable.<\/p>\n\n\n\n<div class=\"wp-block-uagb-image uagb-block-e91b6af2 wp-block-uagb-image--layout-default wp-block-uagb-image--effect-static wp-block-uagb-image--align-none\"><figure class=\"wp-block-uagb-image__figure\"><img decoding=\"async\" srcset=\"https:\/\/www.roofroast.com\/wp-content\/uploads\/2024\/10\/pexels-photo-7125592-7125592-1024x535.jpg ,https:\/\/www.roofroast.com\/wp-content\/uploads\/2024\/10\/pexels-photo-7125592-7125592.jpg 780w, https:\/\/www.roofroast.com\/wp-content\/uploads\/2024\/10\/pexels-photo-7125592-7125592.jpg 360w\" sizes=\"auto, (max-width: 480px) 150px\" src=\"https:\/\/www.roofroast.com\/wp-content\/uploads\/2024\/10\/pexels-photo-7125592-7125592-1024x535.jpg\" alt=\"Crop unrecognizable horticulturists with sieves separating unroasted coffee bean halves from chaff in countryside in daylight\" class=\"uag-image-1537\" width=\"739\" height=\"386\" title=\"pexels-photo-7125592-7125592\" loading=\"lazy\" role=\"img\"\/><\/figure><\/div>\n\n\n\n<p>The Roof Roast journey from bean to cup is a painstaking process that goes beyond roasting. After sourcing the highest quality beans from renowned coffee-growing regions, we take the time to carefully sort the beans, ensuring that only the highest quality beans are prepared. Once sorted, we move on to one of the most important steps in the process: the cup.<\/p>\n\n\n\n<p>The cups are where the magic happens. Our team of experienced roasters takes the time to evaluate each batch, tasting for clarity, balance and unique flavour profiles. This step allows us to determine the best roasting level for each bean and ensure that the natural aromas, textures and flavours are perfect. From floral and fruity notes to deep chocolate undertones, we are committed to highlighting the distinctive characteristics of each origin.<\/p>\n\n\n\n<p>This practical approach, combined with our passion for precision, ensures that every bag of Roof Roast coffee delivers unparalleled taste. By focusing on the science and art of coffee roasting, we bring you beans that offer a fresh, lively flavour and a truly unique taste. Whether you brew it at home or enjoy it in your favourite caf\u00e9, our coffee is designed to make your daily ritual special.<\/p>","protected":false},"excerpt":{"rendered":"<p>\u201eRoof Roast\u201c aistringai siekiame i\u0161skirtini\u0173 kavos g\u0117rim\u0173. M\u016bs\u0173 skrudykla, \u012fsik\u016brusi Klaip\u0117doje, Lietuvoje, orientuojasi \u012f \u0161vie\u017ei\u0173, auk\u0161tos kokyb\u0117s kavos pupeli\u0173 tiekimo, skrudinimo ir pristatymo men\u0105, kad pakelt\u0173 kiekvien\u0105 puodel\u012f. Kruop\u0161\u010diai atrenkame savo pupeles i\u0161 tvari\u0173 \u016bki\u0173 visame pasaulyje, u\u017etikrindami, kad kiekvienas skrudinimas i\u0161ry\u0161kint\u0173 unikalius kavos kilm\u0117s skonius ir aromatus. M\u016bs\u0173 ma\u017e\u0173 partij\u0173 skrudinimo metodas leid\u017eia i\u0161ry\u0161kinti [&hellip;]<\/p>\n","protected":false},"author":1,"featured_media":0,"parent":0,"menu_order":0,"comment_status":"closed","ping_status":"closed","template":"","meta":{"_uag_custom_page_level_css":"","_monsterinsights_skip_tracking":false,"_monsterinsights_sitenote_active":false,"_monsterinsights_sitenote_note":"","_monsterinsights_sitenote_category":0,"footnotes":""},"class_list":["post-1515","page","type-page","status-publish","hentry"],"yoast_head":"<!-- This site is optimized with the Yoast SEO plugin v27.6 - https:\/\/yoast.com\/product\/yoast-seo-wordpress\/ -->\n<title>\u0160vie\u017eia kava | kavos pupel\u0117s | skrudinta kava | arabika kava<\/title>\n<meta name=\"description\" content=\"Si\u016blome:\u00a0\u00a0\u00a0\u00a0\u2022\u00a0\u00a0\u00a0\u00a0\u0160vie\u017eiai skrudint\u0105 specialiosios r\u016b\u0161ies kav\u0105\u00a0\u00a0\u00a0\u00a0\u2022\u00a0\u00a0\u00a0\u00a0Individualiai kuriamus kavos mi\u0161inius\u00a0\u00a0\u00a0\u00a0\u2022\u00a0\u00a0\u00a0\u00a0Kavos tiekim\u0105 verslui (kavin\u0117ms, biurams, restoranams)\u00a0\u00a0\u00a0\u00a0\u2022\u00a0\u00a0\u00a0\u00a0Degustacijas ir edukacinius renginius apie kav\u0105Jeigu ie\u0161kai tikros, \u0161vie\u017eios ir i\u0161skirtin\u0117s kavos Klaip\u0117doje \u2013 u\u017esuk \u012f Roof Roast arba susisiek su mumis.\" \/>\n<meta name=\"robots\" content=\"index, follow, max-snippet:-1, max-image-preview:large, max-video-preview:-1\" \/>\n<link rel=\"canonical\" href=\"https:\/\/roofroast.com\/en\/sviezia-kava\/\" \/>\n<meta property=\"og:locale\" content=\"en_GB\" \/>\n<meta property=\"og:type\" content=\"article\" \/>\n<meta property=\"og:title\" content=\"\u0160vie\u017eia kava | kavos pupel\u0117s | skrudinta kava | arabika kava\" \/>\n<meta property=\"og:description\" content=\"Si\u016blome:\u00a0\u00a0\u00a0\u00a0\u2022\u00a0\u00a0\u00a0\u00a0\u0160vie\u017eiai skrudint\u0105 specialiosios r\u016b\u0161ies kav\u0105\u00a0\u00a0\u00a0\u00a0\u2022\u00a0\u00a0\u00a0\u00a0Individualiai kuriamus kavos mi\u0161inius\u00a0\u00a0\u00a0\u00a0\u2022\u00a0\u00a0\u00a0\u00a0Kavos tiekim\u0105 verslui (kavin\u0117ms, biurams, restoranams)\u00a0\u00a0\u00a0\u00a0\u2022\u00a0\u00a0\u00a0\u00a0Degustacijas ir edukacinius renginius apie kav\u0105Jeigu ie\u0161kai tikros, \u0161vie\u017eios ir i\u0161skirtin\u0117s kavos Klaip\u0117doje \u2013 u\u017esuk \u012f Roof Roast arba susisiek su mumis.\" \/>\n<meta property=\"og:url\" content=\"https:\/\/roofroast.com\/en\/sviezia-kava\/\" \/>\n<meta property=\"og:site_name\" content=\"ROOF ROAST\" \/>\n<meta property=\"article:publisher\" content=\"https:\/\/www.facebook.com\/roofroast.lt\" \/>\n<meta property=\"article:modified_time\" content=\"2025-05-23T15:24:44+00:00\" \/>\n<meta property=\"og:image\" content=\"https:\/\/www.roofroast.com\/wp-content\/uploads\/2024\/10\/pexels-photo-7125409-7125409-1024x535.jpg\" \/>\n<meta name=\"twitter:card\" content=\"summary_large_image\" \/>\n<meta name=\"twitter:label1\" content=\"Estimated reading time\" \/>\n\t<meta name=\"twitter:data1\" content=\"2 minutes\" \/>\n<script type=\"application\/ld+json\" class=\"yoast-schema-graph\">{\"@context\":\"https:\\\/\\\/schema.org\",\"@graph\":[{\"@type\":\"WebPage\",\"@id\":\"https:\\\/\\\/roofroast.com\\\/sviezia-kava\\\/\",\"url\":\"https:\\\/\\\/roofroast.com\\\/sviezia-kava\\\/\",\"name\":\"\u0160vie\u017eia kava | kavos pupel\u0117s | skrudinta kava | arabika kava\",\"isPartOf\":{\"@id\":\"https:\\\/\\\/roofroast.com\\\/#website\"},\"primaryImageOfPage\":{\"@id\":\"https:\\\/\\\/roofroast.com\\\/sviezia-kava\\\/#primaryimage\"},\"image\":{\"@id\":\"https:\\\/\\\/roofroast.com\\\/sviezia-kava\\\/#primaryimage\"},\"thumbnailUrl\":\"https:\\\/\\\/www.roofroast.com\\\/wp-content\\\/uploads\\\/2024\\\/10\\\/pexels-photo-7125409-7125409-1024x535.jpg\",\"datePublished\":\"2024-10-06T12:25:48+00:00\",\"dateModified\":\"2025-05-23T15:24:44+00:00\",\"description\":\"Si\u016blome:\u00a0\u00a0\u00a0\u00a0\u2022\u00a0\u00a0\u00a0\u00a0\u0160vie\u017eiai skrudint\u0105 specialiosios r\u016b\u0161ies kav\u0105\u00a0\u00a0\u00a0\u00a0\u2022\u00a0\u00a0\u00a0\u00a0Individualiai kuriamus kavos mi\u0161inius\u00a0\u00a0\u00a0\u00a0\u2022\u00a0\u00a0\u00a0\u00a0Kavos tiekim\u0105 verslui (kavin\u0117ms, biurams, restoranams)\u00a0\u00a0\u00a0\u00a0\u2022\u00a0\u00a0\u00a0\u00a0Degustacijas ir edukacinius renginius apie kav\u0105Jeigu ie\u0161kai tikros, \u0161vie\u017eios ir i\u0161skirtin\u0117s kavos Klaip\u0117doje \u2013 u\u017esuk \u012f Roof Roast arba susisiek su mumis.\",\"breadcrumb\":{\"@id\":\"https:\\\/\\\/roofroast.com\\\/sviezia-kava\\\/#breadcrumb\"},\"inLanguage\":\"en-GB\",\"potentialAction\":[{\"@type\":\"ReadAction\",\"target\":[\"https:\\\/\\\/roofroast.com\\\/sviezia-kava\\\/\"]}]},{\"@type\":\"ImageObject\",\"inLanguage\":\"en-GB\",\"@id\":\"https:\\\/\\\/roofroast.com\\\/sviezia-kava\\\/#primaryimage\",\"url\":\"https:\\\/\\\/www.roofroast.com\\\/wp-content\\\/uploads\\\/2024\\\/10\\\/pexels-photo-7125409-7125409-1024x535.jpg\",\"contentUrl\":\"https:\\\/\\\/www.roofroast.com\\\/wp-content\\\/uploads\\\/2024\\\/10\\\/pexels-photo-7125409-7125409-1024x535.jpg\"},{\"@type\":\"BreadcrumbList\",\"@id\":\"https:\\\/\\\/roofroast.com\\\/sviezia-kava\\\/#breadcrumb\",\"itemListElement\":[{\"@type\":\"ListItem\",\"position\":1,\"name\":\"Home\",\"item\":\"https:\\\/\\\/roofroast.com\\\/\"},{\"@type\":\"ListItem\",\"position\":2,\"name\":\"\u0160vie\u017ei kava\"}]},{\"@type\":\"WebSite\",\"@id\":\"https:\\\/\\\/roofroast.com\\\/#website\",\"url\":\"https:\\\/\\\/roofroast.com\\\/\",\"name\":\"Roof Roast\",\"description\":\"Roof Roast (Kavos skrudintojai Klaipedoje)\",\"publisher\":{\"@id\":\"https:\\\/\\\/roofroast.com\\\/#organization\"},\"alternateName\":\"Roof Roast (Kavos skrudintojai Klaipedoje)\",\"potentialAction\":[{\"@type\":\"SearchAction\",\"target\":{\"@type\":\"EntryPoint\",\"urlTemplate\":\"https:\\\/\\\/roofroast.com\\\/?s={search_term_string}\"},\"query-input\":{\"@type\":\"PropertyValueSpecification\",\"valueRequired\":true,\"valueName\":\"search_term_string\"}}],\"inLanguage\":\"en-GB\"},{\"@type\":\"Organization\",\"@id\":\"https:\\\/\\\/roofroast.com\\\/#organization\",\"name\":\"Roof Roast (Kavos skrudintojai Klaipedoje)\",\"alternateName\":\"Roof Roast\",\"url\":\"https:\\\/\\\/roofroast.com\\\/\",\"logo\":{\"@type\":\"ImageObject\",\"inLanguage\":\"en-GB\",\"@id\":\"https:\\\/\\\/roofroast.com\\\/#\\\/schema\\\/logo\\\/image\\\/\",\"url\":\"https:\\\/\\\/roofroast.com\\\/wp-content\\\/uploads\\\/2024\\\/09\\\/cropped-cropped-IMG_6146.png\",\"contentUrl\":\"https:\\\/\\\/roofroast.com\\\/wp-content\\\/uploads\\\/2024\\\/09\\\/cropped-cropped-IMG_6146.png\",\"width\":512,\"height\":484,\"caption\":\"Roof Roast (Kavos skrudintojai Klaipedoje)\"},\"image\":{\"@id\":\"https:\\\/\\\/roofroast.com\\\/#\\\/schema\\\/logo\\\/image\\\/\"},\"sameAs\":[\"https:\\\/\\\/www.facebook.com\\\/roofroast.lt\",\"https:\\\/\\\/www.youtube.com\\\/@roofroast\",\"https:\\\/\\\/www.tiktok.com\\\/@roofroast?_t=ZN-8vMRvgnZR0o&_r=1\",\"https:\\\/\\\/www.instagram.com\\\/roofroastlt\\\/\"]}]}<\/script>\n<!-- \/ Yoast SEO plugin. -->","yoast_head_json":{"title":"\u0160vie\u017eia kava | kavos pupel\u0117s | skrudinta kava | arabika kava","description":"Si\u016blome:\u00a0\u00a0\u00a0\u00a0\u2022\u00a0\u00a0\u00a0\u00a0\u0160vie\u017eiai skrudint\u0105 specialiosios r\u016b\u0161ies kav\u0105\u00a0\u00a0\u00a0\u00a0\u2022\u00a0\u00a0\u00a0\u00a0Individualiai kuriamus kavos mi\u0161inius\u00a0\u00a0\u00a0\u00a0\u2022\u00a0\u00a0\u00a0\u00a0Kavos tiekim\u0105 verslui (kavin\u0117ms, biurams, restoranams)\u00a0\u00a0\u00a0\u00a0\u2022\u00a0\u00a0\u00a0\u00a0Degustacijas ir edukacinius renginius apie kav\u0105Jeigu ie\u0161kai tikros, \u0161vie\u017eios ir i\u0161skirtin\u0117s kavos Klaip\u0117doje \u2013 u\u017esuk \u012f Roof Roast arba susisiek su mumis.","robots":{"index":"index","follow":"follow","max-snippet":"max-snippet:-1","max-image-preview":"max-image-preview:large","max-video-preview":"max-video-preview:-1"},"canonical":"https:\/\/roofroast.com\/en\/sviezia-kava\/","og_locale":"en_GB","og_type":"article","og_title":"\u0160vie\u017eia kava | kavos pupel\u0117s | skrudinta kava | arabika kava","og_description":"Si\u016blome:\u00a0\u00a0\u00a0\u00a0\u2022\u00a0\u00a0\u00a0\u00a0\u0160vie\u017eiai skrudint\u0105 specialiosios r\u016b\u0161ies kav\u0105\u00a0\u00a0\u00a0\u00a0\u2022\u00a0\u00a0\u00a0\u00a0Individualiai kuriamus kavos mi\u0161inius\u00a0\u00a0\u00a0\u00a0\u2022\u00a0\u00a0\u00a0\u00a0Kavos tiekim\u0105 verslui (kavin\u0117ms, biurams, restoranams)\u00a0\u00a0\u00a0\u00a0\u2022\u00a0\u00a0\u00a0\u00a0Degustacijas ir edukacinius renginius apie kav\u0105Jeigu ie\u0161kai tikros, \u0161vie\u017eios ir i\u0161skirtin\u0117s kavos Klaip\u0117doje \u2013 u\u017esuk \u012f Roof Roast arba susisiek su mumis.","og_url":"https:\/\/roofroast.com\/en\/sviezia-kava\/","og_site_name":"ROOF ROAST","article_publisher":"https:\/\/www.facebook.com\/roofroast.lt","article_modified_time":"2025-05-23T15:24:44+00:00","og_image":[{"url":"https:\/\/www.roofroast.com\/wp-content\/uploads\/2024\/10\/pexels-photo-7125409-7125409-1024x535.jpg","type":"","width":"","height":""}],"twitter_card":"summary_large_image","twitter_misc":{"Estimated reading time":"2 minutes"},"schema":{"@context":"https:\/\/schema.org","@graph":[{"@type":"WebPage","@id":"https:\/\/roofroast.com\/sviezia-kava\/","url":"https:\/\/roofroast.com\/sviezia-kava\/","name":"\u0160vie\u017eia kava | kavos pupel\u0117s | skrudinta kava | arabika kava","isPartOf":{"@id":"https:\/\/roofroast.com\/#website"},"primaryImageOfPage":{"@id":"https:\/\/roofroast.com\/sviezia-kava\/#primaryimage"},"image":{"@id":"https:\/\/roofroast.com\/sviezia-kava\/#primaryimage"},"thumbnailUrl":"https:\/\/www.roofroast.com\/wp-content\/uploads\/2024\/10\/pexels-photo-7125409-7125409-1024x535.jpg","datePublished":"2024-10-06T12:25:48+00:00","dateModified":"2025-05-23T15:24:44+00:00","description":"Si\u016blome:\u00a0\u00a0\u00a0\u00a0\u2022\u00a0\u00a0\u00a0\u00a0\u0160vie\u017eiai skrudint\u0105 specialiosios r\u016b\u0161ies kav\u0105\u00a0\u00a0\u00a0\u00a0\u2022\u00a0\u00a0\u00a0\u00a0Individualiai kuriamus kavos mi\u0161inius\u00a0\u00a0\u00a0\u00a0\u2022\u00a0\u00a0\u00a0\u00a0Kavos tiekim\u0105 verslui (kavin\u0117ms, biurams, restoranams)\u00a0\u00a0\u00a0\u00a0\u2022\u00a0\u00a0\u00a0\u00a0Degustacijas ir edukacinius renginius apie kav\u0105Jeigu ie\u0161kai tikros, \u0161vie\u017eios ir i\u0161skirtin\u0117s kavos Klaip\u0117doje \u2013 u\u017esuk \u012f Roof Roast arba susisiek su mumis.","breadcrumb":{"@id":"https:\/\/roofroast.com\/sviezia-kava\/#breadcrumb"},"inLanguage":"en-GB","potentialAction":[{"@type":"ReadAction","target":["https:\/\/roofroast.com\/sviezia-kava\/"]}]},{"@type":"ImageObject","inLanguage":"en-GB","@id":"https:\/\/roofroast.com\/sviezia-kava\/#primaryimage","url":"https:\/\/www.roofroast.com\/wp-content\/uploads\/2024\/10\/pexels-photo-7125409-7125409-1024x535.jpg","contentUrl":"https:\/\/www.roofroast.com\/wp-content\/uploads\/2024\/10\/pexels-photo-7125409-7125409-1024x535.jpg"},{"@type":"BreadcrumbList","@id":"https:\/\/roofroast.com\/sviezia-kava\/#breadcrumb","itemListElement":[{"@type":"ListItem","position":1,"name":"Home","item":"https:\/\/roofroast.com\/"},{"@type":"ListItem","position":2,"name":"\u0160vie\u017ei kava"}]},{"@type":"WebSite","@id":"https:\/\/roofroast.com\/#website","url":"https:\/\/roofroast.com\/","name":"Roof Roast","description":"Roof Roast (Kavos skrudintojai Klaipedoje)","publisher":{"@id":"https:\/\/roofroast.com\/#organization"},"alternateName":"Roof Roast (Kavos skrudintojai Klaipedoje)","potentialAction":[{"@type":"SearchAction","target":{"@type":"EntryPoint","urlTemplate":"https:\/\/roofroast.com\/?s={search_term_string}"},"query-input":{"@type":"PropertyValueSpecification","valueRequired":true,"valueName":"search_term_string"}}],"inLanguage":"en-GB"},{"@type":"Organization","@id":"https:\/\/roofroast.com\/#organization","name":"Roof Roast (Kavos skrudintojai Klaipedoje)","alternateName":"Roof Roast","url":"https:\/\/roofroast.com\/","logo":{"@type":"ImageObject","inLanguage":"en-GB","@id":"https:\/\/roofroast.com\/#\/schema\/logo\/image\/","url":"https:\/\/roofroast.com\/wp-content\/uploads\/2024\/09\/cropped-cropped-IMG_6146.png","contentUrl":"https:\/\/roofroast.com\/wp-content\/uploads\/2024\/09\/cropped-cropped-IMG_6146.png","width":512,"height":484,"caption":"Roof Roast (Kavos skrudintojai Klaipedoje)"},"image":{"@id":"https:\/\/roofroast.com\/#\/schema\/logo\/image\/"},"sameAs":["https:\/\/www.facebook.com\/roofroast.lt","https:\/\/www.youtube.com\/@roofroast","https:\/\/www.tiktok.com\/@roofroast?_t=ZN-8vMRvgnZR0o&_r=1","https:\/\/www.instagram.com\/roofroastlt\/"]}]}},"uagb_featured_image_src":{"full":false,"thumbnail":false,"medium":false,"medium_large":false,"large":false,"1536x1536":false,"2048x2048":false,"trp-custom-language-flag":false,"woocommerce_thumbnail":false,"woocommerce_single":false,"woocommerce_gallery_thumbnail":false},"uagb_author_info":{"display_name":"Roman Bogatyr","author_link":"https:\/\/roofroast.com\/en\/author\/roofroastgmail-com\/"},"uagb_comment_info":0,"uagb_excerpt":"\u201eRoof Roast\u201c aistringai siekiame i\u0161skirtini\u0173 kavos g\u0117rim\u0173. M\u016bs\u0173 skrudykla, \u012fsik\u016brusi Klaip\u0117doje, Lietuvoje, orientuojasi \u012f \u0161vie\u017ei\u0173, auk\u0161tos kokyb\u0117s kavos pupeli\u0173 tiekimo, skrudinimo ir pristatymo men\u0105, kad pakelt\u0173 kiekvien\u0105 puodel\u012f. Kruop\u0161\u010diai atrenkame savo pupeles i\u0161 tvari\u0173 \u016bki\u0173 visame pasaulyje, u\u017etikrindami, kad kiekvienas skrudinimas i\u0161ry\u0161kint\u0173 unikalius kavos kilm\u0117s skonius ir aromatus. M\u016bs\u0173 ma\u017e\u0173 partij\u0173 skrudinimo metodas leid\u017eia i\u0161ry\u0161kinti&hellip;","_links":{"self":[{"href":"https:\/\/roofroast.com\/en\/wp-json\/wp\/v2\/pages\/1515","targetHints":{"allow":["GET"]}}],"collection":[{"href":"https:\/\/roofroast.com\/en\/wp-json\/wp\/v2\/pages"}],"about":[{"href":"https:\/\/roofroast.com\/en\/wp-json\/wp\/v2\/types\/page"}],"author":[{"embeddable":true,"href":"https:\/\/roofroast.com\/en\/wp-json\/wp\/v2\/users\/1"}],"replies":[{"embeddable":true,"href":"https:\/\/roofroast.com\/en\/wp-json\/wp\/v2\/comments?post=1515"}],"version-history":[{"count":18,"href":"https:\/\/roofroast.com\/en\/wp-json\/wp\/v2\/pages\/1515\/revisions"}],"predecessor-version":[{"id":3356,"href":"https:\/\/roofroast.com\/en\/wp-json\/wp\/v2\/pages\/1515\/revisions\/3356"}],"wp:attachment":[{"href":"https:\/\/roofroast.com\/en\/wp-json\/wp\/v2\/media?parent=1515"}],"curies":[{"name":"wp","href":"https:\/\/api.w.org\/{rel}","templated":true}]}}