{"id":1605,"date":"2024-10-06T16:39:07","date_gmt":"2024-10-06T16:39:07","guid":{"rendered":"https:\/\/roofroast.com\/?page_id=1605"},"modified":"2025-05-17T11:21:55","modified_gmt":"2025-05-17T11:21:55","slug":"delicious-and-fresh","status":"publish","type":"page","link":"https:\/\/roofroast.com\/en\/delicious-and-fresh\/","title":{"rendered":"Kas Daro M\u016bs\u0173 Kav\u0105 Skani\u0105 Ir \u0160vie\u017ei\u0105"},"content":{"rendered":"<div class=\"wp-block-uagb-image uagb-block-83001a25 wp-block-uagb-image--layout-default wp-block-uagb-image--effect-static wp-block-uagb-image--align-none\"><figure class=\"wp-block-uagb-image__figure\"><img decoding=\"async\" srcset=\"https:\/\/roofroast.com\/wp-content\/uploads\/2024\/10\/pexels-photo-12165306-12165306-1024x535.jpg ,https:\/\/roofroast.com\/wp-content\/uploads\/2024\/10\/pexels-photo-12165306-12165306.jpg 780w, https:\/\/roofroast.com\/wp-content\/uploads\/2024\/10\/pexels-photo-12165306-12165306.jpg 360w\" sizes=\"auto, (max-width: 480px) 150px\" src=\"https:\/\/roofroast.com\/wp-content\/uploads\/2024\/10\/pexels-photo-12165306-12165306-1024x535.jpg\" alt=\"Close-up of Coffee Beans on a Black Table\" class=\"uag-image-1608\" width=\"1024\" height=\"400\" title=\"pexels-photo-12165306-12165306\" loading=\"lazy\" role=\"img\"\/><\/figure><\/div>\n\n\n\n<div class=\"wp-block-uagb-advanced-heading uagb-block-2ee678be\"><h3 class=\"uagb-heading-text\"><strong>what makes our coffee tasty and fresh<\/strong><\/h3><\/div>\n\n\n\n<p class=\"has-contrast-light-background-color has-background\">Roof Roast believes that truly great coffee is the result of passion and precision. The journey to a delicious cup starts with choosing the freshest and highest quality coffee beans. But what sets our coffee apart is the variety of methods we use to extract the best flavours.<\/p>\n\n\n\n<details class=\"wp-block-details is-layout-flow wp-block-details-is-layout-flow\"><summary>Read More<\/summary>\n<p class=\"has-contrast-light-background-color has-background\">We tailor our roasting methods to each type of bean, adjusting the time, temperature and airflow to ensure the perfect balance of flavour and aroma. Our roastery uses both traditional and innovative methods, from slow roasting to bring out the complex flavour notes to fast roasting for a bright and vibrant taste. But the roasting doesn't stop there - we also ensure that every step, from grinding to packaging, is carried out with freshness in mind so that.<\/p>\n<\/details>\n\n\n\n<p><\/p>\n\n\n\n<div class=\"wp-block-uagb-image uagb-block-fc917390 wp-block-uagb-image--layout-default wp-block-uagb-image--effect-static wp-block-uagb-image--align-none\"><figure class=\"wp-block-uagb-image__figure\"><img decoding=\"async\" srcset=\"https:\/\/roofroast.com\/wp-content\/uploads\/2024\/10\/pexels-photo-4109747-4109747.jpg ,https:\/\/roofroast.com\/wp-content\/uploads\/2024\/10\/pexels-photo-4109747-4109747.jpg 780w, https:\/\/roofroast.com\/wp-content\/uploads\/2024\/10\/pexels-photo-4109747-4109747.jpg 360w\" sizes=\"auto, (max-width: 480px) 150px\" src=\"https:\/\/roofroast.com\/wp-content\/uploads\/2024\/10\/pexels-photo-4109747-4109747.jpg\" alt=\"Brown Coffee Beans\" class=\"uag-image-1610\" width=\"1200\" height=\"627\" title=\"pexels-photo-4109747-4109747\" loading=\"lazy\" role=\"img\"\/><\/figure><\/div>\n\n\n\n<p><strong>Making coffee cups: the art of coffee tasting<\/strong><\/p>\n\n\n\n<p class=\"has-contrast-light-background-color has-background\">Tasting Roof Roast coffee is an essential part of our commitment to quality. This specialised tasting process allows us to assess the aroma, flavour and overall profile of each roast. During the tasting process, we carefully assess the unique characteristics of each coffee, from sweetness and acidity to body and aftertaste.<\/p>\n\n\n\n<details class=\"wp-block-details is-layout-flow wp-block-details-is-layout-flow\"><summary>Read More<\/summary>\n<p class=\"has-contrast-light-background-color has-background\">Our cupping sessions are both scientific and sensory. We start by grinding the beans and pouring hot water over them to bring out the natural aromas. After letting the coffee soak, we 'break the crust' and sip it to get the flavour profile across the palate. This method ensures that we capture the true essence of the coffee, discovering even the subtlest notes. By carefully tasting each roast, we can ensure that only the best coffee goes into your cup. Whether it's floral, fruity or chocolaty, tasting the coffee helps us to refine each flavour so that every Roof Roast batch reflects the highest standards of freshness and quality. This description highlights the importance of cupping in ensuring consistency and quality of flavour, and provides information about the meticulous tasting process at Roof Roast.<\/p>\n<\/details>\n\n\n\n<p><\/p>\n\n\n\n<p><\/p>","protected":false},"excerpt":{"rendered":"<p>kas daro m\u016bs\u0173 kav\u0105 skani\u0105 ir \u0161vie\u017ei\u0105 \u201eRoof Roast\u201c tiki, kad tikrai puiki kava &#8211; tai aistros ir tikslumo rezultatas. Kelion\u0117 \u012f gard\u0173 puodel\u012f prasideda nuo \u0161vie\u017eiausi\u0173 ir kokybi\u0161kiausi\u0173 kavos pupeli\u0173 pasirinkimo. Ta\u010diau m\u016bs\u0173 kava i\u0161siskiria \u012fvairiais metodais, kuriuos naudojame geriausiems skoniams i\u0161gauti. Kavos puodeli\u0173 ruo\u0161imas: Kavos degustavimo menas \u201eRoof Roast\u201c kavos ragavimas yra esmin\u0117 [&hellip;]<\/p>\n","protected":false},"author":1,"featured_media":0,"parent":0,"menu_order":0,"comment_status":"closed","ping_status":"closed","template":"","meta":{"_uag_custom_page_level_css":"","_monsterinsights_skip_tracking":false,"_monsterinsights_sitenote_active":false,"_monsterinsights_sitenote_note":"","_monsterinsights_sitenote_category":0,"footnotes":""},"class_list":["post-1605","page","type-page","status-publish","hentry"],"yoast_head":"<!-- This site is optimized with the Yoast SEO plugin v27.6 - https:\/\/yoast.com\/product\/yoast-seo-wordpress\/ -->\n<title>Roof Roast (Kavos skrudintojai Klaipedoje)<\/title>\n<meta name=\"description\" content=\"Kod\u0117l renkiesi Roof Roast skrudintas pupeles?Nes m\u016bs\u0173 \u2013 daugiau nei paprastos pupel\u0117s.Kiekviename puodelyje pasakojame istorij\u0105.Skrudinama Klaip\u0117doje, susitelk\u0119 \u012f skon\u012f, pami\u0161\u0119 d\u0117l juodos kavos.Prad\u0117k savo istorij\u0105 su Roof Roast.\" \/>\n<meta name=\"robots\" content=\"index, follow, max-snippet:-1, max-image-preview:large, max-video-preview:-1\" \/>\n<link rel=\"canonical\" href=\"https:\/\/roofroast.com\/en\/delicious-and-fresh\/\" \/>\n<meta property=\"og:locale\" content=\"en_GB\" \/>\n<meta property=\"og:type\" content=\"article\" \/>\n<meta property=\"og:title\" content=\"Roof Roast (Kavos skrudintojai Klaipedoje)\" \/>\n<meta property=\"og:description\" content=\"Kod\u0117l renkiesi Roof Roast skrudintas pupeles?Nes m\u016bs\u0173 \u2013 daugiau nei paprastos pupel\u0117s.Kiekviename puodelyje pasakojame istorij\u0105.Skrudinama Klaip\u0117doje, susitelk\u0119 \u012f skon\u012f, pami\u0161\u0119 d\u0117l juodos kavos.Prad\u0117k savo istorij\u0105 su Roof Roast.\" \/>\n<meta property=\"og:url\" content=\"https:\/\/roofroast.com\/en\/delicious-and-fresh\/\" \/>\n<meta property=\"og:site_name\" content=\"ROOF ROAST\" \/>\n<meta property=\"article:publisher\" content=\"https:\/\/www.facebook.com\/roofroast.lt\" \/>\n<meta property=\"article:modified_time\" content=\"2025-05-17T11:21:55+00:00\" \/>\n<meta property=\"og:image\" content=\"https:\/\/roofroast.com\/wp-content\/uploads\/2024\/10\/pexels-photo-12165306-12165306-1024x535.jpg\" \/>\n<meta name=\"twitter:card\" content=\"summary_large_image\" \/>\n<meta name=\"twitter:label1\" content=\"Estimated reading time\" \/>\n\t<meta name=\"twitter:data1\" content=\"3 minutes\" \/>\n<script type=\"application\/ld+json\" class=\"yoast-schema-graph\">{\"@context\":\"https:\\\/\\\/schema.org\",\"@graph\":[{\"@type\":\"WebPage\",\"@id\":\"https:\\\/\\\/roofroast.com\\\/delicious-and-fresh\\\/\",\"url\":\"https:\\\/\\\/roofroast.com\\\/delicious-and-fresh\\\/\",\"name\":\"Roof Roast (Kavos skrudintojai Klaipedoje)\",\"isPartOf\":{\"@id\":\"https:\\\/\\\/roofroast.com\\\/#website\"},\"primaryImageOfPage\":{\"@id\":\"https:\\\/\\\/roofroast.com\\\/delicious-and-fresh\\\/#primaryimage\"},\"image\":{\"@id\":\"https:\\\/\\\/roofroast.com\\\/delicious-and-fresh\\\/#primaryimage\"},\"thumbnailUrl\":\"https:\\\/\\\/roofroast.com\\\/wp-content\\\/uploads\\\/2024\\\/10\\\/pexels-photo-12165306-12165306-1024x535.jpg\",\"datePublished\":\"2024-10-06T16:39:07+00:00\",\"dateModified\":\"2025-05-17T11:21:55+00:00\",\"description\":\"Kod\u0117l renkiesi Roof Roast skrudintas pupeles?Nes m\u016bs\u0173 \u2013 daugiau nei paprastos pupel\u0117s.Kiekviename puodelyje pasakojame istorij\u0105.Skrudinama Klaip\u0117doje, susitelk\u0119 \u012f skon\u012f, pami\u0161\u0119 d\u0117l juodos kavos.Prad\u0117k savo istorij\u0105 su Roof Roast.\",\"breadcrumb\":{\"@id\":\"https:\\\/\\\/roofroast.com\\\/delicious-and-fresh\\\/#breadcrumb\"},\"inLanguage\":\"en-GB\",\"potentialAction\":[{\"@type\":\"ReadAction\",\"target\":[\"https:\\\/\\\/roofroast.com\\\/delicious-and-fresh\\\/\"]}]},{\"@type\":\"ImageObject\",\"inLanguage\":\"en-GB\",\"@id\":\"https:\\\/\\\/roofroast.com\\\/delicious-and-fresh\\\/#primaryimage\",\"url\":\"https:\\\/\\\/roofroast.com\\\/wp-content\\\/uploads\\\/2024\\\/10\\\/pexels-photo-12165306-12165306-1024x535.jpg\",\"contentUrl\":\"https:\\\/\\\/roofroast.com\\\/wp-content\\\/uploads\\\/2024\\\/10\\\/pexels-photo-12165306-12165306-1024x535.jpg\"},{\"@type\":\"BreadcrumbList\",\"@id\":\"https:\\\/\\\/roofroast.com\\\/delicious-and-fresh\\\/#breadcrumb\",\"itemListElement\":[{\"@type\":\"ListItem\",\"position\":1,\"name\":\"Home\",\"item\":\"https:\\\/\\\/roofroast.com\\\/\"},{\"@type\":\"ListItem\",\"position\":2,\"name\":\"Kas Daro M\u016bs\u0173 Kav\u0105 Skani\u0105 Ir \u0160vie\u017ei\u0105\"}]},{\"@type\":\"WebSite\",\"@id\":\"https:\\\/\\\/roofroast.com\\\/#website\",\"url\":\"https:\\\/\\\/roofroast.com\\\/\",\"name\":\"Roof Roast\",\"description\":\"Roof Roast (Kavos skrudintojai Klaipedoje)\",\"publisher\":{\"@id\":\"https:\\\/\\\/roofroast.com\\\/#organization\"},\"alternateName\":\"Roof Roast (Kavos skrudintojai Klaipedoje)\",\"potentialAction\":[{\"@type\":\"SearchAction\",\"target\":{\"@type\":\"EntryPoint\",\"urlTemplate\":\"https:\\\/\\\/roofroast.com\\\/?s={search_term_string}\"},\"query-input\":{\"@type\":\"PropertyValueSpecification\",\"valueRequired\":true,\"valueName\":\"search_term_string\"}}],\"inLanguage\":\"en-GB\"},{\"@type\":\"Organization\",\"@id\":\"https:\\\/\\\/roofroast.com\\\/#organization\",\"name\":\"Roof Roast (Kavos skrudintojai Klaipedoje)\",\"alternateName\":\"Roof Roast\",\"url\":\"https:\\\/\\\/roofroast.com\\\/\",\"logo\":{\"@type\":\"ImageObject\",\"inLanguage\":\"en-GB\",\"@id\":\"https:\\\/\\\/roofroast.com\\\/#\\\/schema\\\/logo\\\/image\\\/\",\"url\":\"https:\\\/\\\/roofroast.com\\\/wp-content\\\/uploads\\\/2024\\\/09\\\/cropped-cropped-IMG_6146.png\",\"contentUrl\":\"https:\\\/\\\/roofroast.com\\\/wp-content\\\/uploads\\\/2024\\\/09\\\/cropped-cropped-IMG_6146.png\",\"width\":512,\"height\":484,\"caption\":\"Roof Roast (Kavos skrudintojai Klaipedoje)\"},\"image\":{\"@id\":\"https:\\\/\\\/roofroast.com\\\/#\\\/schema\\\/logo\\\/image\\\/\"},\"sameAs\":[\"https:\\\/\\\/www.facebook.com\\\/roofroast.lt\",\"https:\\\/\\\/www.youtube.com\\\/@roofroast\",\"https:\\\/\\\/www.tiktok.com\\\/@roofroast?_t=ZN-8vMRvgnZR0o&_r=1\",\"https:\\\/\\\/www.instagram.com\\\/roofroastlt\\\/\"]}]}<\/script>\n<!-- \/ Yoast SEO plugin. -->","yoast_head_json":{"title":"Roof Roast (Kavos skrudintojai Klaipedoje)","description":"Kod\u0117l renkiesi Roof Roast skrudintas pupeles?Nes m\u016bs\u0173 \u2013 daugiau nei paprastos pupel\u0117s.Kiekviename puodelyje pasakojame istorij\u0105.Skrudinama Klaip\u0117doje, susitelk\u0119 \u012f skon\u012f, pami\u0161\u0119 d\u0117l juodos kavos.Prad\u0117k savo istorij\u0105 su Roof Roast.","robots":{"index":"index","follow":"follow","max-snippet":"max-snippet:-1","max-image-preview":"max-image-preview:large","max-video-preview":"max-video-preview:-1"},"canonical":"https:\/\/roofroast.com\/en\/delicious-and-fresh\/","og_locale":"en_GB","og_type":"article","og_title":"Roof Roast (Kavos skrudintojai Klaipedoje)","og_description":"Kod\u0117l renkiesi Roof Roast skrudintas pupeles?Nes m\u016bs\u0173 \u2013 daugiau nei paprastos pupel\u0117s.Kiekviename puodelyje pasakojame istorij\u0105.Skrudinama Klaip\u0117doje, susitelk\u0119 \u012f skon\u012f, pami\u0161\u0119 d\u0117l juodos kavos.Prad\u0117k savo istorij\u0105 su Roof Roast.","og_url":"https:\/\/roofroast.com\/en\/delicious-and-fresh\/","og_site_name":"ROOF ROAST","article_publisher":"https:\/\/www.facebook.com\/roofroast.lt","article_modified_time":"2025-05-17T11:21:55+00:00","og_image":[{"url":"https:\/\/roofroast.com\/wp-content\/uploads\/2024\/10\/pexels-photo-12165306-12165306-1024x535.jpg","type":"","width":"","height":""}],"twitter_card":"summary_large_image","twitter_misc":{"Estimated reading time":"3 minutes"},"schema":{"@context":"https:\/\/schema.org","@graph":[{"@type":"WebPage","@id":"https:\/\/roofroast.com\/delicious-and-fresh\/","url":"https:\/\/roofroast.com\/delicious-and-fresh\/","name":"Roof Roast (Kavos skrudintojai Klaipedoje)","isPartOf":{"@id":"https:\/\/roofroast.com\/#website"},"primaryImageOfPage":{"@id":"https:\/\/roofroast.com\/delicious-and-fresh\/#primaryimage"},"image":{"@id":"https:\/\/roofroast.com\/delicious-and-fresh\/#primaryimage"},"thumbnailUrl":"https:\/\/roofroast.com\/wp-content\/uploads\/2024\/10\/pexels-photo-12165306-12165306-1024x535.jpg","datePublished":"2024-10-06T16:39:07+00:00","dateModified":"2025-05-17T11:21:55+00:00","description":"Kod\u0117l renkiesi Roof Roast skrudintas pupeles?Nes m\u016bs\u0173 \u2013 daugiau nei paprastos pupel\u0117s.Kiekviename puodelyje pasakojame istorij\u0105.Skrudinama Klaip\u0117doje, susitelk\u0119 \u012f skon\u012f, pami\u0161\u0119 d\u0117l juodos kavos.Prad\u0117k savo istorij\u0105 su Roof Roast.","breadcrumb":{"@id":"https:\/\/roofroast.com\/delicious-and-fresh\/#breadcrumb"},"inLanguage":"en-GB","potentialAction":[{"@type":"ReadAction","target":["https:\/\/roofroast.com\/delicious-and-fresh\/"]}]},{"@type":"ImageObject","inLanguage":"en-GB","@id":"https:\/\/roofroast.com\/delicious-and-fresh\/#primaryimage","url":"https:\/\/roofroast.com\/wp-content\/uploads\/2024\/10\/pexels-photo-12165306-12165306-1024x535.jpg","contentUrl":"https:\/\/roofroast.com\/wp-content\/uploads\/2024\/10\/pexels-photo-12165306-12165306-1024x535.jpg"},{"@type":"BreadcrumbList","@id":"https:\/\/roofroast.com\/delicious-and-fresh\/#breadcrumb","itemListElement":[{"@type":"ListItem","position":1,"name":"Home","item":"https:\/\/roofroast.com\/"},{"@type":"ListItem","position":2,"name":"Kas Daro M\u016bs\u0173 Kav\u0105 Skani\u0105 Ir \u0160vie\u017ei\u0105"}]},{"@type":"WebSite","@id":"https:\/\/roofroast.com\/#website","url":"https:\/\/roofroast.com\/","name":"Roof Roast","description":"Roof Roast (Kavos skrudintojai Klaipedoje)","publisher":{"@id":"https:\/\/roofroast.com\/#organization"},"alternateName":"Roof Roast (Kavos skrudintojai Klaipedoje)","potentialAction":[{"@type":"SearchAction","target":{"@type":"EntryPoint","urlTemplate":"https:\/\/roofroast.com\/?s={search_term_string}"},"query-input":{"@type":"PropertyValueSpecification","valueRequired":true,"valueName":"search_term_string"}}],"inLanguage":"en-GB"},{"@type":"Organization","@id":"https:\/\/roofroast.com\/#organization","name":"Roof Roast (Kavos skrudintojai Klaipedoje)","alternateName":"Roof Roast","url":"https:\/\/roofroast.com\/","logo":{"@type":"ImageObject","inLanguage":"en-GB","@id":"https:\/\/roofroast.com\/#\/schema\/logo\/image\/","url":"https:\/\/roofroast.com\/wp-content\/uploads\/2024\/09\/cropped-cropped-IMG_6146.png","contentUrl":"https:\/\/roofroast.com\/wp-content\/uploads\/2024\/09\/cropped-cropped-IMG_6146.png","width":512,"height":484,"caption":"Roof Roast (Kavos skrudintojai Klaipedoje)"},"image":{"@id":"https:\/\/roofroast.com\/#\/schema\/logo\/image\/"},"sameAs":["https:\/\/www.facebook.com\/roofroast.lt","https:\/\/www.youtube.com\/@roofroast","https:\/\/www.tiktok.com\/@roofroast?_t=ZN-8vMRvgnZR0o&_r=1","https:\/\/www.instagram.com\/roofroastlt\/"]}]}},"uagb_featured_image_src":{"full":false,"thumbnail":false,"medium":false,"medium_large":false,"large":false,"1536x1536":false,"2048x2048":false,"trp-custom-language-flag":false,"woocommerce_thumbnail":false,"woocommerce_single":false,"woocommerce_gallery_thumbnail":false},"uagb_author_info":{"display_name":"Roman Bogatyr","author_link":"https:\/\/roofroast.com\/en\/author\/roofroastgmail-com\/"},"uagb_comment_info":0,"uagb_excerpt":"kas daro m\u016bs\u0173 kav\u0105 skani\u0105 ir \u0161vie\u017ei\u0105 \u201eRoof Roast\u201c tiki, kad tikrai puiki kava &#8211; tai aistros ir tikslumo rezultatas. Kelion\u0117 \u012f gard\u0173 puodel\u012f prasideda nuo \u0161vie\u017eiausi\u0173 ir kokybi\u0161kiausi\u0173 kavos pupeli\u0173 pasirinkimo. Ta\u010diau m\u016bs\u0173 kava i\u0161siskiria \u012fvairiais metodais, kuriuos naudojame geriausiems skoniams i\u0161gauti. Kavos puodeli\u0173 ruo\u0161imas: Kavos degustavimo menas \u201eRoof Roast\u201c kavos ragavimas yra esmin\u0117&hellip;","_links":{"self":[{"href":"https:\/\/roofroast.com\/en\/wp-json\/wp\/v2\/pages\/1605","targetHints":{"allow":["GET"]}}],"collection":[{"href":"https:\/\/roofroast.com\/en\/wp-json\/wp\/v2\/pages"}],"about":[{"href":"https:\/\/roofroast.com\/en\/wp-json\/wp\/v2\/types\/page"}],"author":[{"embeddable":true,"href":"https:\/\/roofroast.com\/en\/wp-json\/wp\/v2\/users\/1"}],"replies":[{"embeddable":true,"href":"https:\/\/roofroast.com\/en\/wp-json\/wp\/v2\/comments?post=1605"}],"version-history":[{"count":15,"href":"https:\/\/roofroast.com\/en\/wp-json\/wp\/v2\/pages\/1605\/revisions"}],"predecessor-version":[{"id":3314,"href":"https:\/\/roofroast.com\/en\/wp-json\/wp\/v2\/pages\/1605\/revisions\/3314"}],"wp:attachment":[{"href":"https:\/\/roofroast.com\/en\/wp-json\/wp\/v2\/media?parent=1605"}],"curies":[{"name":"wp","href":"https:\/\/api.w.org\/{rel}","templated":true}]}}