{"id":2789,"date":"2025-03-04T19:11:21","date_gmt":"2025-03-04T19:11:21","guid":{"rendered":"https:\/\/roofroast.com\/?page_id=2789"},"modified":"2025-05-20T18:25:24","modified_gmt":"2025-05-20T18:25:24","slug":"slapuku-politika","status":"publish","type":"page","link":"https:\/\/roofroast.com\/en\/slapuku-politika\/","title":{"rendered":"Cookie Policy"},"content":{"rendered":"<div class=\"wp-block-uagb-advanced-heading uagb-block-b7869350\"><h3 class=\"uagb-heading-text\">Cookie Policy<\/h3><\/div>\n\n\n\n<p>RoofRoast.com vertina j\u016bs\u0173 privatum\u0105 ir yra \u012fsipareigojusi skaidriai informuoti apie tai, kaip renkame ir naudojame duomenis. \u0160ioje Slapuk\u0173 politikoje paai\u0161kinama, kaip naudojame slapukus ir pana\u0161ias technologijas savo svetain\u0117je Roofroast.com (toliau &#8211; Svetain\u0117).<\/p>\n\n\n\n<p>Naudodamiesi m\u016bs\u0173 Svetaine, j\u016bs sutinkate, kad mes naudojame slapukus, kaip nurodyta \u0161ioje Slapuk\u0173 politikoje.<\/p>\n\n\n\n<p>Kas yra slapukai?<\/p>\n\n\n\n<p>Slapukai &#8211; tai nedideli tekstiniai failai, kurie \u012fra\u0161omi \u012f j\u016bs\u0173 \u012frengin\u012f, kai lankot\u0117s svetain\u0117je. \u0160ie slapukai padeda pagerinti j\u016bs\u0173 naudotojo patirt\u012f, nes leid\u017eia svetainei \u012fsiminti j\u016bs\u0173 pageidavimus ir atlikti tam tikras funkcijas, pavyzd\u017eiui, sekti svetain\u0117s naudojim\u0105 arba pateikti suasmenint\u0105 turin\u012f.<\/p>\n\n\n\n<p>M\u016bs\u0173 naudojam\u0173 slapuk\u0173 tipai<\/p>\n\n\n\n<p>Savo svetain\u0117je naudojame \u0161i\u0173 kategorij\u0173 slapukus:<\/p>\n\n\n\n<ol class=\"wp-block-list\">\n<li>B\u016btinieji slapukai<\/li>\n<\/ol>\n\n\n\n<p>B\u016btini slapukai yra b\u016btini pagrindin\u0117ms svetain\u0117s funkcijoms u\u017etikrinti. \u0160ie slapukai leid\u017eia naudotis pagrindin\u0117mis funkcijomis, pavyzd\u017eiui, puslapio navigacija ir prieiga prie saugi\u0173 svetain\u0117s sri\u010di\u0173. Be \u0161i\u0173 slapuk\u0173 svetain\u0117 negali tinkamai veikti.<br>&#8211; Pavyzdys: \u012esiminti j\u016bs\u0173 pasirinkt\u0105 kalb\u0105.<\/p>\n\n\n\n<ol start=\"2\" class=\"wp-block-list\">\n<li>Veikimo \/ analiz\u0117s slapukai<\/li>\n<\/ol>\n\n\n\n<p>\u0160ie slapukai renka informacij\u0105 apie tai, kaip lankytojai naudojasi m\u016bs\u0173 svetaine, pavyzd\u017eiui, kokius puslapius lanko da\u017eniausiai ir ar gauna tinklalapi\u0173 klaid\u0173 prane\u0161imus. \u0160ie slapukai padeda mums pagerinti m\u016bs\u0173 svetain\u0117s veikim\u0105.<br>&#8211; Pavyzdys: \u201eGoogle Analytics\u201c, kuris stebi naudotoj\u0173 s\u0105veik\u0105 su m\u016bs\u0173 svetaine ir padeda mums suprasti, kaip galime tobul\u0117ti.<\/p>\n\n\n\n<ol start=\"3\" class=\"wp-block-list\">\n<li>Funkciniai slapukai<\/li>\n<\/ol>\n\n\n\n<p>Funkciniai slapukai leid\u017eia svetainei \u012fsiminti j\u016bs\u0173 praeityje padarytus pasirinkimus, pavyzd\u017eiui, vartotojo vard\u0105, kalbos nuostatas arba region\u0105. Tai padeda mums teikti labiau suasmenint\u0105 ir patobulint\u0105 naudotojo patirt\u012f.<br>&#8211; Pavyzdys: Prisijungimo informacijos ar nuostat\u0173 i\u0161saugojimas.<\/p>\n\n\n\n<ol start=\"4\" class=\"wp-block-list\">\n<li>Reklamos \/ tiksliniai slapukai<\/li>\n<\/ol>\n\n\n\n<p>\u0160ie slapukai naudojami siekiant pateikti jums ir j\u016bs\u0173 interesams tinkamesnes reklamas. Jie taip pat naudojami siekiant apriboti j\u016bs\u0173<\/p>\n\n\n\n<p class=\"has-text-align-right\"><br>Paskutin\u012f kart\u0105 atnaujinta: 2025-01-01<\/p>","protected":false},"excerpt":{"rendered":"<p>Slapuk\u0173 politika RoofRoast.com vertina j\u016bs\u0173 privatum\u0105 ir yra \u012fsipareigojusi skaidriai informuoti apie tai, kaip renkame ir naudojame duomenis. \u0160ioje Slapuk\u0173 politikoje paai\u0161kinama, kaip naudojame slapukus ir pana\u0161ias technologijas savo svetain\u0117je Roofroast.com (toliau &#8211; Svetain\u0117). Naudodamiesi m\u016bs\u0173 Svetaine, j\u016bs sutinkate, kad mes naudojame slapukus, kaip nurodyta \u0161ioje Slapuk\u0173 politikoje. Kas yra slapukai? Slapukai &#8211; tai nedideli [&hellip;]<\/p>\n","protected":false},"author":1,"featured_media":0,"parent":0,"menu_order":0,"comment_status":"closed","ping_status":"closed","template":"","meta":{"_uag_custom_page_level_css":"","_monsterinsights_skip_tracking":false,"_monsterinsights_sitenote_active":false,"_monsterinsights_sitenote_note":"","_monsterinsights_sitenote_category":0,"footnotes":""},"class_list":["post-2789","page","type-page","status-publish","hentry"],"yoast_head":"<!-- This site is optimized with the Yoast SEO plugin v27.6 - https:\/\/yoast.com\/product\/yoast-seo-wordpress\/ -->\n<title>Slapuk\u0173 politika | Roof Roast (Kavos skrudintojai Klaipedoje)<\/title>\n<meta name=\"description\" content=\"Kod\u0117l renkiesi Roof Roast skrudintas pupeles?Nes m\u016bs\u0173 \u2013 daugiau nei paprastos pupel\u0117s.Kiekviename puodelyje pasakojame istorij\u0105.Skrudinama Klaip\u0117doje, susitelk\u0119 \u012f skon\u012f, pami\u0161\u0119 d\u0117l juodos kavos.Prad\u0117k savo istorij\u0105 su Roof Roast.\" \/>\n<meta name=\"robots\" content=\"index, follow, max-snippet:-1, max-image-preview:large, max-video-preview:-1\" \/>\n<link rel=\"canonical\" href=\"https:\/\/roofroast.com\/en\/slapuku-politika\/\" \/>\n<meta property=\"og:locale\" content=\"en_GB\" \/>\n<meta property=\"og:type\" content=\"article\" \/>\n<meta property=\"og:title\" content=\"Slapuk\u0173 politika | Roof Roast (Kavos skrudintojai Klaipedoje)\" \/>\n<meta property=\"og:description\" content=\"Kod\u0117l renkiesi Roof Roast skrudintas pupeles?Nes m\u016bs\u0173 \u2013 daugiau nei paprastos pupel\u0117s.Kiekviename puodelyje pasakojame istorij\u0105.Skrudinama Klaip\u0117doje, susitelk\u0119 \u012f skon\u012f, pami\u0161\u0119 d\u0117l juodos kavos.Prad\u0117k savo istorij\u0105 su Roof Roast.\" \/>\n<meta property=\"og:url\" content=\"https:\/\/roofroast.com\/en\/slapuku-politika\/\" \/>\n<meta property=\"og:site_name\" content=\"ROOF ROAST\" \/>\n<meta property=\"article:publisher\" content=\"https:\/\/www.facebook.com\/roofroast.lt\" \/>\n<meta property=\"article:modified_time\" content=\"2025-05-20T18:25:24+00:00\" \/>\n<meta property=\"og:image\" content=\"https:\/\/roofroast.com\/wp-content\/uploads\/2025\/03\/DSC08038-1-scaled.jpeg\" \/>\n\t<meta property=\"og:image:width\" content=\"2560\" \/>\n\t<meta property=\"og:image:height\" content=\"1707\" \/>\n\t<meta property=\"og:image:type\" content=\"image\/jpeg\" \/>\n<meta name=\"twitter:card\" content=\"summary_large_image\" \/>\n<meta name=\"twitter:label1\" content=\"Estimated reading time\" \/>\n\t<meta name=\"twitter:data1\" content=\"2 minutes\" \/>\n<script type=\"application\/ld+json\" class=\"yoast-schema-graph\">{\"@context\":\"https:\\\/\\\/schema.org\",\"@graph\":[{\"@type\":\"WebPage\",\"@id\":\"https:\\\/\\\/roofroast.com\\\/slapuku-politika\\\/\",\"url\":\"https:\\\/\\\/roofroast.com\\\/slapuku-politika\\\/\",\"name\":\"Slapuk\u0173 politika | Roof Roast (Kavos skrudintojai Klaipedoje)\",\"isPartOf\":{\"@id\":\"https:\\\/\\\/roofroast.com\\\/#website\"},\"datePublished\":\"2025-03-04T19:11:21+00:00\",\"dateModified\":\"2025-05-20T18:25:24+00:00\",\"description\":\"Kod\u0117l renkiesi Roof Roast skrudintas pupeles?Nes m\u016bs\u0173 \u2013 daugiau nei paprastos pupel\u0117s.Kiekviename puodelyje pasakojame istorij\u0105.Skrudinama Klaip\u0117doje, susitelk\u0119 \u012f skon\u012f, pami\u0161\u0119 d\u0117l juodos kavos.Prad\u0117k savo istorij\u0105 su Roof Roast.\",\"breadcrumb\":{\"@id\":\"https:\\\/\\\/roofroast.com\\\/slapuku-politika\\\/#breadcrumb\"},\"inLanguage\":\"en-GB\",\"potentialAction\":[{\"@type\":\"ReadAction\",\"target\":[\"https:\\\/\\\/roofroast.com\\\/slapuku-politika\\\/\"]}]},{\"@type\":\"BreadcrumbList\",\"@id\":\"https:\\\/\\\/roofroast.com\\\/slapuku-politika\\\/#breadcrumb\",\"itemListElement\":[{\"@type\":\"ListItem\",\"position\":1,\"name\":\"Home\",\"item\":\"https:\\\/\\\/roofroast.com\\\/\"},{\"@type\":\"ListItem\",\"position\":2,\"name\":\"Slapuk\u0173 politika\"}]},{\"@type\":\"WebSite\",\"@id\":\"https:\\\/\\\/roofroast.com\\\/#website\",\"url\":\"https:\\\/\\\/roofroast.com\\\/\",\"name\":\"Roof Roast\",\"description\":\"Roof Roast (Kavos skrudintojai Klaipedoje)\",\"publisher\":{\"@id\":\"https:\\\/\\\/roofroast.com\\\/#organization\"},\"alternateName\":\"Roof Roast (Kavos skrudintojai Klaipedoje)\",\"potentialAction\":[{\"@type\":\"SearchAction\",\"target\":{\"@type\":\"EntryPoint\",\"urlTemplate\":\"https:\\\/\\\/roofroast.com\\\/?s={search_term_string}\"},\"query-input\":{\"@type\":\"PropertyValueSpecification\",\"valueRequired\":true,\"valueName\":\"search_term_string\"}}],\"inLanguage\":\"en-GB\"},{\"@type\":\"Organization\",\"@id\":\"https:\\\/\\\/roofroast.com\\\/#organization\",\"name\":\"Roof Roast (Kavos skrudintojai Klaipedoje)\",\"alternateName\":\"Roof Roast\",\"url\":\"https:\\\/\\\/roofroast.com\\\/\",\"logo\":{\"@type\":\"ImageObject\",\"inLanguage\":\"en-GB\",\"@id\":\"https:\\\/\\\/roofroast.com\\\/#\\\/schema\\\/logo\\\/image\\\/\",\"url\":\"https:\\\/\\\/roofroast.com\\\/wp-content\\\/uploads\\\/2024\\\/09\\\/cropped-cropped-IMG_6146.png\",\"contentUrl\":\"https:\\\/\\\/roofroast.com\\\/wp-content\\\/uploads\\\/2024\\\/09\\\/cropped-cropped-IMG_6146.png\",\"width\":512,\"height\":484,\"caption\":\"Roof Roast (Kavos skrudintojai Klaipedoje)\"},\"image\":{\"@id\":\"https:\\\/\\\/roofroast.com\\\/#\\\/schema\\\/logo\\\/image\\\/\"},\"sameAs\":[\"https:\\\/\\\/www.facebook.com\\\/roofroast.lt\",\"https:\\\/\\\/www.youtube.com\\\/@roofroast\",\"https:\\\/\\\/www.tiktok.com\\\/@roofroast?_t=ZN-8vMRvgnZR0o&_r=1\",\"https:\\\/\\\/www.instagram.com\\\/roofroastlt\\\/\"]}]}<\/script>\n<!-- \/ Yoast SEO plugin. -->","yoast_head_json":{"title":"Slapuk\u0173 politika | Roof Roast (Kavos skrudintojai Klaipedoje)","description":"Kod\u0117l renkiesi Roof Roast skrudintas pupeles?Nes m\u016bs\u0173 \u2013 daugiau nei paprastos pupel\u0117s.Kiekviename puodelyje pasakojame istorij\u0105.Skrudinama Klaip\u0117doje, susitelk\u0119 \u012f skon\u012f, pami\u0161\u0119 d\u0117l juodos kavos.Prad\u0117k savo istorij\u0105 su Roof Roast.","robots":{"index":"index","follow":"follow","max-snippet":"max-snippet:-1","max-image-preview":"max-image-preview:large","max-video-preview":"max-video-preview:-1"},"canonical":"https:\/\/roofroast.com\/en\/slapuku-politika\/","og_locale":"en_GB","og_type":"article","og_title":"Slapuk\u0173 politika | Roof Roast (Kavos skrudintojai Klaipedoje)","og_description":"Kod\u0117l renkiesi Roof Roast skrudintas pupeles?Nes m\u016bs\u0173 \u2013 daugiau nei paprastos pupel\u0117s.Kiekviename puodelyje pasakojame istorij\u0105.Skrudinama Klaip\u0117doje, susitelk\u0119 \u012f skon\u012f, pami\u0161\u0119 d\u0117l juodos kavos.Prad\u0117k savo istorij\u0105 su Roof Roast.","og_url":"https:\/\/roofroast.com\/en\/slapuku-politika\/","og_site_name":"ROOF ROAST","article_publisher":"https:\/\/www.facebook.com\/roofroast.lt","article_modified_time":"2025-05-20T18:25:24+00:00","og_image":[{"width":2560,"height":1707,"url":"https:\/\/roofroast.com\/wp-content\/uploads\/2025\/03\/DSC08038-1-scaled.jpeg","type":"image\/jpeg"}],"twitter_card":"summary_large_image","twitter_misc":{"Estimated reading time":"2 minutes"},"schema":{"@context":"https:\/\/schema.org","@graph":[{"@type":"WebPage","@id":"https:\/\/roofroast.com\/slapuku-politika\/","url":"https:\/\/roofroast.com\/slapuku-politika\/","name":"Slapuk\u0173 politika | Roof Roast (Kavos skrudintojai Klaipedoje)","isPartOf":{"@id":"https:\/\/roofroast.com\/#website"},"datePublished":"2025-03-04T19:11:21+00:00","dateModified":"2025-05-20T18:25:24+00:00","description":"Kod\u0117l renkiesi Roof Roast skrudintas pupeles?Nes m\u016bs\u0173 \u2013 daugiau nei paprastos pupel\u0117s.Kiekviename puodelyje pasakojame istorij\u0105.Skrudinama Klaip\u0117doje, susitelk\u0119 \u012f skon\u012f, pami\u0161\u0119 d\u0117l juodos kavos.Prad\u0117k savo istorij\u0105 su Roof Roast.","breadcrumb":{"@id":"https:\/\/roofroast.com\/slapuku-politika\/#breadcrumb"},"inLanguage":"en-GB","potentialAction":[{"@type":"ReadAction","target":["https:\/\/roofroast.com\/slapuku-politika\/"]}]},{"@type":"BreadcrumbList","@id":"https:\/\/roofroast.com\/slapuku-politika\/#breadcrumb","itemListElement":[{"@type":"ListItem","position":1,"name":"Home","item":"https:\/\/roofroast.com\/"},{"@type":"ListItem","position":2,"name":"Slapuk\u0173 politika"}]},{"@type":"WebSite","@id":"https:\/\/roofroast.com\/#website","url":"https:\/\/roofroast.com\/","name":"Roof Roast","description":"Roof Roast (Kavos skrudintojai Klaipedoje)","publisher":{"@id":"https:\/\/roofroast.com\/#organization"},"alternateName":"Roof Roast (Kavos skrudintojai Klaipedoje)","potentialAction":[{"@type":"SearchAction","target":{"@type":"EntryPoint","urlTemplate":"https:\/\/roofroast.com\/?s={search_term_string}"},"query-input":{"@type":"PropertyValueSpecification","valueRequired":true,"valueName":"search_term_string"}}],"inLanguage":"en-GB"},{"@type":"Organization","@id":"https:\/\/roofroast.com\/#organization","name":"Roof Roast (Kavos skrudintojai Klaipedoje)","alternateName":"Roof Roast","url":"https:\/\/roofroast.com\/","logo":{"@type":"ImageObject","inLanguage":"en-GB","@id":"https:\/\/roofroast.com\/#\/schema\/logo\/image\/","url":"https:\/\/roofroast.com\/wp-content\/uploads\/2024\/09\/cropped-cropped-IMG_6146.png","contentUrl":"https:\/\/roofroast.com\/wp-content\/uploads\/2024\/09\/cropped-cropped-IMG_6146.png","width":512,"height":484,"caption":"Roof Roast (Kavos skrudintojai Klaipedoje)"},"image":{"@id":"https:\/\/roofroast.com\/#\/schema\/logo\/image\/"},"sameAs":["https:\/\/www.facebook.com\/roofroast.lt","https:\/\/www.youtube.com\/@roofroast","https:\/\/www.tiktok.com\/@roofroast?_t=ZN-8vMRvgnZR0o&_r=1","https:\/\/www.instagram.com\/roofroastlt\/"]}]}},"uagb_featured_image_src":{"full":false,"thumbnail":false,"medium":false,"medium_large":false,"large":false,"1536x1536":false,"2048x2048":false,"trp-custom-language-flag":false,"woocommerce_thumbnail":false,"woocommerce_single":false,"woocommerce_gallery_thumbnail":false},"uagb_author_info":{"display_name":"Roman Bogatyr","author_link":"https:\/\/roofroast.com\/en\/author\/roofroastgmail-com\/"},"uagb_comment_info":0,"uagb_excerpt":"Slapuk\u0173 politika RoofRoast.com vertina j\u016bs\u0173 privatum\u0105 ir yra \u012fsipareigojusi skaidriai informuoti apie tai, kaip renkame ir naudojame duomenis. \u0160ioje Slapuk\u0173 politikoje paai\u0161kinama, kaip naudojame slapukus ir pana\u0161ias technologijas savo svetain\u0117je Roofroast.com (toliau &#8211; Svetain\u0117). Naudodamiesi m\u016bs\u0173 Svetaine, j\u016bs sutinkate, kad mes naudojame slapukus, kaip nurodyta \u0161ioje Slapuk\u0173 politikoje. Kas yra slapukai? Slapukai &#8211; tai nedideli&hellip;","_links":{"self":[{"href":"https:\/\/roofroast.com\/en\/wp-json\/wp\/v2\/pages\/2789","targetHints":{"allow":["GET"]}}],"collection":[{"href":"https:\/\/roofroast.com\/en\/wp-json\/wp\/v2\/pages"}],"about":[{"href":"https:\/\/roofroast.com\/en\/wp-json\/wp\/v2\/types\/page"}],"author":[{"embeddable":true,"href":"https:\/\/roofroast.com\/en\/wp-json\/wp\/v2\/users\/1"}],"replies":[{"embeddable":true,"href":"https:\/\/roofroast.com\/en\/wp-json\/wp\/v2\/comments?post=2789"}],"version-history":[{"count":10,"href":"https:\/\/roofroast.com\/en\/wp-json\/wp\/v2\/pages\/2789\/revisions"}],"predecessor-version":[{"id":3309,"href":"https:\/\/roofroast.com\/en\/wp-json\/wp\/v2\/pages\/2789\/revisions\/3309"}],"wp:attachment":[{"href":"https:\/\/roofroast.com\/en\/wp-json\/wp\/v2\/media?parent=2789"}],"curies":[{"name":"wp","href":"https:\/\/api.w.org\/{rel}","templated":true}]}}