{"id":3068,"date":"2025-04-24T09:39:15","date_gmt":"2025-04-24T09:39:15","guid":{"rendered":"https:\/\/roofroast.com\/?page_id=3068"},"modified":"2025-06-23T10:52:43","modified_gmt":"2025-06-23T10:52:43","slug":"sumatra-arabica-coffee","status":"publish","type":"page","link":"https:\/\/roofroast.com\/en\/sumatra-arabica-coffee\/","title":{"rendered":"SUMATRA  ARABICA COFFEE  \ud83c\uddee\ud83c\udde9"},"content":{"rendered":"<p class=\"has-text-align-center has-superbfont-large-font-size\"><strong>INDONESIA SUMATRA ARABICA \ud83c\uddee\ud83c\udde9 <\/strong><\/p>\n\n\n\n<p class=\"has-text-align-center\">FRESH, CITRIC, SMOOTH, HERBAL, CEDAR, EUCALYPTUS, SPICY<br>SCA : 84.50<\/p>\n\n\n\n<div class=\"wp-block-uagb-image uagb-block-6b75a5a5 wp-block-uagb-image--layout-default wp-block-uagb-image--effect-static wp-block-uagb-image--align-none\"><figure class=\"wp-block-uagb-image__figure\"><img decoding=\"async\" srcset=\"https:\/\/roofroast.com\/wp-content\/uploads\/2025\/04\/pexels-mateo-arteaga-323524896-13819623-1024x683.jpeg ,https:\/\/roofroast.com\/wp-content\/uploads\/2025\/04\/pexels-mateo-arteaga-323524896-13819623-scaled.jpeg 780w, https:\/\/roofroast.com\/wp-content\/uploads\/2025\/04\/pexels-mateo-arteaga-323524896-13819623-scaled.jpeg 360w\" sizes=\"auto, (max-width: 480px) 150px\" src=\"https:\/\/roofroast.com\/wp-content\/uploads\/2025\/04\/pexels-mateo-arteaga-323524896-13819623-1024x683.jpeg\" alt=\"\" class=\"uag-image-3054\" width=\"1024\" height=\"683\" title=\"pexels-mateo-arteaga-323524896-13819623\" loading=\"lazy\" role=\"img\"\/><\/figure><\/div>\n\n\n\n<details class=\"wp-block-details is-layout-flow wp-container-core-details-is-layout-b4584b45 wp-block-details-is-layout-flow\"><summary>PRODUCT INFORMATION<\/summary>\n<p class=\"has-superbfont-xsmall-font-size\">Variety: Typica &amp; Caturra<\/p>\n\n\n\n<p class=\"has-superbfont-xsmall-font-size\">Region : Sumatra<\/p>\n\n\n\n<p>Process: Semi-washed<\/p>\n\n\n\n<p>Grade: Grade 1<\/p>\n\n\n\n<p>Producer: local farmers.<\/p>\n\n\n\n<p class=\"has-superbfont-xsmall-font-size\">Altitude: 1,200 - 1,450 m<\/p>\n<\/details>\n\n\n\n<details class=\"wp-block-details is-layout-flow wp-block-details-is-layout-flow\"><summary>COFFEE HISTORY<\/summary>\n<p>Coffee cultivation in Sumatra began in the late 17th century when Dutch colonists introduced Arabica plants to the region. The island's volcanic soil, high elevations and tropical climate provided ideal conditions for coffee cultivation. Over time, Sumatra has become a significant player in the global coffee market, known for its unique flavour profiles and traditional processing techniques.<\/p>\n<\/details>\n\n\n\n<p><\/p>","protected":false},"excerpt":{"rendered":"<p>INDONEZIJA SUMATRA ARABIKA CITRINA, \u0160VELNUS, KEDRAS, EUKALIPTASSCA : 84.50<\/p>","protected":false},"author":1,"featured_media":0,"parent":0,"menu_order":0,"comment_status":"closed","ping_status":"closed","template":"","meta":{"_uag_custom_page_level_css":"","_monsterinsights_skip_tracking":false,"_monsterinsights_sitenote_active":false,"_monsterinsights_sitenote_note":"","_monsterinsights_sitenote_category":0,"footnotes":""},"class_list":["post-3068","page","type-page","status-publish","hentry"],"yoast_head":"<!-- This site is optimized with the Yoast SEO plugin v27.6 - https:\/\/yoast.com\/product\/yoast-seo-wordpress\/ -->\n<title>SUMATRA ARABIKA KAVA | Roof Roast (Kavos skrudintojai Klaipedoje)<\/title>\n<meta name=\"description\" content=\"Kod\u0117l renkiesi Roof Roast skrudintas pupeles?Nes m\u016bs\u0173 \u2013 daugiau nei paprastos pupel\u0117s.Kiekviename puodelyje pasakojame istorij\u0105.Skrudinama Klaip\u0117doje, susitelk\u0119 \u012f skon\u012f, pami\u0161\u0119 d\u0117l juodos kavos.Prad\u0117k savo istorij\u0105 su Roof Roast.\" \/>\n<meta name=\"robots\" content=\"index, follow, max-snippet:-1, max-image-preview:large, max-video-preview:-1\" \/>\n<link rel=\"canonical\" href=\"https:\/\/roofroast.com\/en\/sumatra-arabica-coffee\/\" \/>\n<meta property=\"og:locale\" content=\"en_GB\" \/>\n<meta property=\"og:type\" content=\"article\" \/>\n<meta property=\"og:title\" content=\"SUMATRA ARABIKA KAVA | Roof Roast (Kavos skrudintojai Klaipedoje)\" \/>\n<meta property=\"og:description\" content=\"Kod\u0117l renkiesi Roof Roast skrudintas pupeles?Nes m\u016bs\u0173 \u2013 daugiau nei paprastos pupel\u0117s.Kiekviename puodelyje pasakojame istorij\u0105.Skrudinama Klaip\u0117doje, susitelk\u0119 \u012f skon\u012f, pami\u0161\u0119 d\u0117l juodos kavos.Prad\u0117k savo istorij\u0105 su Roof Roast.\" \/>\n<meta property=\"og:url\" content=\"https:\/\/roofroast.com\/en\/sumatra-arabica-coffee\/\" \/>\n<meta property=\"og:site_name\" content=\"ROOF ROAST\" \/>\n<meta property=\"article:publisher\" content=\"https:\/\/www.facebook.com\/roofroast.lt\" \/>\n<meta property=\"article:modified_time\" content=\"2025-06-23T10:52:43+00:00\" \/>\n<meta property=\"og:image\" content=\"https:\/\/roofroast.com\/wp-content\/uploads\/2025\/04\/pexels-mateo-arteaga-323524896-13819623-1024x683.jpeg\" \/>\n<meta name=\"twitter:card\" content=\"summary_large_image\" \/>\n<meta name=\"twitter:label1\" content=\"Estimated reading time\" \/>\n\t<meta name=\"twitter:data1\" content=\"1 minute\" \/>\n<script type=\"application\/ld+json\" class=\"yoast-schema-graph\">{\"@context\":\"https:\\\/\\\/schema.org\",\"@graph\":[{\"@type\":\"WebPage\",\"@id\":\"https:\\\/\\\/roofroast.com\\\/sumatra-arabica-coffee\\\/\",\"url\":\"https:\\\/\\\/roofroast.com\\\/sumatra-arabica-coffee\\\/\",\"name\":\"SUMATRA ARABIKA KAVA | Roof Roast (Kavos skrudintojai Klaipedoje)\",\"isPartOf\":{\"@id\":\"https:\\\/\\\/roofroast.com\\\/#website\"},\"primaryImageOfPage\":{\"@id\":\"https:\\\/\\\/roofroast.com\\\/sumatra-arabica-coffee\\\/#primaryimage\"},\"image\":{\"@id\":\"https:\\\/\\\/roofroast.com\\\/sumatra-arabica-coffee\\\/#primaryimage\"},\"thumbnailUrl\":\"https:\\\/\\\/roofroast.com\\\/wp-content\\\/uploads\\\/2025\\\/04\\\/pexels-mateo-arteaga-323524896-13819623-1024x683.jpeg\",\"datePublished\":\"2025-04-24T09:39:15+00:00\",\"dateModified\":\"2025-06-23T10:52:43+00:00\",\"description\":\"Kod\u0117l renkiesi Roof Roast skrudintas pupeles?Nes m\u016bs\u0173 \u2013 daugiau nei paprastos pupel\u0117s.Kiekviename puodelyje pasakojame istorij\u0105.Skrudinama Klaip\u0117doje, susitelk\u0119 \u012f skon\u012f, pami\u0161\u0119 d\u0117l juodos kavos.Prad\u0117k savo istorij\u0105 su Roof Roast.\",\"breadcrumb\":{\"@id\":\"https:\\\/\\\/roofroast.com\\\/sumatra-arabica-coffee\\\/#breadcrumb\"},\"inLanguage\":\"en-GB\",\"potentialAction\":[{\"@type\":\"ReadAction\",\"target\":[\"https:\\\/\\\/roofroast.com\\\/sumatra-arabica-coffee\\\/\"]}]},{\"@type\":\"ImageObject\",\"inLanguage\":\"en-GB\",\"@id\":\"https:\\\/\\\/roofroast.com\\\/sumatra-arabica-coffee\\\/#primaryimage\",\"url\":\"https:\\\/\\\/roofroast.com\\\/wp-content\\\/uploads\\\/2025\\\/04\\\/pexels-mateo-arteaga-323524896-13819623-1024x683.jpeg\",\"contentUrl\":\"https:\\\/\\\/roofroast.com\\\/wp-content\\\/uploads\\\/2025\\\/04\\\/pexels-mateo-arteaga-323524896-13819623-1024x683.jpeg\"},{\"@type\":\"BreadcrumbList\",\"@id\":\"https:\\\/\\\/roofroast.com\\\/sumatra-arabica-coffee\\\/#breadcrumb\",\"itemListElement\":[{\"@type\":\"ListItem\",\"position\":1,\"name\":\"Home\",\"item\":\"https:\\\/\\\/roofroast.com\\\/\"},{\"@type\":\"ListItem\",\"position\":2,\"name\":\"SUMATRA ARABIKA KAVA\"}]},{\"@type\":\"WebSite\",\"@id\":\"https:\\\/\\\/roofroast.com\\\/#website\",\"url\":\"https:\\\/\\\/roofroast.com\\\/\",\"name\":\"Roof Roast\",\"description\":\"Roof Roast (Kavos skrudintojai Klaipedoje)\",\"publisher\":{\"@id\":\"https:\\\/\\\/roofroast.com\\\/#organization\"},\"alternateName\":\"Roof Roast (Kavos skrudintojai Klaipedoje)\",\"potentialAction\":[{\"@type\":\"SearchAction\",\"target\":{\"@type\":\"EntryPoint\",\"urlTemplate\":\"https:\\\/\\\/roofroast.com\\\/?s={search_term_string}\"},\"query-input\":{\"@type\":\"PropertyValueSpecification\",\"valueRequired\":true,\"valueName\":\"search_term_string\"}}],\"inLanguage\":\"en-GB\"},{\"@type\":\"Organization\",\"@id\":\"https:\\\/\\\/roofroast.com\\\/#organization\",\"name\":\"Roof Roast (Kavos skrudintojai Klaipedoje)\",\"alternateName\":\"Roof Roast\",\"url\":\"https:\\\/\\\/roofroast.com\\\/\",\"logo\":{\"@type\":\"ImageObject\",\"inLanguage\":\"en-GB\",\"@id\":\"https:\\\/\\\/roofroast.com\\\/#\\\/schema\\\/logo\\\/image\\\/\",\"url\":\"https:\\\/\\\/roofroast.com\\\/wp-content\\\/uploads\\\/2024\\\/09\\\/cropped-cropped-IMG_6146.png\",\"contentUrl\":\"https:\\\/\\\/roofroast.com\\\/wp-content\\\/uploads\\\/2024\\\/09\\\/cropped-cropped-IMG_6146.png\",\"width\":512,\"height\":484,\"caption\":\"Roof Roast (Kavos skrudintojai Klaipedoje)\"},\"image\":{\"@id\":\"https:\\\/\\\/roofroast.com\\\/#\\\/schema\\\/logo\\\/image\\\/\"},\"sameAs\":[\"https:\\\/\\\/www.facebook.com\\\/roofroast.lt\",\"https:\\\/\\\/www.youtube.com\\\/@roofroast\",\"https:\\\/\\\/www.tiktok.com\\\/@roofroast?_t=ZN-8vMRvgnZR0o&_r=1\",\"https:\\\/\\\/www.instagram.com\\\/roofroastlt\\\/\"]}]}<\/script>\n<!-- \/ Yoast SEO plugin. -->","yoast_head_json":{"title":"SUMATRA ARABIKA KAVA | Roof Roast (Kavos skrudintojai Klaipedoje)","description":"Kod\u0117l renkiesi Roof Roast skrudintas pupeles?Nes m\u016bs\u0173 \u2013 daugiau nei paprastos pupel\u0117s.Kiekviename puodelyje pasakojame istorij\u0105.Skrudinama Klaip\u0117doje, susitelk\u0119 \u012f skon\u012f, pami\u0161\u0119 d\u0117l juodos kavos.Prad\u0117k savo istorij\u0105 su Roof Roast.","robots":{"index":"index","follow":"follow","max-snippet":"max-snippet:-1","max-image-preview":"max-image-preview:large","max-video-preview":"max-video-preview:-1"},"canonical":"https:\/\/roofroast.com\/en\/sumatra-arabica-coffee\/","og_locale":"en_GB","og_type":"article","og_title":"SUMATRA ARABIKA KAVA | Roof Roast (Kavos skrudintojai Klaipedoje)","og_description":"Kod\u0117l renkiesi Roof Roast skrudintas pupeles?Nes m\u016bs\u0173 \u2013 daugiau nei paprastos pupel\u0117s.Kiekviename puodelyje pasakojame istorij\u0105.Skrudinama Klaip\u0117doje, susitelk\u0119 \u012f skon\u012f, pami\u0161\u0119 d\u0117l juodos kavos.Prad\u0117k savo istorij\u0105 su Roof Roast.","og_url":"https:\/\/roofroast.com\/en\/sumatra-arabica-coffee\/","og_site_name":"ROOF ROAST","article_publisher":"https:\/\/www.facebook.com\/roofroast.lt","article_modified_time":"2025-06-23T10:52:43+00:00","og_image":[{"url":"https:\/\/roofroast.com\/wp-content\/uploads\/2025\/04\/pexels-mateo-arteaga-323524896-13819623-1024x683.jpeg","type":"","width":"","height":""}],"twitter_card":"summary_large_image","twitter_misc":{"Estimated reading time":"1 minute"},"schema":{"@context":"https:\/\/schema.org","@graph":[{"@type":"WebPage","@id":"https:\/\/roofroast.com\/sumatra-arabica-coffee\/","url":"https:\/\/roofroast.com\/sumatra-arabica-coffee\/","name":"SUMATRA ARABIKA KAVA | Roof Roast (Kavos skrudintojai Klaipedoje)","isPartOf":{"@id":"https:\/\/roofroast.com\/#website"},"primaryImageOfPage":{"@id":"https:\/\/roofroast.com\/sumatra-arabica-coffee\/#primaryimage"},"image":{"@id":"https:\/\/roofroast.com\/sumatra-arabica-coffee\/#primaryimage"},"thumbnailUrl":"https:\/\/roofroast.com\/wp-content\/uploads\/2025\/04\/pexels-mateo-arteaga-323524896-13819623-1024x683.jpeg","datePublished":"2025-04-24T09:39:15+00:00","dateModified":"2025-06-23T10:52:43+00:00","description":"Kod\u0117l renkiesi Roof Roast skrudintas pupeles?Nes m\u016bs\u0173 \u2013 daugiau nei paprastos pupel\u0117s.Kiekviename puodelyje pasakojame istorij\u0105.Skrudinama Klaip\u0117doje, susitelk\u0119 \u012f skon\u012f, pami\u0161\u0119 d\u0117l juodos kavos.Prad\u0117k savo istorij\u0105 su Roof Roast.","breadcrumb":{"@id":"https:\/\/roofroast.com\/sumatra-arabica-coffee\/#breadcrumb"},"inLanguage":"en-GB","potentialAction":[{"@type":"ReadAction","target":["https:\/\/roofroast.com\/sumatra-arabica-coffee\/"]}]},{"@type":"ImageObject","inLanguage":"en-GB","@id":"https:\/\/roofroast.com\/sumatra-arabica-coffee\/#primaryimage","url":"https:\/\/roofroast.com\/wp-content\/uploads\/2025\/04\/pexels-mateo-arteaga-323524896-13819623-1024x683.jpeg","contentUrl":"https:\/\/roofroast.com\/wp-content\/uploads\/2025\/04\/pexels-mateo-arteaga-323524896-13819623-1024x683.jpeg"},{"@type":"BreadcrumbList","@id":"https:\/\/roofroast.com\/sumatra-arabica-coffee\/#breadcrumb","itemListElement":[{"@type":"ListItem","position":1,"name":"Home","item":"https:\/\/roofroast.com\/"},{"@type":"ListItem","position":2,"name":"SUMATRA ARABIKA KAVA"}]},{"@type":"WebSite","@id":"https:\/\/roofroast.com\/#website","url":"https:\/\/roofroast.com\/","name":"Roof Roast","description":"Roof Roast (Kavos skrudintojai Klaipedoje)","publisher":{"@id":"https:\/\/roofroast.com\/#organization"},"alternateName":"Roof Roast (Kavos skrudintojai Klaipedoje)","potentialAction":[{"@type":"SearchAction","target":{"@type":"EntryPoint","urlTemplate":"https:\/\/roofroast.com\/?s={search_term_string}"},"query-input":{"@type":"PropertyValueSpecification","valueRequired":true,"valueName":"search_term_string"}}],"inLanguage":"en-GB"},{"@type":"Organization","@id":"https:\/\/roofroast.com\/#organization","name":"Roof Roast (Kavos skrudintojai Klaipedoje)","alternateName":"Roof Roast","url":"https:\/\/roofroast.com\/","logo":{"@type":"ImageObject","inLanguage":"en-GB","@id":"https:\/\/roofroast.com\/#\/schema\/logo\/image\/","url":"https:\/\/roofroast.com\/wp-content\/uploads\/2024\/09\/cropped-cropped-IMG_6146.png","contentUrl":"https:\/\/roofroast.com\/wp-content\/uploads\/2024\/09\/cropped-cropped-IMG_6146.png","width":512,"height":484,"caption":"Roof Roast (Kavos skrudintojai Klaipedoje)"},"image":{"@id":"https:\/\/roofroast.com\/#\/schema\/logo\/image\/"},"sameAs":["https:\/\/www.facebook.com\/roofroast.lt","https:\/\/www.youtube.com\/@roofroast","https:\/\/www.tiktok.com\/@roofroast?_t=ZN-8vMRvgnZR0o&_r=1","https:\/\/www.instagram.com\/roofroastlt\/"]}]}},"uagb_featured_image_src":{"full":false,"thumbnail":false,"medium":false,"medium_large":false,"large":false,"1536x1536":false,"2048x2048":false,"trp-custom-language-flag":false,"woocommerce_thumbnail":false,"woocommerce_single":false,"woocommerce_gallery_thumbnail":false},"uagb_author_info":{"display_name":"Roman Bogatyr","author_link":"https:\/\/roofroast.com\/en\/author\/roofroastgmail-com\/"},"uagb_comment_info":0,"uagb_excerpt":"INDONEZIJA SUMATRA ARABIKA CITRINA, \u0160VELNUS, KEDRAS, EUKALIPTASSCA : 84.50","_links":{"self":[{"href":"https:\/\/roofroast.com\/en\/wp-json\/wp\/v2\/pages\/3068","targetHints":{"allow":["GET"]}}],"collection":[{"href":"https:\/\/roofroast.com\/en\/wp-json\/wp\/v2\/pages"}],"about":[{"href":"https:\/\/roofroast.com\/en\/wp-json\/wp\/v2\/types\/page"}],"author":[{"embeddable":true,"href":"https:\/\/roofroast.com\/en\/wp-json\/wp\/v2\/users\/1"}],"replies":[{"embeddable":true,"href":"https:\/\/roofroast.com\/en\/wp-json\/wp\/v2\/comments?post=3068"}],"version-history":[{"count":10,"href":"https:\/\/roofroast.com\/en\/wp-json\/wp\/v2\/pages\/3068\/revisions"}],"predecessor-version":[{"id":3355,"href":"https:\/\/roofroast.com\/en\/wp-json\/wp\/v2\/pages\/3068\/revisions\/3355"}],"wp:attachment":[{"href":"https:\/\/roofroast.com\/en\/wp-json\/wp\/v2\/media?parent=3068"}],"curies":[{"name":"wp","href":"https:\/\/api.w.org\/{rel}","templated":true}]}}