{"id":3074,"date":"2025-04-24T10:50:56","date_gmt":"2025-04-24T10:50:56","guid":{"rendered":"https:\/\/roofroast.com\/?page_id=3074"},"modified":"2025-09-03T16:32:47","modified_gmt":"2025-09-03T16:32:47","slug":"ethiopia-natural-arabica-coffee","status":"publish","type":"page","link":"https:\/\/roofroast.com\/en\/ethiopia-natural-arabica-coffee\/","title":{"rendered":"ETHIOPIA NATURAL ARABICA COFFEE \ud83c\uddea\ud83c\uddf9"},"content":{"rendered":"<p class=\"has-text-align-center has-superbfont-large-font-size\"><strong>ETHIOPIA NATURAL ARABICA COFFEE \ud83c\uddea\ud83c\uddf9<\/strong><\/p>\n\n\n\n<p class=\"has-text-align-center\"><strong>CITRIC, SMOOTH, APRICOT, DARJEELING<\/strong><\/p>\n\n\n\n<p class=\"has-text-align-center\"><strong>SCA 86.50<\/strong><\/p>\n\n\n\n<div class=\"wp-block-uagb-image uagb-block-2a0504a6 wp-block-uagb-image--layout-default wp-block-uagb-image--effect-static wp-block-uagb-image--align-none\"><figure class=\"wp-block-uagb-image__figure\"><img decoding=\"async\" srcset=\"https:\/\/roofroast.com\/wp-content\/uploads\/2025\/04\/pexels-rexzone-17366133-1024x681.jpeg ,https:\/\/roofroast.com\/wp-content\/uploads\/2025\/04\/pexels-rexzone-17366133-scaled.jpeg 780w, https:\/\/roofroast.com\/wp-content\/uploads\/2025\/04\/pexels-rexzone-17366133-scaled.jpeg 360w\" sizes=\"auto, (max-width: 480px) 150px\" src=\"https:\/\/roofroast.com\/wp-content\/uploads\/2025\/04\/pexels-rexzone-17366133-1024x681.jpeg\" alt=\"\" class=\"uag-image-3057\" width=\"1024\" height=\"681\" title=\"pexels-rexzone-17366133\" loading=\"lazy\" role=\"img\"\/><\/figure><\/div>\n\n\n\n<details class=\"wp-block-details is-layout-flow wp-container-core-details-is-layout-b4584b45 wp-block-details-is-layout-flow\"><summary>DETAILED PRODUCT INFORMATION<\/summary>\n<p>Variety: Heirloom cultivars<\/p>\n\n\n\n<p>Region:Yirgacheffe<\/p>\n\n\n\n<p>Process: Natural<\/p>\n\n\n\n<p>Producer: Konga Washing Station<\/p>\n\n\n\n<p>Type: grade 1<\/p>\n\n\n\n<p>Coffee Altitude. 1,400 - 2,200 m.<\/p>\n<\/details>\n\n\n\n<details class=\"wp-block-details is-layout-flow wp-container-core-details-is-layout-b4584b45 wp-block-details-is-layout-flow\"><summary>COFFEE HISTORY<\/summary>\n<p>Ethiopia Yirgacheffe Konga - natural arabica, grade 1<\/p>\n\n\n\n<p>The birthplace of Arabica, deep in the Yirgacheffe Mountains of southern Ethiopia, is home to the small but famous Konga community. Here, a wild and free hereditary variety of arabica grows, shaded by fake banana trees and cooled by the high mountain winds. It's a place where coffee is not just a plant - it's a culture, a heritage and an everyday life.<\/p>\n\n\n\n<p>At the heart of the history of Congo coffee is the Congo Wash, a vital hub where some 650 small farmers bring their freshly picked cherries. Each farmer looks after just a few hectares, often with trees that have been handed down from generation to generation. The station specialises in both natural and washed processes, but this particular batch is natural - sun-dried with the fruit still intact.<\/p>\n\n\n\n<p>The cherries are spread on raised African beds over 15-20 days and regularly turned over in the sun. This slow drying process allows the sugar in the fruit to soak into the seeds and reveal an expressive flavour profile, which brings out notes of apricot, floral citrus and mild Darjeeling tea. The result is a clean but juicy cup with a silky mouthfeel and a bright, refreshing finish.<\/p>\n\n\n\n<p>This coffee is a celebration of its origins, grown in the wild Ethiopian soil, meticulously processed and closely linked to the rhythm of the land and the life of the farmers who grow it.<\/p>\n<\/details>\n\n\n\n<p><\/p>","protected":false},"excerpt":{"rendered":"<p>ETIOPIJOS NAT\u016aRALI ARABIKA KAVA CITRININ\u0116, \u0160VELNI, ABRIKOS\u0172, JUODA ARBATA SCA 86.50<\/p>","protected":false},"author":1,"featured_media":0,"parent":0,"menu_order":0,"comment_status":"closed","ping_status":"closed","template":"","meta":{"_uag_custom_page_level_css":"","_monsterinsights_skip_tracking":false,"_monsterinsights_sitenote_active":false,"_monsterinsights_sitenote_note":"","_monsterinsights_sitenote_category":0,"footnotes":""},"class_list":["post-3074","page","type-page","status-publish","hentry"],"yoast_head":"<!-- This site is optimized with the Yoast SEO plugin v27.6 - https:\/\/yoast.com\/product\/yoast-seo-wordpress\/ -->\n<title>ETIOPIJOS NAT\u016aRALI ARABIKA KAVA | Roof Roast (Kavos skrudintojai Klaipedoje)<\/title>\n<meta name=\"description\" content=\"Kod\u0117l renkiesi Roof Roast skrudintas pupeles?Nes m\u016bs\u0173 \u2013 daugiau nei paprastos pupel\u0117s.Kiekviename puodelyje pasakojame istorij\u0105.Skrudinama Klaip\u0117doje, susitelk\u0119 \u012f skon\u012f, pami\u0161\u0119 d\u0117l juodos kavos.Prad\u0117k savo istorij\u0105 su Roof Roast.\" \/>\n<meta name=\"robots\" content=\"index, follow, max-snippet:-1, max-image-preview:large, max-video-preview:-1\" \/>\n<link rel=\"canonical\" href=\"https:\/\/roofroast.com\/en\/ethiopia-natural-arabica-coffee\/\" \/>\n<meta property=\"og:locale\" content=\"en_GB\" \/>\n<meta property=\"og:type\" content=\"article\" \/>\n<meta property=\"og:title\" content=\"ETIOPIJOS NAT\u016aRALI ARABIKA KAVA | Roof Roast (Kavos skrudintojai Klaipedoje)\" \/>\n<meta property=\"og:description\" content=\"Kod\u0117l renkiesi Roof Roast skrudintas pupeles?Nes m\u016bs\u0173 \u2013 daugiau nei paprastos pupel\u0117s.Kiekviename puodelyje pasakojame istorij\u0105.Skrudinama Klaip\u0117doje, susitelk\u0119 \u012f skon\u012f, pami\u0161\u0119 d\u0117l juodos kavos.Prad\u0117k savo istorij\u0105 su Roof Roast.\" \/>\n<meta property=\"og:url\" content=\"https:\/\/roofroast.com\/en\/ethiopia-natural-arabica-coffee\/\" \/>\n<meta property=\"og:site_name\" content=\"ROOF ROAST\" \/>\n<meta property=\"article:publisher\" content=\"https:\/\/www.facebook.com\/roofroast.lt\" \/>\n<meta property=\"article:modified_time\" content=\"2025-09-03T16:32:47+00:00\" \/>\n<meta property=\"og:image\" content=\"https:\/\/roofroast.com\/wp-content\/uploads\/2025\/04\/pexels-rexzone-17366133-1024x681.jpeg\" \/>\n<meta name=\"twitter:card\" content=\"summary_large_image\" \/>\n<meta name=\"twitter:label1\" content=\"Estimated reading time\" \/>\n\t<meta name=\"twitter:data1\" content=\"2 minutes\" \/>\n<script type=\"application\/ld+json\" class=\"yoast-schema-graph\">{\"@context\":\"https:\\\/\\\/schema.org\",\"@graph\":[{\"@type\":\"WebPage\",\"@id\":\"https:\\\/\\\/roofroast.com\\\/ethiopia-natural-arabica-coffee\\\/\",\"url\":\"https:\\\/\\\/roofroast.com\\\/ethiopia-natural-arabica-coffee\\\/\",\"name\":\"ETIOPIJOS NAT\u016aRALI ARABIKA KAVA | Roof Roast (Kavos skrudintojai Klaipedoje)\",\"isPartOf\":{\"@id\":\"https:\\\/\\\/roofroast.com\\\/#website\"},\"primaryImageOfPage\":{\"@id\":\"https:\\\/\\\/roofroast.com\\\/ethiopia-natural-arabica-coffee\\\/#primaryimage\"},\"image\":{\"@id\":\"https:\\\/\\\/roofroast.com\\\/ethiopia-natural-arabica-coffee\\\/#primaryimage\"},\"thumbnailUrl\":\"https:\\\/\\\/roofroast.com\\\/wp-content\\\/uploads\\\/2025\\\/04\\\/pexels-rexzone-17366133-1024x681.jpeg\",\"datePublished\":\"2025-04-24T10:50:56+00:00\",\"dateModified\":\"2025-09-03T16:32:47+00:00\",\"description\":\"Kod\u0117l renkiesi Roof Roast skrudintas pupeles?Nes m\u016bs\u0173 \u2013 daugiau nei paprastos pupel\u0117s.Kiekviename puodelyje pasakojame istorij\u0105.Skrudinama Klaip\u0117doje, susitelk\u0119 \u012f skon\u012f, pami\u0161\u0119 d\u0117l juodos kavos.Prad\u0117k savo istorij\u0105 su Roof Roast.\",\"breadcrumb\":{\"@id\":\"https:\\\/\\\/roofroast.com\\\/ethiopia-natural-arabica-coffee\\\/#breadcrumb\"},\"inLanguage\":\"en-GB\",\"potentialAction\":[{\"@type\":\"ReadAction\",\"target\":[\"https:\\\/\\\/roofroast.com\\\/ethiopia-natural-arabica-coffee\\\/\"]}]},{\"@type\":\"ImageObject\",\"inLanguage\":\"en-GB\",\"@id\":\"https:\\\/\\\/roofroast.com\\\/ethiopia-natural-arabica-coffee\\\/#primaryimage\",\"url\":\"https:\\\/\\\/roofroast.com\\\/wp-content\\\/uploads\\\/2025\\\/04\\\/pexels-rexzone-17366133-1024x681.jpeg\",\"contentUrl\":\"https:\\\/\\\/roofroast.com\\\/wp-content\\\/uploads\\\/2025\\\/04\\\/pexels-rexzone-17366133-1024x681.jpeg\"},{\"@type\":\"BreadcrumbList\",\"@id\":\"https:\\\/\\\/roofroast.com\\\/ethiopia-natural-arabica-coffee\\\/#breadcrumb\",\"itemListElement\":[{\"@type\":\"ListItem\",\"position\":1,\"name\":\"Home\",\"item\":\"https:\\\/\\\/roofroast.com\\\/\"},{\"@type\":\"ListItem\",\"position\":2,\"name\":\"ETIOPIJOS NAT\u016aRALI ARABIKA KAVA\"}]},{\"@type\":\"WebSite\",\"@id\":\"https:\\\/\\\/roofroast.com\\\/#website\",\"url\":\"https:\\\/\\\/roofroast.com\\\/\",\"name\":\"Roof Roast\",\"description\":\"Roof Roast (Kavos skrudintojai Klaipedoje)\",\"publisher\":{\"@id\":\"https:\\\/\\\/roofroast.com\\\/#organization\"},\"alternateName\":\"Roof Roast (Kavos skrudintojai Klaipedoje)\",\"potentialAction\":[{\"@type\":\"SearchAction\",\"target\":{\"@type\":\"EntryPoint\",\"urlTemplate\":\"https:\\\/\\\/roofroast.com\\\/?s={search_term_string}\"},\"query-input\":{\"@type\":\"PropertyValueSpecification\",\"valueRequired\":true,\"valueName\":\"search_term_string\"}}],\"inLanguage\":\"en-GB\"},{\"@type\":\"Organization\",\"@id\":\"https:\\\/\\\/roofroast.com\\\/#organization\",\"name\":\"Roof Roast (Kavos skrudintojai Klaipedoje)\",\"alternateName\":\"Roof Roast\",\"url\":\"https:\\\/\\\/roofroast.com\\\/\",\"logo\":{\"@type\":\"ImageObject\",\"inLanguage\":\"en-GB\",\"@id\":\"https:\\\/\\\/roofroast.com\\\/#\\\/schema\\\/logo\\\/image\\\/\",\"url\":\"https:\\\/\\\/roofroast.com\\\/wp-content\\\/uploads\\\/2024\\\/09\\\/cropped-cropped-IMG_6146.png\",\"contentUrl\":\"https:\\\/\\\/roofroast.com\\\/wp-content\\\/uploads\\\/2024\\\/09\\\/cropped-cropped-IMG_6146.png\",\"width\":512,\"height\":484,\"caption\":\"Roof Roast (Kavos skrudintojai Klaipedoje)\"},\"image\":{\"@id\":\"https:\\\/\\\/roofroast.com\\\/#\\\/schema\\\/logo\\\/image\\\/\"},\"sameAs\":[\"https:\\\/\\\/www.facebook.com\\\/roofroast.lt\",\"https:\\\/\\\/www.youtube.com\\\/@roofroast\",\"https:\\\/\\\/www.tiktok.com\\\/@roofroast?_t=ZN-8vMRvgnZR0o&_r=1\",\"https:\\\/\\\/www.instagram.com\\\/roofroastlt\\\/\"]}]}<\/script>\n<!-- \/ Yoast SEO plugin. -->","yoast_head_json":{"title":"ETIOPIJOS NAT\u016aRALI ARABIKA KAVA | Roof Roast (Kavos skrudintojai Klaipedoje)","description":"Kod\u0117l renkiesi Roof Roast skrudintas pupeles?Nes m\u016bs\u0173 \u2013 daugiau nei paprastos pupel\u0117s.Kiekviename puodelyje pasakojame istorij\u0105.Skrudinama Klaip\u0117doje, susitelk\u0119 \u012f skon\u012f, pami\u0161\u0119 d\u0117l juodos kavos.Prad\u0117k savo istorij\u0105 su Roof Roast.","robots":{"index":"index","follow":"follow","max-snippet":"max-snippet:-1","max-image-preview":"max-image-preview:large","max-video-preview":"max-video-preview:-1"},"canonical":"https:\/\/roofroast.com\/en\/ethiopia-natural-arabica-coffee\/","og_locale":"en_GB","og_type":"article","og_title":"ETIOPIJOS NAT\u016aRALI ARABIKA KAVA | Roof Roast (Kavos skrudintojai Klaipedoje)","og_description":"Kod\u0117l renkiesi Roof Roast skrudintas pupeles?Nes m\u016bs\u0173 \u2013 daugiau nei paprastos pupel\u0117s.Kiekviename puodelyje pasakojame istorij\u0105.Skrudinama Klaip\u0117doje, susitelk\u0119 \u012f skon\u012f, pami\u0161\u0119 d\u0117l juodos kavos.Prad\u0117k savo istorij\u0105 su Roof Roast.","og_url":"https:\/\/roofroast.com\/en\/ethiopia-natural-arabica-coffee\/","og_site_name":"ROOF ROAST","article_publisher":"https:\/\/www.facebook.com\/roofroast.lt","article_modified_time":"2025-09-03T16:32:47+00:00","og_image":[{"url":"https:\/\/roofroast.com\/wp-content\/uploads\/2025\/04\/pexels-rexzone-17366133-1024x681.jpeg","type":"","width":"","height":""}],"twitter_card":"summary_large_image","twitter_misc":{"Estimated reading time":"2 minutes"},"schema":{"@context":"https:\/\/schema.org","@graph":[{"@type":"WebPage","@id":"https:\/\/roofroast.com\/ethiopia-natural-arabica-coffee\/","url":"https:\/\/roofroast.com\/ethiopia-natural-arabica-coffee\/","name":"ETIOPIJOS NAT\u016aRALI ARABIKA KAVA | Roof Roast (Kavos skrudintojai Klaipedoje)","isPartOf":{"@id":"https:\/\/roofroast.com\/#website"},"primaryImageOfPage":{"@id":"https:\/\/roofroast.com\/ethiopia-natural-arabica-coffee\/#primaryimage"},"image":{"@id":"https:\/\/roofroast.com\/ethiopia-natural-arabica-coffee\/#primaryimage"},"thumbnailUrl":"https:\/\/roofroast.com\/wp-content\/uploads\/2025\/04\/pexels-rexzone-17366133-1024x681.jpeg","datePublished":"2025-04-24T10:50:56+00:00","dateModified":"2025-09-03T16:32:47+00:00","description":"Kod\u0117l renkiesi Roof Roast skrudintas pupeles?Nes m\u016bs\u0173 \u2013 daugiau nei paprastos pupel\u0117s.Kiekviename puodelyje pasakojame istorij\u0105.Skrudinama Klaip\u0117doje, susitelk\u0119 \u012f skon\u012f, pami\u0161\u0119 d\u0117l juodos kavos.Prad\u0117k savo istorij\u0105 su Roof Roast.","breadcrumb":{"@id":"https:\/\/roofroast.com\/ethiopia-natural-arabica-coffee\/#breadcrumb"},"inLanguage":"en-GB","potentialAction":[{"@type":"ReadAction","target":["https:\/\/roofroast.com\/ethiopia-natural-arabica-coffee\/"]}]},{"@type":"ImageObject","inLanguage":"en-GB","@id":"https:\/\/roofroast.com\/ethiopia-natural-arabica-coffee\/#primaryimage","url":"https:\/\/roofroast.com\/wp-content\/uploads\/2025\/04\/pexels-rexzone-17366133-1024x681.jpeg","contentUrl":"https:\/\/roofroast.com\/wp-content\/uploads\/2025\/04\/pexels-rexzone-17366133-1024x681.jpeg"},{"@type":"BreadcrumbList","@id":"https:\/\/roofroast.com\/ethiopia-natural-arabica-coffee\/#breadcrumb","itemListElement":[{"@type":"ListItem","position":1,"name":"Home","item":"https:\/\/roofroast.com\/"},{"@type":"ListItem","position":2,"name":"ETIOPIJOS NAT\u016aRALI ARABIKA KAVA"}]},{"@type":"WebSite","@id":"https:\/\/roofroast.com\/#website","url":"https:\/\/roofroast.com\/","name":"Roof Roast","description":"Roof Roast (Kavos skrudintojai Klaipedoje)","publisher":{"@id":"https:\/\/roofroast.com\/#organization"},"alternateName":"Roof Roast (Kavos skrudintojai Klaipedoje)","potentialAction":[{"@type":"SearchAction","target":{"@type":"EntryPoint","urlTemplate":"https:\/\/roofroast.com\/?s={search_term_string}"},"query-input":{"@type":"PropertyValueSpecification","valueRequired":true,"valueName":"search_term_string"}}],"inLanguage":"en-GB"},{"@type":"Organization","@id":"https:\/\/roofroast.com\/#organization","name":"Roof Roast (Kavos skrudintojai Klaipedoje)","alternateName":"Roof Roast","url":"https:\/\/roofroast.com\/","logo":{"@type":"ImageObject","inLanguage":"en-GB","@id":"https:\/\/roofroast.com\/#\/schema\/logo\/image\/","url":"https:\/\/roofroast.com\/wp-content\/uploads\/2024\/09\/cropped-cropped-IMG_6146.png","contentUrl":"https:\/\/roofroast.com\/wp-content\/uploads\/2024\/09\/cropped-cropped-IMG_6146.png","width":512,"height":484,"caption":"Roof Roast (Kavos skrudintojai Klaipedoje)"},"image":{"@id":"https:\/\/roofroast.com\/#\/schema\/logo\/image\/"},"sameAs":["https:\/\/www.facebook.com\/roofroast.lt","https:\/\/www.youtube.com\/@roofroast","https:\/\/www.tiktok.com\/@roofroast?_t=ZN-8vMRvgnZR0o&_r=1","https:\/\/www.instagram.com\/roofroastlt\/"]}]}},"uagb_featured_image_src":{"full":false,"thumbnail":false,"medium":false,"medium_large":false,"large":false,"1536x1536":false,"2048x2048":false,"trp-custom-language-flag":false,"woocommerce_thumbnail":false,"woocommerce_single":false,"woocommerce_gallery_thumbnail":false},"uagb_author_info":{"display_name":"Roman Bogatyr","author_link":"https:\/\/roofroast.com\/en\/author\/roofroastgmail-com\/"},"uagb_comment_info":0,"uagb_excerpt":"ETIOPIJOS NAT\u016aRALI ARABIKA KAVA CITRININ\u0116, \u0160VELNI, ABRIKOS\u0172, JUODA ARBATA SCA 86.50","_links":{"self":[{"href":"https:\/\/roofroast.com\/en\/wp-json\/wp\/v2\/pages\/3074","targetHints":{"allow":["GET"]}}],"collection":[{"href":"https:\/\/roofroast.com\/en\/wp-json\/wp\/v2\/pages"}],"about":[{"href":"https:\/\/roofroast.com\/en\/wp-json\/wp\/v2\/types\/page"}],"author":[{"embeddable":true,"href":"https:\/\/roofroast.com\/en\/wp-json\/wp\/v2\/users\/1"}],"replies":[{"embeddable":true,"href":"https:\/\/roofroast.com\/en\/wp-json\/wp\/v2\/comments?post=3074"}],"version-history":[{"count":11,"href":"https:\/\/roofroast.com\/en\/wp-json\/wp\/v2\/pages\/3074\/revisions"}],"predecessor-version":[{"id":3569,"href":"https:\/\/roofroast.com\/en\/wp-json\/wp\/v2\/pages\/3074\/revisions\/3569"}],"wp:attachment":[{"href":"https:\/\/roofroast.com\/en\/wp-json\/wp\/v2\/media?parent=3074"}],"curies":[{"name":"wp","href":"https:\/\/api.w.org\/{rel}","templated":true}]}}