{"id":3077,"date":"2025-04-24T11:00:38","date_gmt":"2025-04-24T11:00:38","guid":{"rendered":"https:\/\/roofroast.com\/?page_id=3077"},"modified":"2025-09-03T16:31:09","modified_gmt":"2025-09-03T16:31:09","slug":"papua-new-guinea-coffee","status":"publish","type":"page","link":"https:\/\/roofroast.com\/en\/papua-new-guinea-coffee\/","title":{"rendered":"PAPUA NEW GUINEA COFFEE"},"content":{"rendered":"<p class=\"has-text-align-center has-superbfont-large-font-size\"><strong>P<\/strong>APUA NEW GUINEA NATURAL ARABICA PLANTATION SIGRI A<\/p>\n\n\n\n<p class=\"has-text-align-center\">LEMONY AND BRIGHT, SILKY, TROPICAL FRUIT, ACETIC, PINEAPPLE, QUINCE<\/p>\n\n\n\n<p class=\"has-text-align-center\">SCA 86,75<\/p>\n\n\n\n<div class=\"wp-block-uagb-image uagb-block-cf7989d5 wp-block-uagb-image--layout-default wp-block-uagb-image--effect-static wp-block-uagb-image--align-none\"><figure class=\"wp-block-uagb-image__figure\"><img decoding=\"async\" srcset=\"https:\/\/roofroast.com\/wp-content\/uploads\/2025\/04\/pexels-quang-nguyen-vinh-222549-2131720-1024x683.jpeg ,https:\/\/roofroast.com\/wp-content\/uploads\/2025\/04\/pexels-quang-nguyen-vinh-222549-2131720-scaled.jpeg 780w, https:\/\/roofroast.com\/wp-content\/uploads\/2025\/04\/pexels-quang-nguyen-vinh-222549-2131720-scaled.jpeg 360w\" sizes=\"auto, (max-width: 480px) 150px\" src=\"https:\/\/roofroast.com\/wp-content\/uploads\/2025\/04\/pexels-quang-nguyen-vinh-222549-2131720-1024x683.jpeg\" alt=\"\" class=\"uag-image-3058\" width=\"1024\" height=\"683\" title=\"pexels-quang-nguyen-vinh-222549-2131720\" loading=\"lazy\" role=\"img\"\/><\/figure><\/div>\n\n\n\n<details class=\"wp-block-details is-layout-flow wp-container-core-details-is-layout-b4584b45 wp-block-details-is-layout-flow\"><summary>INFORMATION<\/summary>\n<p>Variety. Typica &amp; Arusha<\/p>\n\n\n\n<p>Region. Waghi Valley, Western Highlands<\/p>\n\n\n\n<p>The process. Natural<\/p>\n\n\n\n<p>Producer. Sigri Plantation <\/p>\n\n\n\n<p>Coffee Altitude. 1,000 - 1,900 m.<\/p>\n<\/details>\n\n\n\n<details class=\"wp-block-details is-layout-flow wp-container-core-details-is-layout-b4584b45 wp-block-details-is-layout-flow\"><summary>STORIES OF COFFEE<\/summary>\n<p>Kava is a relatively new crop in Papua New Guinea, only commercially cultivated since the 1950s. The Sigri plantation was one of the first farms to start growing coffee professionally. It was founded by the famous crocodile hunter (and coffee farmer) Tom Cole and later sold to WR Carpenters. Today it covers 122 hectares and is internationally recognised for its high quality coffee production.<\/p>\n\n\n\n<p>The farm is located at an altitude of around 1525 m in the flat Vagio Valley in the province of Jiuvaca. The Waghi River flows through the valley, whose volcanic soil is rich in nutrients and very fertile, providing ideal conditions for the Jiwaka people to grow tea and coffee as cash crops.<\/p>\n<\/details>","protected":false},"excerpt":{"rendered":"<p>PAPUA NAUJOJI GVIN\u0116JA NAT\u016aRALI ARABIKOS PLANTACIJA SIGRI A CITRININIS IR RY\u0160KUS, \u0160ILKINIS, TROPINI\u0172 VAISI\u0172, ACETIKO, ANANAS\u0172, SVARAINI\u0172 SCA 86,75<\/p>","protected":false},"author":1,"featured_media":0,"parent":0,"menu_order":0,"comment_status":"closed","ping_status":"closed","template":"","meta":{"_uag_custom_page_level_css":"","_monsterinsights_skip_tracking":false,"_monsterinsights_sitenote_active":false,"_monsterinsights_sitenote_note":"","_monsterinsights_sitenote_category":0,"footnotes":""},"class_list":["post-3077","page","type-page","status-publish","hentry"],"yoast_head":"<!-- This site is optimized with the Yoast SEO plugin v27.6 - https:\/\/yoast.com\/product\/yoast-seo-wordpress\/ -->\n<title>PAPUA NAUJOJI GVIN\u0116JA KAVA | Roof Roast (Kavos skrudintojai Klaipedoje)<\/title>\n<meta name=\"description\" content=\"Kod\u0117l renkiesi Roof Roast skrudintas pupeles?Nes m\u016bs\u0173 \u2013 daugiau nei paprastos pupel\u0117s.Kiekviename puodelyje pasakojame istorij\u0105.Skrudinama Klaip\u0117doje, susitelk\u0119 \u012f skon\u012f, pami\u0161\u0119 d\u0117l juodos kavos.Prad\u0117k savo istorij\u0105 su Roof Roast.\" \/>\n<meta name=\"robots\" content=\"index, follow, max-snippet:-1, max-image-preview:large, max-video-preview:-1\" \/>\n<link rel=\"canonical\" href=\"https:\/\/roofroast.com\/en\/papua-new-guinea-coffee\/\" \/>\n<meta property=\"og:locale\" content=\"en_GB\" \/>\n<meta property=\"og:type\" content=\"article\" \/>\n<meta property=\"og:title\" content=\"PAPUA NAUJOJI GVIN\u0116JA KAVA | Roof Roast (Kavos skrudintojai Klaipedoje)\" \/>\n<meta property=\"og:description\" content=\"Kod\u0117l renkiesi Roof Roast skrudintas pupeles?Nes m\u016bs\u0173 \u2013 daugiau nei paprastos pupel\u0117s.Kiekviename puodelyje pasakojame istorij\u0105.Skrudinama Klaip\u0117doje, susitelk\u0119 \u012f skon\u012f, pami\u0161\u0119 d\u0117l juodos kavos.Prad\u0117k savo istorij\u0105 su Roof Roast.\" \/>\n<meta property=\"og:url\" content=\"https:\/\/roofroast.com\/en\/papua-new-guinea-coffee\/\" \/>\n<meta property=\"og:site_name\" content=\"ROOF ROAST\" \/>\n<meta property=\"article:publisher\" content=\"https:\/\/www.facebook.com\/roofroast.lt\" \/>\n<meta property=\"article:modified_time\" content=\"2025-09-03T16:31:09+00:00\" \/>\n<meta property=\"og:image\" content=\"https:\/\/roofroast.com\/wp-content\/uploads\/2025\/04\/pexels-quang-nguyen-vinh-222549-2131720-1024x683.jpeg\" \/>\n<meta name=\"twitter:card\" content=\"summary_large_image\" \/>\n<meta name=\"twitter:label1\" content=\"Estimated reading time\" \/>\n\t<meta name=\"twitter:data1\" content=\"1 minute\" \/>\n<script type=\"application\/ld+json\" class=\"yoast-schema-graph\">{\"@context\":\"https:\\\/\\\/schema.org\",\"@graph\":[{\"@type\":\"WebPage\",\"@id\":\"https:\\\/\\\/roofroast.com\\\/papua-new-guinea-coffee\\\/\",\"url\":\"https:\\\/\\\/roofroast.com\\\/papua-new-guinea-coffee\\\/\",\"name\":\"PAPUA NAUJOJI GVIN\u0116JA KAVA | Roof Roast (Kavos skrudintojai Klaipedoje)\",\"isPartOf\":{\"@id\":\"https:\\\/\\\/roofroast.com\\\/#website\"},\"primaryImageOfPage\":{\"@id\":\"https:\\\/\\\/roofroast.com\\\/papua-new-guinea-coffee\\\/#primaryimage\"},\"image\":{\"@id\":\"https:\\\/\\\/roofroast.com\\\/papua-new-guinea-coffee\\\/#primaryimage\"},\"thumbnailUrl\":\"https:\\\/\\\/roofroast.com\\\/wp-content\\\/uploads\\\/2025\\\/04\\\/pexels-quang-nguyen-vinh-222549-2131720-1024x683.jpeg\",\"datePublished\":\"2025-04-24T11:00:38+00:00\",\"dateModified\":\"2025-09-03T16:31:09+00:00\",\"description\":\"Kod\u0117l renkiesi Roof Roast skrudintas pupeles?Nes m\u016bs\u0173 \u2013 daugiau nei paprastos pupel\u0117s.Kiekviename puodelyje pasakojame istorij\u0105.Skrudinama Klaip\u0117doje, susitelk\u0119 \u012f skon\u012f, pami\u0161\u0119 d\u0117l juodos kavos.Prad\u0117k savo istorij\u0105 su Roof Roast.\",\"breadcrumb\":{\"@id\":\"https:\\\/\\\/roofroast.com\\\/papua-new-guinea-coffee\\\/#breadcrumb\"},\"inLanguage\":\"en-GB\",\"potentialAction\":[{\"@type\":\"ReadAction\",\"target\":[\"https:\\\/\\\/roofroast.com\\\/papua-new-guinea-coffee\\\/\"]}]},{\"@type\":\"ImageObject\",\"inLanguage\":\"en-GB\",\"@id\":\"https:\\\/\\\/roofroast.com\\\/papua-new-guinea-coffee\\\/#primaryimage\",\"url\":\"https:\\\/\\\/roofroast.com\\\/wp-content\\\/uploads\\\/2025\\\/04\\\/pexels-quang-nguyen-vinh-222549-2131720-1024x683.jpeg\",\"contentUrl\":\"https:\\\/\\\/roofroast.com\\\/wp-content\\\/uploads\\\/2025\\\/04\\\/pexels-quang-nguyen-vinh-222549-2131720-1024x683.jpeg\"},{\"@type\":\"BreadcrumbList\",\"@id\":\"https:\\\/\\\/roofroast.com\\\/papua-new-guinea-coffee\\\/#breadcrumb\",\"itemListElement\":[{\"@type\":\"ListItem\",\"position\":1,\"name\":\"Home\",\"item\":\"https:\\\/\\\/roofroast.com\\\/\"},{\"@type\":\"ListItem\",\"position\":2,\"name\":\"PAPUA NAUJOJI GVIN\u0116JA KAVA\"}]},{\"@type\":\"WebSite\",\"@id\":\"https:\\\/\\\/roofroast.com\\\/#website\",\"url\":\"https:\\\/\\\/roofroast.com\\\/\",\"name\":\"Roof Roast\",\"description\":\"Roof Roast (Kavos skrudintojai Klaipedoje)\",\"publisher\":{\"@id\":\"https:\\\/\\\/roofroast.com\\\/#organization\"},\"alternateName\":\"Roof Roast (Kavos skrudintojai Klaipedoje)\",\"potentialAction\":[{\"@type\":\"SearchAction\",\"target\":{\"@type\":\"EntryPoint\",\"urlTemplate\":\"https:\\\/\\\/roofroast.com\\\/?s={search_term_string}\"},\"query-input\":{\"@type\":\"PropertyValueSpecification\",\"valueRequired\":true,\"valueName\":\"search_term_string\"}}],\"inLanguage\":\"en-GB\"},{\"@type\":\"Organization\",\"@id\":\"https:\\\/\\\/roofroast.com\\\/#organization\",\"name\":\"Roof Roast (Kavos skrudintojai Klaipedoje)\",\"alternateName\":\"Roof Roast\",\"url\":\"https:\\\/\\\/roofroast.com\\\/\",\"logo\":{\"@type\":\"ImageObject\",\"inLanguage\":\"en-GB\",\"@id\":\"https:\\\/\\\/roofroast.com\\\/#\\\/schema\\\/logo\\\/image\\\/\",\"url\":\"https:\\\/\\\/roofroast.com\\\/wp-content\\\/uploads\\\/2024\\\/09\\\/cropped-cropped-IMG_6146.png\",\"contentUrl\":\"https:\\\/\\\/roofroast.com\\\/wp-content\\\/uploads\\\/2024\\\/09\\\/cropped-cropped-IMG_6146.png\",\"width\":512,\"height\":484,\"caption\":\"Roof Roast (Kavos skrudintojai Klaipedoje)\"},\"image\":{\"@id\":\"https:\\\/\\\/roofroast.com\\\/#\\\/schema\\\/logo\\\/image\\\/\"},\"sameAs\":[\"https:\\\/\\\/www.facebook.com\\\/roofroast.lt\",\"https:\\\/\\\/www.youtube.com\\\/@roofroast\",\"https:\\\/\\\/www.tiktok.com\\\/@roofroast?_t=ZN-8vMRvgnZR0o&_r=1\",\"https:\\\/\\\/www.instagram.com\\\/roofroastlt\\\/\"]}]}<\/script>\n<!-- \/ Yoast SEO plugin. -->","yoast_head_json":{"title":"PAPUA NAUJOJI GVIN\u0116JA KAVA | Roof Roast (Kavos skrudintojai Klaipedoje)","description":"Kod\u0117l renkiesi Roof Roast skrudintas pupeles?Nes m\u016bs\u0173 \u2013 daugiau nei paprastos pupel\u0117s.Kiekviename puodelyje pasakojame istorij\u0105.Skrudinama Klaip\u0117doje, susitelk\u0119 \u012f skon\u012f, pami\u0161\u0119 d\u0117l juodos kavos.Prad\u0117k savo istorij\u0105 su Roof Roast.","robots":{"index":"index","follow":"follow","max-snippet":"max-snippet:-1","max-image-preview":"max-image-preview:large","max-video-preview":"max-video-preview:-1"},"canonical":"https:\/\/roofroast.com\/en\/papua-new-guinea-coffee\/","og_locale":"en_GB","og_type":"article","og_title":"PAPUA NAUJOJI GVIN\u0116JA KAVA | Roof Roast (Kavos skrudintojai Klaipedoje)","og_description":"Kod\u0117l renkiesi Roof Roast skrudintas pupeles?Nes m\u016bs\u0173 \u2013 daugiau nei paprastos pupel\u0117s.Kiekviename puodelyje pasakojame istorij\u0105.Skrudinama Klaip\u0117doje, susitelk\u0119 \u012f skon\u012f, pami\u0161\u0119 d\u0117l juodos kavos.Prad\u0117k savo istorij\u0105 su Roof Roast.","og_url":"https:\/\/roofroast.com\/en\/papua-new-guinea-coffee\/","og_site_name":"ROOF ROAST","article_publisher":"https:\/\/www.facebook.com\/roofroast.lt","article_modified_time":"2025-09-03T16:31:09+00:00","og_image":[{"url":"https:\/\/roofroast.com\/wp-content\/uploads\/2025\/04\/pexels-quang-nguyen-vinh-222549-2131720-1024x683.jpeg","type":"","width":"","height":""}],"twitter_card":"summary_large_image","twitter_misc":{"Estimated reading time":"1 minute"},"schema":{"@context":"https:\/\/schema.org","@graph":[{"@type":"WebPage","@id":"https:\/\/roofroast.com\/papua-new-guinea-coffee\/","url":"https:\/\/roofroast.com\/papua-new-guinea-coffee\/","name":"PAPUA NAUJOJI GVIN\u0116JA KAVA | Roof Roast (Kavos skrudintojai Klaipedoje)","isPartOf":{"@id":"https:\/\/roofroast.com\/#website"},"primaryImageOfPage":{"@id":"https:\/\/roofroast.com\/papua-new-guinea-coffee\/#primaryimage"},"image":{"@id":"https:\/\/roofroast.com\/papua-new-guinea-coffee\/#primaryimage"},"thumbnailUrl":"https:\/\/roofroast.com\/wp-content\/uploads\/2025\/04\/pexels-quang-nguyen-vinh-222549-2131720-1024x683.jpeg","datePublished":"2025-04-24T11:00:38+00:00","dateModified":"2025-09-03T16:31:09+00:00","description":"Kod\u0117l renkiesi Roof Roast skrudintas pupeles?Nes m\u016bs\u0173 \u2013 daugiau nei paprastos pupel\u0117s.Kiekviename puodelyje pasakojame istorij\u0105.Skrudinama Klaip\u0117doje, susitelk\u0119 \u012f skon\u012f, pami\u0161\u0119 d\u0117l juodos kavos.Prad\u0117k savo istorij\u0105 su Roof Roast.","breadcrumb":{"@id":"https:\/\/roofroast.com\/papua-new-guinea-coffee\/#breadcrumb"},"inLanguage":"en-GB","potentialAction":[{"@type":"ReadAction","target":["https:\/\/roofroast.com\/papua-new-guinea-coffee\/"]}]},{"@type":"ImageObject","inLanguage":"en-GB","@id":"https:\/\/roofroast.com\/papua-new-guinea-coffee\/#primaryimage","url":"https:\/\/roofroast.com\/wp-content\/uploads\/2025\/04\/pexels-quang-nguyen-vinh-222549-2131720-1024x683.jpeg","contentUrl":"https:\/\/roofroast.com\/wp-content\/uploads\/2025\/04\/pexels-quang-nguyen-vinh-222549-2131720-1024x683.jpeg"},{"@type":"BreadcrumbList","@id":"https:\/\/roofroast.com\/papua-new-guinea-coffee\/#breadcrumb","itemListElement":[{"@type":"ListItem","position":1,"name":"Home","item":"https:\/\/roofroast.com\/"},{"@type":"ListItem","position":2,"name":"PAPUA NAUJOJI GVIN\u0116JA KAVA"}]},{"@type":"WebSite","@id":"https:\/\/roofroast.com\/#website","url":"https:\/\/roofroast.com\/","name":"Roof Roast","description":"Roof Roast (Kavos skrudintojai Klaipedoje)","publisher":{"@id":"https:\/\/roofroast.com\/#organization"},"alternateName":"Roof Roast (Kavos skrudintojai Klaipedoje)","potentialAction":[{"@type":"SearchAction","target":{"@type":"EntryPoint","urlTemplate":"https:\/\/roofroast.com\/?s={search_term_string}"},"query-input":{"@type":"PropertyValueSpecification","valueRequired":true,"valueName":"search_term_string"}}],"inLanguage":"en-GB"},{"@type":"Organization","@id":"https:\/\/roofroast.com\/#organization","name":"Roof Roast (Kavos skrudintojai Klaipedoje)","alternateName":"Roof Roast","url":"https:\/\/roofroast.com\/","logo":{"@type":"ImageObject","inLanguage":"en-GB","@id":"https:\/\/roofroast.com\/#\/schema\/logo\/image\/","url":"https:\/\/roofroast.com\/wp-content\/uploads\/2024\/09\/cropped-cropped-IMG_6146.png","contentUrl":"https:\/\/roofroast.com\/wp-content\/uploads\/2024\/09\/cropped-cropped-IMG_6146.png","width":512,"height":484,"caption":"Roof Roast (Kavos skrudintojai Klaipedoje)"},"image":{"@id":"https:\/\/roofroast.com\/#\/schema\/logo\/image\/"},"sameAs":["https:\/\/www.facebook.com\/roofroast.lt","https:\/\/www.youtube.com\/@roofroast","https:\/\/www.tiktok.com\/@roofroast?_t=ZN-8vMRvgnZR0o&_r=1","https:\/\/www.instagram.com\/roofroastlt\/"]}]}},"uagb_featured_image_src":{"full":false,"thumbnail":false,"medium":false,"medium_large":false,"large":false,"1536x1536":false,"2048x2048":false,"trp-custom-language-flag":false,"woocommerce_thumbnail":false,"woocommerce_single":false,"woocommerce_gallery_thumbnail":false},"uagb_author_info":{"display_name":"Roman Bogatyr","author_link":"https:\/\/roofroast.com\/en\/author\/roofroastgmail-com\/"},"uagb_comment_info":0,"uagb_excerpt":"PAPUA NAUJOJI GVIN\u0116JA NAT\u016aRALI ARABIKOS PLANTACIJA SIGRI A CITRININIS IR RY\u0160KUS, \u0160ILKINIS, TROPINI\u0172 VAISI\u0172, ACETIKO, ANANAS\u0172, SVARAINI\u0172 SCA 86,75","_links":{"self":[{"href":"https:\/\/roofroast.com\/en\/wp-json\/wp\/v2\/pages\/3077","targetHints":{"allow":["GET"]}}],"collection":[{"href":"https:\/\/roofroast.com\/en\/wp-json\/wp\/v2\/pages"}],"about":[{"href":"https:\/\/roofroast.com\/en\/wp-json\/wp\/v2\/types\/page"}],"author":[{"embeddable":true,"href":"https:\/\/roofroast.com\/en\/wp-json\/wp\/v2\/users\/1"}],"replies":[{"embeddable":true,"href":"https:\/\/roofroast.com\/en\/wp-json\/wp\/v2\/comments?post=3077"}],"version-history":[{"count":7,"href":"https:\/\/roofroast.com\/en\/wp-json\/wp\/v2\/pages\/3077\/revisions"}],"predecessor-version":[{"id":3568,"href":"https:\/\/roofroast.com\/en\/wp-json\/wp\/v2\/pages\/3077\/revisions\/3568"}],"wp:attachment":[{"href":"https:\/\/roofroast.com\/en\/wp-json\/wp\/v2\/media?parent=3077"}],"curies":[{"name":"wp","href":"https:\/\/api.w.org\/{rel}","templated":true}]}}