{"id":320,"date":"2024-09-27T15:08:28","date_gmt":"2024-09-27T15:08:28","guid":{"rendered":"https:\/\/roofroast.com\/cart-2\/"},"modified":"2025-05-17T11:53:12","modified_gmt":"2025-05-17T11:53:12","slug":"krepselis","status":"publish","type":"page","link":"https:\/\/roofroast.com\/en\/krepselis\/","title":{"rendered":"Krep\u0161elis"},"content":{"rendered":"<p><\/p>\r\n                                                \r\n\r\n                                                <div class=\"woocommerce\"><div class=\"woocommerce-notices-wrapper\"><\/div><div class=\"wc-empty-cart-message\">\n\t<div class=\"wc-block-components-notice-banner is-info\" role=\"status\">\n\t\t<svg xmlns=\"http:\/\/www.w3.org\/2000\/svg\" viewbox=\"0 0 24 24\" width=\"24\" height=\"24\" aria-hidden=\"true\" focusable=\"false\">\n\t\t\t<path d=\"M12 3.2c-4.8 0-8.8 3.9-8.8 8.8 0 4.8 3.9 8.8 8.8 8.8 4.8 0 8.8-3.9 8.8-8.8 0-4.8-4-8.8-8.8-8.8zm0 16c-4 0-7.2-3.3-7.2-7.2C4.8 8 8 4.8 12 4.8s7.2 3.3 7.2 7.2c0 4-3.2 7.2-7.2 7.2zM11 17h2v-6h-2v6zm0-8h2V7h-2v2z\"><\/path>\n\t\t<\/svg>\n\t\t<div class=\"wc-block-components-notice-banner__content\">\n\t\t\tYour basket is currently empty.\t\t<\/div>\n\t<\/div>\n<\/div>\t<p class=\"return-to-shop\">\n\t\t<a class=\"button wc-backward wp-element-button\" href=\"https:\/\/roofroast.com\/en\/shop-2\/\">\n\t\t\tReturn to shop\t\t<\/a>\n\t<\/p>\n<\/div>","protected":false},"excerpt":{"rendered":"","protected":false},"author":1,"featured_media":0,"parent":0,"menu_order":0,"comment_status":"closed","ping_status":"closed","template":"","meta":{"_uag_custom_page_level_css":"","_monsterinsights_skip_tracking":false,"_monsterinsights_sitenote_active":false,"_monsterinsights_sitenote_note":"","_monsterinsights_sitenote_category":0,"footnotes":""},"class_list":["post-320","page","type-page","status-publish","hentry"],"yoast_head":"<!-- This site is optimized with the Yoast SEO plugin v27.6 - https:\/\/yoast.com\/product\/yoast-seo-wordpress\/ -->\n<title>Krep\u0161elis | Roof Roast (Kavos skrudintojai Klaipedoje)<\/title>\n<meta name=\"description\" content=\"Kod\u0117l renkiesi Roof Roast skrudintas pupeles?Nes m\u016bs\u0173 \u2013 daugiau nei paprastos pupel\u0117s.Kiekviename puodelyje pasakojame istorij\u0105.Skrudinama Klaip\u0117doje, susitelk\u0119 \u012f skon\u012f, pami\u0161\u0119 d\u0117l juodos kavos.Prad\u0117k savo istorij\u0105 su Roof Roast.\" \/>\n<meta name=\"robots\" content=\"index, follow, max-snippet:-1, max-image-preview:large, max-video-preview:-1\" \/>\n<link rel=\"canonical\" href=\"https:\/\/roofroast.com\/en\/krepselis\/\" \/>\n<meta property=\"og:locale\" content=\"en_GB\" \/>\n<meta property=\"og:type\" content=\"article\" \/>\n<meta property=\"og:title\" content=\"Krep\u0161elis | Roof Roast (Kavos skrudintojai Klaipedoje)\" \/>\n<meta property=\"og:description\" content=\"Kod\u0117l renkiesi Roof Roast skrudintas pupeles?Nes m\u016bs\u0173 \u2013 daugiau nei paprastos pupel\u0117s.Kiekviename puodelyje pasakojame istorij\u0105.Skrudinama Klaip\u0117doje, susitelk\u0119 \u012f skon\u012f, pami\u0161\u0119 d\u0117l juodos kavos.Prad\u0117k savo istorij\u0105 su Roof Roast.\" \/>\n<meta property=\"og:url\" content=\"https:\/\/roofroast.com\/en\/krepselis\/\" \/>\n<meta property=\"og:site_name\" content=\"ROOF ROAST\" \/>\n<meta property=\"article:publisher\" content=\"https:\/\/www.facebook.com\/roofroast.lt\" \/>\n<meta property=\"article:modified_time\" content=\"2025-05-17T11:53:12+00:00\" \/>\n<meta property=\"og:image\" content=\"https:\/\/roofroast.com\/wp-content\/uploads\/2025\/03\/DSC08038-1-scaled.jpeg\" \/>\n\t<meta property=\"og:image:width\" content=\"2560\" \/>\n\t<meta property=\"og:image:height\" content=\"1707\" \/>\n\t<meta property=\"og:image:type\" content=\"image\/jpeg\" \/>\n<meta name=\"twitter:card\" content=\"summary_large_image\" \/>\n<script type=\"application\/ld+json\" class=\"yoast-schema-graph\">{\"@context\":\"https:\\\/\\\/schema.org\",\"@graph\":[{\"@type\":\"WebPage\",\"@id\":\"https:\\\/\\\/roofroast.com\\\/krepselis\\\/\",\"url\":\"https:\\\/\\\/roofroast.com\\\/krepselis\\\/\",\"name\":\"Krep\u0161elis | Roof Roast (Kavos skrudintojai Klaipedoje)\",\"isPartOf\":{\"@id\":\"https:\\\/\\\/roofroast.com\\\/#website\"},\"datePublished\":\"2024-09-27T15:08:28+00:00\",\"dateModified\":\"2025-05-17T11:53:12+00:00\",\"description\":\"Kod\u0117l renkiesi Roof Roast skrudintas pupeles?Nes m\u016bs\u0173 \u2013 daugiau nei paprastos pupel\u0117s.Kiekviename puodelyje pasakojame istorij\u0105.Skrudinama Klaip\u0117doje, susitelk\u0119 \u012f skon\u012f, pami\u0161\u0119 d\u0117l juodos kavos.Prad\u0117k savo istorij\u0105 su Roof Roast.\",\"breadcrumb\":{\"@id\":\"https:\\\/\\\/roofroast.com\\\/krepselis\\\/#breadcrumb\"},\"inLanguage\":\"en-GB\",\"potentialAction\":[{\"@type\":\"ReadAction\",\"target\":[\"https:\\\/\\\/roofroast.com\\\/krepselis\\\/\"]}]},{\"@type\":\"BreadcrumbList\",\"@id\":\"https:\\\/\\\/roofroast.com\\\/krepselis\\\/#breadcrumb\",\"itemListElement\":[{\"@type\":\"ListItem\",\"position\":1,\"name\":\"Home\",\"item\":\"https:\\\/\\\/roofroast.com\\\/\"},{\"@type\":\"ListItem\",\"position\":2,\"name\":\"Krep\u0161elis\"}]},{\"@type\":\"WebSite\",\"@id\":\"https:\\\/\\\/roofroast.com\\\/#website\",\"url\":\"https:\\\/\\\/roofroast.com\\\/\",\"name\":\"Roof Roast\",\"description\":\"Roof Roast (Kavos skrudintojai Klaipedoje)\",\"publisher\":{\"@id\":\"https:\\\/\\\/roofroast.com\\\/#organization\"},\"alternateName\":\"Roof Roast (Kavos skrudintojai Klaipedoje)\",\"potentialAction\":[{\"@type\":\"SearchAction\",\"target\":{\"@type\":\"EntryPoint\",\"urlTemplate\":\"https:\\\/\\\/roofroast.com\\\/?s={search_term_string}\"},\"query-input\":{\"@type\":\"PropertyValueSpecification\",\"valueRequired\":true,\"valueName\":\"search_term_string\"}}],\"inLanguage\":\"en-GB\"},{\"@type\":\"Organization\",\"@id\":\"https:\\\/\\\/roofroast.com\\\/#organization\",\"name\":\"Roof Roast (Kavos skrudintojai Klaipedoje)\",\"alternateName\":\"Roof Roast\",\"url\":\"https:\\\/\\\/roofroast.com\\\/\",\"logo\":{\"@type\":\"ImageObject\",\"inLanguage\":\"en-GB\",\"@id\":\"https:\\\/\\\/roofroast.com\\\/#\\\/schema\\\/logo\\\/image\\\/\",\"url\":\"https:\\\/\\\/roofroast.com\\\/wp-content\\\/uploads\\\/2024\\\/09\\\/cropped-cropped-IMG_6146.png\",\"contentUrl\":\"https:\\\/\\\/roofroast.com\\\/wp-content\\\/uploads\\\/2024\\\/09\\\/cropped-cropped-IMG_6146.png\",\"width\":512,\"height\":484,\"caption\":\"Roof Roast (Kavos skrudintojai Klaipedoje)\"},\"image\":{\"@id\":\"https:\\\/\\\/roofroast.com\\\/#\\\/schema\\\/logo\\\/image\\\/\"},\"sameAs\":[\"https:\\\/\\\/www.facebook.com\\\/roofroast.lt\",\"https:\\\/\\\/www.youtube.com\\\/@roofroast\",\"https:\\\/\\\/www.tiktok.com\\\/@roofroast?_t=ZN-8vMRvgnZR0o&_r=1\",\"https:\\\/\\\/www.instagram.com\\\/roofroastlt\\\/\"]}]}<\/script>\n<!-- \/ Yoast SEO plugin. -->","yoast_head_json":{"title":"Krep\u0161elis | Roof Roast (Kavos skrudintojai Klaipedoje)","description":"Kod\u0117l renkiesi Roof Roast skrudintas pupeles?Nes m\u016bs\u0173 \u2013 daugiau nei paprastos pupel\u0117s.Kiekviename puodelyje pasakojame istorij\u0105.Skrudinama Klaip\u0117doje, susitelk\u0119 \u012f skon\u012f, pami\u0161\u0119 d\u0117l juodos kavos.Prad\u0117k savo istorij\u0105 su Roof Roast.","robots":{"index":"index","follow":"follow","max-snippet":"max-snippet:-1","max-image-preview":"max-image-preview:large","max-video-preview":"max-video-preview:-1"},"canonical":"https:\/\/roofroast.com\/en\/krepselis\/","og_locale":"en_GB","og_type":"article","og_title":"Krep\u0161elis | Roof Roast (Kavos skrudintojai Klaipedoje)","og_description":"Kod\u0117l renkiesi Roof Roast skrudintas pupeles?Nes m\u016bs\u0173 \u2013 daugiau nei paprastos pupel\u0117s.Kiekviename puodelyje pasakojame istorij\u0105.Skrudinama Klaip\u0117doje, susitelk\u0119 \u012f skon\u012f, pami\u0161\u0119 d\u0117l juodos kavos.Prad\u0117k savo istorij\u0105 su Roof Roast.","og_url":"https:\/\/roofroast.com\/en\/krepselis\/","og_site_name":"ROOF ROAST","article_publisher":"https:\/\/www.facebook.com\/roofroast.lt","article_modified_time":"2025-05-17T11:53:12+00:00","og_image":[{"width":2560,"height":1707,"url":"https:\/\/roofroast.com\/wp-content\/uploads\/2025\/03\/DSC08038-1-scaled.jpeg","type":"image\/jpeg"}],"twitter_card":"summary_large_image","schema":{"@context":"https:\/\/schema.org","@graph":[{"@type":"WebPage","@id":"https:\/\/roofroast.com\/krepselis\/","url":"https:\/\/roofroast.com\/krepselis\/","name":"Krep\u0161elis | Roof Roast (Kavos skrudintojai Klaipedoje)","isPartOf":{"@id":"https:\/\/roofroast.com\/#website"},"datePublished":"2024-09-27T15:08:28+00:00","dateModified":"2025-05-17T11:53:12+00:00","description":"Kod\u0117l renkiesi Roof Roast skrudintas pupeles?Nes m\u016bs\u0173 \u2013 daugiau nei paprastos pupel\u0117s.Kiekviename puodelyje pasakojame istorij\u0105.Skrudinama Klaip\u0117doje, susitelk\u0119 \u012f skon\u012f, pami\u0161\u0119 d\u0117l juodos kavos.Prad\u0117k savo istorij\u0105 su Roof Roast.","breadcrumb":{"@id":"https:\/\/roofroast.com\/krepselis\/#breadcrumb"},"inLanguage":"en-GB","potentialAction":[{"@type":"ReadAction","target":["https:\/\/roofroast.com\/krepselis\/"]}]},{"@type":"BreadcrumbList","@id":"https:\/\/roofroast.com\/krepselis\/#breadcrumb","itemListElement":[{"@type":"ListItem","position":1,"name":"Home","item":"https:\/\/roofroast.com\/"},{"@type":"ListItem","position":2,"name":"Krep\u0161elis"}]},{"@type":"WebSite","@id":"https:\/\/roofroast.com\/#website","url":"https:\/\/roofroast.com\/","name":"Roof Roast","description":"Roof Roast (Kavos skrudintojai Klaipedoje)","publisher":{"@id":"https:\/\/roofroast.com\/#organization"},"alternateName":"Roof Roast (Kavos skrudintojai Klaipedoje)","potentialAction":[{"@type":"SearchAction","target":{"@type":"EntryPoint","urlTemplate":"https:\/\/roofroast.com\/?s={search_term_string}"},"query-input":{"@type":"PropertyValueSpecification","valueRequired":true,"valueName":"search_term_string"}}],"inLanguage":"en-GB"},{"@type":"Organization","@id":"https:\/\/roofroast.com\/#organization","name":"Roof Roast (Kavos skrudintojai Klaipedoje)","alternateName":"Roof Roast","url":"https:\/\/roofroast.com\/","logo":{"@type":"ImageObject","inLanguage":"en-GB","@id":"https:\/\/roofroast.com\/#\/schema\/logo\/image\/","url":"https:\/\/roofroast.com\/wp-content\/uploads\/2024\/09\/cropped-cropped-IMG_6146.png","contentUrl":"https:\/\/roofroast.com\/wp-content\/uploads\/2024\/09\/cropped-cropped-IMG_6146.png","width":512,"height":484,"caption":"Roof Roast (Kavos skrudintojai Klaipedoje)"},"image":{"@id":"https:\/\/roofroast.com\/#\/schema\/logo\/image\/"},"sameAs":["https:\/\/www.facebook.com\/roofroast.lt","https:\/\/www.youtube.com\/@roofroast","https:\/\/www.tiktok.com\/@roofroast?_t=ZN-8vMRvgnZR0o&_r=1","https:\/\/www.instagram.com\/roofroastlt\/"]}]}},"uagb_featured_image_src":{"full":false,"thumbnail":false,"medium":false,"medium_large":false,"large":false,"1536x1536":false,"2048x2048":false,"trp-custom-language-flag":false,"woocommerce_thumbnail":false,"woocommerce_single":false,"woocommerce_gallery_thumbnail":false},"uagb_author_info":{"display_name":"Roman Bogatyr","author_link":"https:\/\/roofroast.com\/en\/author\/roofroastgmail-com\/"},"uagb_comment_info":0,"uagb_excerpt":null,"_links":{"self":[{"href":"https:\/\/roofroast.com\/en\/wp-json\/wp\/v2\/pages\/320","targetHints":{"allow":["GET"]}}],"collection":[{"href":"https:\/\/roofroast.com\/en\/wp-json\/wp\/v2\/pages"}],"about":[{"href":"https:\/\/roofroast.com\/en\/wp-json\/wp\/v2\/types\/page"}],"author":[{"embeddable":true,"href":"https:\/\/roofroast.com\/en\/wp-json\/wp\/v2\/users\/1"}],"replies":[{"embeddable":true,"href":"https:\/\/roofroast.com\/en\/wp-json\/wp\/v2\/comments?post=320"}],"version-history":[{"count":12,"href":"https:\/\/roofroast.com\/en\/wp-json\/wp\/v2\/pages\/320\/revisions"}],"predecessor-version":[{"id":3267,"href":"https:\/\/roofroast.com\/en\/wp-json\/wp\/v2\/pages\/320\/revisions\/3267"}],"wp:attachment":[{"href":"https:\/\/roofroast.com\/en\/wp-json\/wp\/v2\/media?parent=320"}],"curies":[{"name":"wp","href":"https:\/\/api.w.org\/{rel}","templated":true}]}}