{"id":326,"date":"2024-09-27T15:08:28","date_gmt":"2024-09-27T15:08:28","guid":{"rendered":"https:\/\/roofroast.com\/home\/"},"modified":"2025-07-23T08:42:10","modified_gmt":"2025-07-23T08:42:10","slug":"https-roofroast-com","status":"publish","type":"page","link":"https:\/\/roofroast.com\/en\/","title":{"rendered":"R\u016b\u0161in\u0117s Kavos Namai Klaip\u0117doje"},"content":{"rendered":"<div class=\"wp-block-uagb-container uagb-block-82e2183b alignfull uagb-is-root-container\"><div class=\"uagb-container__video-wrap\"><video autoplay loop muted playsinline><source src=\"https:\/\/roofroast.com\/wp-content\/uploads\/2024\/10\/39811-428107820_medium.mp4\" type=\"video\/mp4\"\/><\/video><\/div><div class=\"uagb-container-inner-blocks-wrap\">\r\n<div class=\"wp-block-uagb-info-box uagb-block-86615fd6 uagb-infobox__content-wrap  uagb-infobox-icon-above-title uagb-infobox-image-valign-top\"><div class=\"uagb-ifb-content\"><div class=\"uagb-ifb-title-wrap\"><h1 class=\"uagb-ifb-title\">Coffee Roasters<\/h1><\/div><div class=\"uagb-ifb-button-wrapper wp-block-button\"><a href=\"#\" class=\"uagb-infobox-cta-link wp-block-button__link\" target=\"_self\" rel=\"noopener noreferrer\" onclick=\"return false;\"><span class=\"uagb-inline-editing\">Learn More<\/span><\/a><\/div><\/div><\/div>\r\n<\/div><\/div>\r\n\r\n\r\n\r\n<div class=\"wp-block-uagb-container uagb-block-e1a7a6c0 alignfull uagb-is-root-container\"><div class=\"uagb-container-inner-blocks-wrap\">\r\n<div class=\"wp-block-uagb-info-box uagb-block-15b7dc11 uagb-infobox__content-wrap  uagb-infobox-icon-above-title uagb-infobox-image-valign-top\"><div class=\"uagb-ifb-content\"><div class=\"uagb-ifb-title-wrap\"><h6 class=\"uagb-ifb-title-prefix\">What is Coffee ?<\/h6><h2 class=\"uagb-ifb-title\">Coffee is a popular drink made from roasted coffee beans. The beans come from the seeds of the Coffea plant&#8217;s berries. Keep reading to find out where it comes from, different processing methods, growing regions, and more.<\/h2><\/div><\/div><\/div>\r\n\r\n\r\n\r\n<div class=\"wp-block-uagb-info-box uagb-block-1b23789d uagb-infobox__content-wrap  uagb-infobox-icon-above-title uagb-infobox-image-valign-top\"><div class=\"uagb-ifb-content\"><div class=\"uagb-ifb-title-wrap\"><\/div><div class=\"uagb-ifb-button-wrapper wp-block-button\"><a href=\"#\" class=\"uagb-infobox-cta-link wp-block-button__link\" target=\"_self\" rel=\"noopener noreferrer\" onclick=\"return false;\"><span class=\"uagb-inline-editing\">Read More<\/span><\/a><\/div><\/div><\/div>\r\n<\/div><\/div>\r\n\r\n\r\n\r\n<div class=\"wp-block-uagb-container uagb-block-8ee34b9c alignfull uagb-is-root-container\"><div class=\"uagb-container-inner-blocks-wrap\">\r\n<div class=\"wp-block-uagb-advanced-heading uagb-block-b3da62b8\"><h3 class=\"uagb-heading-text\">Categories<\/h3><\/div>\r\n\r\n\r\n<div class=\"woocommerce columns-4\"><\/div>\n<\/div><\/div>\r\n\r\n\r\n\r\n<div class=\"wp-block-uagb-container uagb-block-dd938b3f alignfull uagb-is-root-container\"><div class=\"uagb-container-inner-blocks-wrap\">\r\n<article class=\"wp-block-uagb-info-box uagb-block-fb459d06 uagb-infobox__content-wrap  uagb-infobox-icon-above-title uagb-infobox-image-valign-top\"><div class=\"uagb-ifb-content\"><div class=\"uagb-ifb-title-wrap\"><h2 class=\"uagb-ifb-title\">Start on your journey to healthy, satisfying, aromatic, and flavourful organic coffee <\/h2><\/div><div class=\"uagb-ifb-button-wrapper wp-block-button\"><a href=\"#\" class=\"uagb-infobox-cta-link wp-block-button__link\" target=\"_self\" rel=\"noopener noreferrer\" onclick=\"return false;\"><span class=\"uagb-inline-editing\">SHOP NOW<\/span><\/a><\/div><\/div><\/article>\r\n<\/div><\/div>\r\n\r\n\r\n\r\n<div class=\"wp-block-uagb-container uagb-block-1be2c2dc alignfull uagb-is-root-container\"><div class=\"uagb-container-inner-blocks-wrap\">\r\n<div class=\"wp-block-uagb-advanced-heading uagb-block-b8a924d3\"><h3 class=\"uagb-heading-text\">New Arrivals<\/h3><\/div>\r\n\r\n\r\n<div class=\"woocommerce columns-4\"><\/div>\n<\/div><\/div>","protected":false},"excerpt":{"rendered":"<p>Categories New Arrivals<\/p>","protected":false},"author":1,"featured_media":2847,"parent":0,"menu_order":0,"comment_status":"closed","ping_status":"closed","template":"","meta":{"_uag_custom_page_level_css":"","_monsterinsights_skip_tracking":false,"_monsterinsights_sitenote_active":false,"_monsterinsights_sitenote_note":"","_monsterinsights_sitenote_category":0,"footnotes":""},"class_list":["post-326","page","type-page","status-publish","has-post-thumbnail","hentry"],"yoast_head":"<!-- This site is optimized with the Yoast SEO plugin v27.6 - https:\/\/yoast.com\/product\/yoast-seo-wordpress\/ -->\n<title>R\u016b\u0161in\u0117s Kavos Namai Klaip\u0117doje | Kavos skrudinimas | Kavos pupel\u0117s | Roof Roast<\/title>\n<meta name=\"description\" content=\"Kod\u0117l renkiesi Roof Roast skrudintas pupeles?Nes m\u016bs\u0173 \u2013 daugiau nei paprastos pupel\u0117s.Kiekviename puodelyje pasakojame istorij\u0105.Skrudinama Klaip\u0117doje, susitelk\u0119 \u012f skon\u012f, pami\u0161\u0119 d\u0117l juodos kavos.Prad\u0117k savo istorij\u0105 su Roof Roast.\" \/>\n<meta name=\"robots\" content=\"index, follow, max-snippet:-1, max-image-preview:large, max-video-preview:-1\" \/>\n<link rel=\"canonical\" href=\"https:\/\/roofroast.com\/en\/\" \/>\n<meta property=\"og:locale\" content=\"en_GB\" \/>\n<meta property=\"og:type\" content=\"article\" \/>\n<meta property=\"og:title\" content=\"Coffee Roasters- Klaipeda\" \/>\n<meta property=\"og:description\" content=\"SHOP Coffee the highest standards in specialty coffee. Discover premium,fresh roasted Coffee beans from Roof Roast coffee roasters, expertly crafted for the perfect cup every time.\" \/>\n<meta property=\"og:url\" content=\"https:\/\/roofroast.com\/en\/\" \/>\n<meta property=\"og:site_name\" content=\"ROOF ROAST\" \/>\n<meta property=\"article:publisher\" content=\"https:\/\/www.facebook.com\/roofroast.lt\" \/>\n<meta property=\"article:modified_time\" content=\"2025-07-23T08:42:10+00:00\" \/>\n<meta property=\"og:image\" content=\"https:\/\/roofroast.com\/wp-content\/uploads\/2025\/03\/DSC08027-scaled.jpeg\" \/>\n\t<meta property=\"og:image:width\" content=\"2560\" \/>\n\t<meta property=\"og:image:height\" content=\"1707\" \/>\n\t<meta property=\"og:image:type\" content=\"image\/jpeg\" \/>\n<meta name=\"twitter:card\" content=\"summary_large_image\" \/>\n<meta name=\"twitter:label1\" content=\"Estimated reading time\" \/>\n\t<meta name=\"twitter:data1\" content=\"1 minute\" \/>\n<script type=\"application\/ld+json\" class=\"yoast-schema-graph\">{\"@context\":\"https:\\\/\\\/schema.org\",\"@graph\":[{\"@type\":\"WebPage\",\"@id\":\"https:\\\/\\\/roofroast.com\\\/\",\"url\":\"https:\\\/\\\/roofroast.com\\\/\",\"name\":\"R\u016b\u0161in\u0117s Kavos Namai Klaip\u0117doje | Kavos skrudinimas | Kavos pupel\u0117s | Roof Roast\",\"isPartOf\":{\"@id\":\"https:\\\/\\\/roofroast.com\\\/#website\"},\"primaryImageOfPage\":{\"@id\":\"https:\\\/\\\/roofroast.com\\\/#primaryimage\"},\"image\":{\"@id\":\"https:\\\/\\\/roofroast.com\\\/#primaryimage\"},\"thumbnailUrl\":\"https:\\\/\\\/roofroast.com\\\/wp-content\\\/uploads\\\/2025\\\/03\\\/DSC08038-1-scaled.jpeg\",\"datePublished\":\"2024-09-27T15:08:28+00:00\",\"dateModified\":\"2025-07-23T08:42:10+00:00\",\"description\":\"Kod\u0117l renkiesi Roof Roast skrudintas pupeles?Nes m\u016bs\u0173 \u2013 daugiau nei paprastos pupel\u0117s.Kiekviename puodelyje pasakojame istorij\u0105.Skrudinama Klaip\u0117doje, susitelk\u0119 \u012f skon\u012f, pami\u0161\u0119 d\u0117l juodos kavos.Prad\u0117k savo istorij\u0105 su Roof Roast.\",\"breadcrumb\":{\"@id\":\"https:\\\/\\\/roofroast.com\\\/#breadcrumb\"},\"inLanguage\":\"en-GB\",\"potentialAction\":[{\"@type\":\"ReadAction\",\"target\":[\"https:\\\/\\\/roofroast.com\\\/\"]}]},{\"@type\":\"ImageObject\",\"inLanguage\":\"en-GB\",\"@id\":\"https:\\\/\\\/roofroast.com\\\/#primaryimage\",\"url\":\"https:\\\/\\\/roofroast.com\\\/wp-content\\\/uploads\\\/2025\\\/03\\\/DSC08038-1-scaled.jpeg\",\"contentUrl\":\"https:\\\/\\\/roofroast.com\\\/wp-content\\\/uploads\\\/2025\\\/03\\\/DSC08038-1-scaled.jpeg\",\"width\":2560,\"height\":1707},{\"@type\":\"BreadcrumbList\",\"@id\":\"https:\\\/\\\/roofroast.com\\\/#breadcrumb\",\"itemListElement\":[{\"@type\":\"ListItem\",\"position\":1,\"name\":\"Home\",\"item\":\"https:\\\/\\\/roofroast.com\\\/\"},{\"@type\":\"ListItem\",\"position\":2,\"name\":\"R\u016b\u0161in\u0117s Kavos Namai Klaip\u0117doje\"}]},{\"@type\":\"WebSite\",\"@id\":\"https:\\\/\\\/roofroast.com\\\/#website\",\"url\":\"https:\\\/\\\/roofroast.com\\\/\",\"name\":\"Roof Roast\",\"description\":\"Roof Roast (Kavos skrudintojai Klaipedoje)\",\"publisher\":{\"@id\":\"https:\\\/\\\/roofroast.com\\\/#organization\"},\"alternateName\":\"Roof Roast (Kavos skrudintojai Klaipedoje)\",\"potentialAction\":[{\"@type\":\"SearchAction\",\"target\":{\"@type\":\"EntryPoint\",\"urlTemplate\":\"https:\\\/\\\/roofroast.com\\\/?s={search_term_string}\"},\"query-input\":{\"@type\":\"PropertyValueSpecification\",\"valueRequired\":true,\"valueName\":\"search_term_string\"}}],\"inLanguage\":\"en-GB\"},{\"@type\":\"Organization\",\"@id\":\"https:\\\/\\\/roofroast.com\\\/#organization\",\"name\":\"Roof Roast (Kavos skrudintojai Klaipedoje)\",\"alternateName\":\"Roof Roast\",\"url\":\"https:\\\/\\\/roofroast.com\\\/\",\"logo\":{\"@type\":\"ImageObject\",\"inLanguage\":\"en-GB\",\"@id\":\"https:\\\/\\\/roofroast.com\\\/#\\\/schema\\\/logo\\\/image\\\/\",\"url\":\"https:\\\/\\\/roofroast.com\\\/wp-content\\\/uploads\\\/2024\\\/09\\\/cropped-cropped-IMG_6146.png\",\"contentUrl\":\"https:\\\/\\\/roofroast.com\\\/wp-content\\\/uploads\\\/2024\\\/09\\\/cropped-cropped-IMG_6146.png\",\"width\":512,\"height\":484,\"caption\":\"Roof Roast (Kavos skrudintojai Klaipedoje)\"},\"image\":{\"@id\":\"https:\\\/\\\/roofroast.com\\\/#\\\/schema\\\/logo\\\/image\\\/\"},\"sameAs\":[\"https:\\\/\\\/www.facebook.com\\\/roofroast.lt\",\"https:\\\/\\\/www.youtube.com\\\/@roofroast\",\"https:\\\/\\\/www.tiktok.com\\\/@roofroast?_t=ZN-8vMRvgnZR0o&_r=1\",\"https:\\\/\\\/www.instagram.com\\\/roofroastlt\\\/\"]}]}<\/script>\n<!-- \/ Yoast SEO plugin. -->","yoast_head_json":{"title":"R\u016b\u0161in\u0117s Kavos Namai Klaip\u0117doje | Kavos skrudinimas | Kavos pupel\u0117s | Roof Roast","description":"Kod\u0117l renkiesi Roof Roast skrudintas pupeles?Nes m\u016bs\u0173 \u2013 daugiau nei paprastos pupel\u0117s.Kiekviename puodelyje pasakojame istorij\u0105.Skrudinama Klaip\u0117doje, susitelk\u0119 \u012f skon\u012f, pami\u0161\u0119 d\u0117l juodos kavos.Prad\u0117k savo istorij\u0105 su Roof Roast.","robots":{"index":"index","follow":"follow","max-snippet":"max-snippet:-1","max-image-preview":"max-image-preview:large","max-video-preview":"max-video-preview:-1"},"canonical":"https:\/\/roofroast.com\/en\/","og_locale":"en_GB","og_type":"article","og_title":"Coffee Roasters- Klaipeda","og_description":"SHOP Coffee the highest standards in specialty coffee. Discover premium,fresh roasted Coffee beans from Roof Roast coffee roasters, expertly crafted for the perfect cup every time.","og_url":"https:\/\/roofroast.com\/en\/","og_site_name":"ROOF ROAST","article_publisher":"https:\/\/www.facebook.com\/roofroast.lt","article_modified_time":"2025-07-23T08:42:10+00:00","og_image":[{"width":2560,"height":1707,"url":"https:\/\/roofroast.com\/wp-content\/uploads\/2025\/03\/DSC08027-scaled.jpeg","type":"image\/jpeg"}],"twitter_card":"summary_large_image","twitter_misc":{"Estimated reading time":"1 minute"},"schema":{"@context":"https:\/\/schema.org","@graph":[{"@type":"WebPage","@id":"https:\/\/roofroast.com\/","url":"https:\/\/roofroast.com\/","name":"R\u016b\u0161in\u0117s Kavos Namai Klaip\u0117doje | Kavos skrudinimas | Kavos pupel\u0117s | Roof Roast","isPartOf":{"@id":"https:\/\/roofroast.com\/#website"},"primaryImageOfPage":{"@id":"https:\/\/roofroast.com\/#primaryimage"},"image":{"@id":"https:\/\/roofroast.com\/#primaryimage"},"thumbnailUrl":"https:\/\/roofroast.com\/wp-content\/uploads\/2025\/03\/DSC08038-1-scaled.jpeg","datePublished":"2024-09-27T15:08:28+00:00","dateModified":"2025-07-23T08:42:10+00:00","description":"Kod\u0117l renkiesi Roof Roast skrudintas pupeles?Nes m\u016bs\u0173 \u2013 daugiau nei paprastos pupel\u0117s.Kiekviename puodelyje pasakojame istorij\u0105.Skrudinama Klaip\u0117doje, susitelk\u0119 \u012f skon\u012f, pami\u0161\u0119 d\u0117l juodos kavos.Prad\u0117k savo istorij\u0105 su Roof Roast.","breadcrumb":{"@id":"https:\/\/roofroast.com\/#breadcrumb"},"inLanguage":"en-GB","potentialAction":[{"@type":"ReadAction","target":["https:\/\/roofroast.com\/"]}]},{"@type":"ImageObject","inLanguage":"en-GB","@id":"https:\/\/roofroast.com\/#primaryimage","url":"https:\/\/roofroast.com\/wp-content\/uploads\/2025\/03\/DSC08038-1-scaled.jpeg","contentUrl":"https:\/\/roofroast.com\/wp-content\/uploads\/2025\/03\/DSC08038-1-scaled.jpeg","width":2560,"height":1707},{"@type":"BreadcrumbList","@id":"https:\/\/roofroast.com\/#breadcrumb","itemListElement":[{"@type":"ListItem","position":1,"name":"Home","item":"https:\/\/roofroast.com\/"},{"@type":"ListItem","position":2,"name":"R\u016b\u0161in\u0117s Kavos Namai Klaip\u0117doje"}]},{"@type":"WebSite","@id":"https:\/\/roofroast.com\/#website","url":"https:\/\/roofroast.com\/","name":"Roof Roast","description":"Roof Roast (Kavos skrudintojai Klaipedoje)","publisher":{"@id":"https:\/\/roofroast.com\/#organization"},"alternateName":"Roof Roast (Kavos skrudintojai Klaipedoje)","potentialAction":[{"@type":"SearchAction","target":{"@type":"EntryPoint","urlTemplate":"https:\/\/roofroast.com\/?s={search_term_string}"},"query-input":{"@type":"PropertyValueSpecification","valueRequired":true,"valueName":"search_term_string"}}],"inLanguage":"en-GB"},{"@type":"Organization","@id":"https:\/\/roofroast.com\/#organization","name":"Roof Roast (Kavos skrudintojai Klaipedoje)","alternateName":"Roof Roast","url":"https:\/\/roofroast.com\/","logo":{"@type":"ImageObject","inLanguage":"en-GB","@id":"https:\/\/roofroast.com\/#\/schema\/logo\/image\/","url":"https:\/\/roofroast.com\/wp-content\/uploads\/2024\/09\/cropped-cropped-IMG_6146.png","contentUrl":"https:\/\/roofroast.com\/wp-content\/uploads\/2024\/09\/cropped-cropped-IMG_6146.png","width":512,"height":484,"caption":"Roof Roast (Kavos skrudintojai Klaipedoje)"},"image":{"@id":"https:\/\/roofroast.com\/#\/schema\/logo\/image\/"},"sameAs":["https:\/\/www.facebook.com\/roofroast.lt","https:\/\/www.youtube.com\/@roofroast","https:\/\/www.tiktok.com\/@roofroast?_t=ZN-8vMRvgnZR0o&_r=1","https:\/\/www.instagram.com\/roofroastlt\/"]}]}},"uagb_featured_image_src":{"full":["https:\/\/roofroast.com\/wp-content\/uploads\/2025\/03\/DSC08038-1-scaled.jpeg",2560,1707,false],"thumbnail":["https:\/\/roofroast.com\/wp-content\/uploads\/2025\/03\/DSC08038-1-150x150.jpeg",150,150,true],"medium":["https:\/\/roofroast.com\/wp-content\/uploads\/2025\/03\/DSC08038-1-300x200.jpeg",300,200,true],"medium_large":["https:\/\/roofroast.com\/wp-content\/uploads\/2025\/03\/DSC08038-1-768x512.jpeg",768,512,true],"large":["https:\/\/roofroast.com\/wp-content\/uploads\/2025\/03\/DSC08038-1-1024x683.jpeg",1024,683,true],"1536x1536":["https:\/\/roofroast.com\/wp-content\/uploads\/2025\/03\/DSC08038-1-1536x1024.jpeg",1536,1024,true],"2048x2048":["https:\/\/roofroast.com\/wp-content\/uploads\/2025\/03\/DSC08038-1-2048x1365.jpeg",2048,1365,true],"trp-custom-language-flag":["https:\/\/roofroast.com\/wp-content\/uploads\/2025\/03\/DSC08038-1-18x12.jpeg",18,12,true],"woocommerce_thumbnail":["https:\/\/roofroast.com\/wp-content\/uploads\/2025\/03\/DSC08038-1-300x300.jpeg",300,300,true],"woocommerce_single":["https:\/\/roofroast.com\/wp-content\/uploads\/2025\/03\/DSC08038-1-600x400.jpeg",600,400,true],"woocommerce_gallery_thumbnail":["https:\/\/roofroast.com\/wp-content\/uploads\/2025\/03\/DSC08038-1-100x100.jpeg",100,100,true]},"uagb_author_info":{"display_name":"Roman Bogatyr","author_link":"https:\/\/roofroast.com\/en\/author\/roofroastgmail-com\/"},"uagb_comment_info":0,"uagb_excerpt":"Categories New Arrivals","_links":{"self":[{"href":"https:\/\/roofroast.com\/en\/wp-json\/wp\/v2\/pages\/326","targetHints":{"allow":["GET"]}}],"collection":[{"href":"https:\/\/roofroast.com\/en\/wp-json\/wp\/v2\/pages"}],"about":[{"href":"https:\/\/roofroast.com\/en\/wp-json\/wp\/v2\/types\/page"}],"author":[{"embeddable":true,"href":"https:\/\/roofroast.com\/en\/wp-json\/wp\/v2\/users\/1"}],"replies":[{"embeddable":true,"href":"https:\/\/roofroast.com\/en\/wp-json\/wp\/v2\/comments?post=326"}],"version-history":[{"count":12,"href":"https:\/\/roofroast.com\/en\/wp-json\/wp\/v2\/pages\/326\/revisions"}],"predecessor-version":[{"id":3009,"href":"https:\/\/roofroast.com\/en\/wp-json\/wp\/v2\/pages\/326\/revisions\/3009"}],"wp:featuredmedia":[{"embeddable":true,"href":"https:\/\/roofroast.com\/en\/wp-json\/wp\/v2\/media\/2847"}],"wp:attachment":[{"href":"https:\/\/roofroast.com\/en\/wp-json\/wp\/v2\/media?parent=326"}],"curies":[{"name":"wp","href":"https:\/\/api.w.org\/{rel}","templated":true}]}}