{"id":329,"date":"2024-09-27T15:08:28","date_gmt":"2024-09-27T15:08:28","guid":{"rendered":"https:\/\/roofroast.com\/about\/"},"modified":"2025-05-17T09:56:37","modified_gmt":"2025-05-17T09:56:37","slug":"apie-mus","status":"publish","type":"page","link":"https:\/\/roofroast.com\/en\/apie-mus\/","title":{"rendered":"Apie Mus"},"content":{"rendered":"<div class=\"wp-block-uagb-container uagb-block-e1c2ea49 alignfull uagb-is-root-container\"><div class=\"uagb-container__video-wrap\"><video autoplay loop muted playsinline><source src=\"https:\/\/roofroast.com\/wp-content\/uploads\/2024\/10\/39811-428107820_medium.mp4\" type=\"video\/mp4\"\/><\/video><\/div><div class=\"uagb-container-inner-blocks-wrap\">\r\n<div class=\"wp-block-uagb-info-box uagb-block-1bfbef46 uagb-infobox__content-wrap  uagb-infobox-icon-above-title uagb-infobox-image-valign-top\"><div class=\"uagb-ifb-content\"><div class=\"uagb-ifb-title-wrap\"><h1 class=\"uagb-ifb-title\">Born out of Lithuania<br>Roof Roast is a specialty coffee roastery,Klaipeda,Lithuania. in 2024. Fascinated the aromac and taste of coffee. we threw ourselves into sourcing and roasting our own coffee, our own way, in 2024.<br><br><br>&nbsp;<br><\/h1><\/div><div class=\"uagb-ifb-button-wrapper wp-block-button\"><a href=\"#\" class=\"uagb-infobox-cta-link wp-block-button__link\" target=\"_self\" rel=\"noopener noreferrer\" onclick=\"return false;\"><span class=\"uagb-inline-editing\">Read More<\/span><svg xmlns=\"https:\/\/www.w3.org\/2000\/svg\" viewbox=\"0 0 512 512\"><path d=\"M504.3 273.6l-112.1 104c-6.992 6.484-17.18 8.218-25.94 4.406c-8.758-3.812-14.42-12.45-14.42-21.1L351.9 288H32C14.33 288 .0002 273.7 .0002 255.1S14.33 224 32 224h319.9l0-72c0-9.547 5.66-18.19 14.42-22c8.754-3.809 18.95-2.075 25.94 4.41l112.1 104C514.6 247.9 514.6 264.1 504.3 273.6z\"><\/path><\/svg><\/a><\/div><\/div><\/div>\r\n<\/div><\/div>\r\n\r\n\r\n\r\n<div class=\"wp-block-uagb-container uagb-block-a05e7214 alignfull uagb-is-root-container\"><div class=\"uagb-container-inner-blocks-wrap\">\r\n<div class=\"wp-block-uagb-container uagb-layout-grid uagb-block-a2c6cfd6\">\r\n<div class=\"wp-block-uagb-advanced-heading uagb-block-1ac80494\"><h1 class=\"uagb-heading-text\">Our Mssion<\/h1><\/div>\r\n\r\n\r\n\r\n<div class=\"wp-block-uagb-info-box uagb-block-025fd110 uagb-infobox__content-wrap  uagb-infobox-icon-above-title uagb-infobox-image-valign-top\"><div class=\"uagb-ifb-content\"><div class=\"uagb-ifb-title-wrap\"><div class=\"uagb-ifb-separator\"><\/div><h3 class=\"uagb-ifb-title\">Passionate about quality, our goal is to provide knowledge share some great coffee how to make the best coffees at home.&nbsp;<br>We focus on the freshness of our coffees, always allowing ample resting time to degas, in order to avoid introducing taints into our cups.&nbsp;<br><br><br>Wouldn\u2019t it be great if you could make the best cup of coffee like a coffee shop to enjoy at home with family?<\/h3><\/div><\/div><\/div>\r\n<\/div>\r\n<\/div><\/div>\r\n\r\n\r\n\r\n<div class=\"wp-block-uagb-container uagb-block-dd938b3f alignfull uagb-is-root-container\"><div class=\"uagb-container-inner-blocks-wrap\">\r\n<div class=\"wp-block-uagb-info-box uagb-block-fb459d06 uagb-infobox__content-wrap  uagb-infobox-icon-above-title uagb-infobox-image-valign-top\"><div class=\"uagb-ifb-content\"><div class=\"uagb-ifb-title-wrap\"><h2 class=\"uagb-ifb-title\">Start on your journey to healthy, satisfying, aromatic, and flavourful organic coffee <\/h2><\/div><div class=\"uagb-ifb-button-wrapper wp-block-button\"><a href=\"#\" class=\"uagb-infobox-cta-link wp-block-button__link\" target=\"_self\" rel=\"noopener noreferrer\" onclick=\"return false;\"><span class=\"uagb-inline-editing\">SHOP NOW<\/span><\/a><\/div><\/div><\/div>\r\n<\/div><\/div>\r\n\r\n\r\n\r\n<p><\/p>","protected":false},"excerpt":{"rendered":"<p>Our Mssion<\/p>","protected":false},"author":1,"featured_media":0,"parent":0,"menu_order":0,"comment_status":"closed","ping_status":"closed","template":"about","meta":{"_uag_custom_page_level_css":"","_monsterinsights_skip_tracking":false,"_monsterinsights_sitenote_active":false,"_monsterinsights_sitenote_note":"","_monsterinsights_sitenote_category":0,"footnotes":""},"class_list":["post-329","page","type-page","status-publish","hentry"],"yoast_head":"<!-- This site is optimized with the Yoast SEO plugin v27.6 - https:\/\/yoast.com\/product\/yoast-seo-wordpress\/ -->\n<title>Kavos skrudintojai - Kavos parduotuv\u0117 | kavos pupel\u0117s | skrudinta kava | arabika kava | \u0161vie\u017ei kava | r\u016b\u0161in\u0117 kava<\/title>\n<meta name=\"description\" content=\"Kavos parduotuv\u0117 | kavos pupel\u0117s | skrudinta kava | arabika kava | \u0161vie\u017ei kava | r\u016b\u0161in\u0117 kava\" \/>\n<meta name=\"robots\" content=\"index, follow, max-snippet:-1, max-image-preview:large, max-video-preview:-1\" \/>\n<link rel=\"canonical\" href=\"https:\/\/roofroast.com\/en\/apie-mus\/\" \/>\n<meta property=\"og:locale\" content=\"en_GB\" \/>\n<meta property=\"og:type\" content=\"article\" \/>\n<meta property=\"og:title\" content=\"Kavos skrudintojai - Kavos parduotuv\u0117 | kavos pupel\u0117s | skrudinta kava | arabika kava | \u0161vie\u017ei kava | r\u016b\u0161in\u0117 kava\" \/>\n<meta property=\"og:description\" content=\"Kavos parduotuv\u0117 | kavos pupel\u0117s | skrudinta kava | arabika kava | \u0161vie\u017ei kava | r\u016b\u0161in\u0117 kava\" \/>\n<meta property=\"og:url\" content=\"https:\/\/roofroast.com\/en\/apie-mus\/\" \/>\n<meta property=\"og:site_name\" content=\"ROOF ROAST\" \/>\n<meta property=\"article:publisher\" content=\"https:\/\/www.facebook.com\/roofroast.lt\" \/>\n<meta property=\"article:modified_time\" content=\"2025-05-17T09:56:37+00:00\" \/>\n<meta property=\"og:image\" content=\"https:\/\/roofroast.com\/wp-content\/uploads\/2025\/03\/DSC08038-1-scaled.jpeg\" \/>\n\t<meta property=\"og:image:width\" content=\"2560\" \/>\n\t<meta property=\"og:image:height\" content=\"1707\" \/>\n\t<meta property=\"og:image:type\" content=\"image\/jpeg\" \/>\n<meta name=\"twitter:card\" content=\"summary_large_image\" \/>\n<meta name=\"twitter:label1\" content=\"Estimated reading time\" \/>\n\t<meta name=\"twitter:data1\" content=\"2 minutes\" \/>\n<script type=\"application\/ld+json\" class=\"yoast-schema-graph\">{\"@context\":\"https:\\\/\\\/schema.org\",\"@graph\":[{\"@type\":\"WebPage\",\"@id\":\"https:\\\/\\\/roofroast.com\\\/apie-mus\\\/\",\"url\":\"https:\\\/\\\/roofroast.com\\\/apie-mus\\\/\",\"name\":\"Kavos skrudintojai - Kavos parduotuv\u0117 | kavos pupel\u0117s | skrudinta kava | arabika kava | \u0161vie\u017ei kava | r\u016b\u0161in\u0117 kava\",\"isPartOf\":{\"@id\":\"https:\\\/\\\/roofroast.com\\\/#website\"},\"datePublished\":\"2024-09-27T15:08:28+00:00\",\"dateModified\":\"2025-05-17T09:56:37+00:00\",\"description\":\"Kavos parduotuv\u0117 | kavos pupel\u0117s | skrudinta kava | arabika kava | \u0161vie\u017ei kava | r\u016b\u0161in\u0117 kava\",\"breadcrumb\":{\"@id\":\"https:\\\/\\\/roofroast.com\\\/apie-mus\\\/#breadcrumb\"},\"inLanguage\":\"en-GB\",\"potentialAction\":[{\"@type\":\"ReadAction\",\"target\":[\"https:\\\/\\\/roofroast.com\\\/apie-mus\\\/\"]}]},{\"@type\":\"BreadcrumbList\",\"@id\":\"https:\\\/\\\/roofroast.com\\\/apie-mus\\\/#breadcrumb\",\"itemListElement\":[{\"@type\":\"ListItem\",\"position\":1,\"name\":\"Home\",\"item\":\"https:\\\/\\\/roofroast.com\\\/\"},{\"@type\":\"ListItem\",\"position\":2,\"name\":\"Apie Mus\"}]},{\"@type\":\"WebSite\",\"@id\":\"https:\\\/\\\/roofroast.com\\\/#website\",\"url\":\"https:\\\/\\\/roofroast.com\\\/\",\"name\":\"Roof Roast\",\"description\":\"Roof Roast (Kavos skrudintojai Klaipedoje)\",\"publisher\":{\"@id\":\"https:\\\/\\\/roofroast.com\\\/#organization\"},\"alternateName\":\"Roof Roast (Kavos skrudintojai Klaipedoje)\",\"potentialAction\":[{\"@type\":\"SearchAction\",\"target\":{\"@type\":\"EntryPoint\",\"urlTemplate\":\"https:\\\/\\\/roofroast.com\\\/?s={search_term_string}\"},\"query-input\":{\"@type\":\"PropertyValueSpecification\",\"valueRequired\":true,\"valueName\":\"search_term_string\"}}],\"inLanguage\":\"en-GB\"},{\"@type\":\"Organization\",\"@id\":\"https:\\\/\\\/roofroast.com\\\/#organization\",\"name\":\"Roof Roast (Kavos skrudintojai Klaipedoje)\",\"alternateName\":\"Roof Roast\",\"url\":\"https:\\\/\\\/roofroast.com\\\/\",\"logo\":{\"@type\":\"ImageObject\",\"inLanguage\":\"en-GB\",\"@id\":\"https:\\\/\\\/roofroast.com\\\/#\\\/schema\\\/logo\\\/image\\\/\",\"url\":\"https:\\\/\\\/roofroast.com\\\/wp-content\\\/uploads\\\/2024\\\/09\\\/cropped-cropped-IMG_6146.png\",\"contentUrl\":\"https:\\\/\\\/roofroast.com\\\/wp-content\\\/uploads\\\/2024\\\/09\\\/cropped-cropped-IMG_6146.png\",\"width\":512,\"height\":484,\"caption\":\"Roof Roast (Kavos skrudintojai Klaipedoje)\"},\"image\":{\"@id\":\"https:\\\/\\\/roofroast.com\\\/#\\\/schema\\\/logo\\\/image\\\/\"},\"sameAs\":[\"https:\\\/\\\/www.facebook.com\\\/roofroast.lt\",\"https:\\\/\\\/www.youtube.com\\\/@roofroast\",\"https:\\\/\\\/www.tiktok.com\\\/@roofroast?_t=ZN-8vMRvgnZR0o&_r=1\",\"https:\\\/\\\/www.instagram.com\\\/roofroastlt\\\/\"]}]}<\/script>\n<!-- \/ Yoast SEO plugin. -->","yoast_head_json":{"title":"Kavos skrudintojai - Kavos parduotuv\u0117 | kavos pupel\u0117s | skrudinta kava | arabika kava | \u0161vie\u017ei kava | r\u016b\u0161in\u0117 kava","description":"Kavos parduotuv\u0117 | kavos pupel\u0117s | skrudinta kava | arabika kava | \u0161vie\u017ei kava | r\u016b\u0161in\u0117 kava","robots":{"index":"index","follow":"follow","max-snippet":"max-snippet:-1","max-image-preview":"max-image-preview:large","max-video-preview":"max-video-preview:-1"},"canonical":"https:\/\/roofroast.com\/en\/apie-mus\/","og_locale":"en_GB","og_type":"article","og_title":"Kavos skrudintojai - Kavos parduotuv\u0117 | kavos pupel\u0117s | skrudinta kava | arabika kava | \u0161vie\u017ei kava | r\u016b\u0161in\u0117 kava","og_description":"Kavos parduotuv\u0117 | kavos pupel\u0117s | skrudinta kava | arabika kava | \u0161vie\u017ei kava | r\u016b\u0161in\u0117 kava","og_url":"https:\/\/roofroast.com\/en\/apie-mus\/","og_site_name":"ROOF ROAST","article_publisher":"https:\/\/www.facebook.com\/roofroast.lt","article_modified_time":"2025-05-17T09:56:37+00:00","og_image":[{"width":2560,"height":1707,"url":"https:\/\/roofroast.com\/wp-content\/uploads\/2025\/03\/DSC08038-1-scaled.jpeg","type":"image\/jpeg"}],"twitter_card":"summary_large_image","twitter_misc":{"Estimated reading time":"2 minutes"},"schema":{"@context":"https:\/\/schema.org","@graph":[{"@type":"WebPage","@id":"https:\/\/roofroast.com\/apie-mus\/","url":"https:\/\/roofroast.com\/apie-mus\/","name":"Kavos skrudintojai - Kavos parduotuv\u0117 | kavos pupel\u0117s | skrudinta kava | arabika kava | \u0161vie\u017ei kava | r\u016b\u0161in\u0117 kava","isPartOf":{"@id":"https:\/\/roofroast.com\/#website"},"datePublished":"2024-09-27T15:08:28+00:00","dateModified":"2025-05-17T09:56:37+00:00","description":"Kavos parduotuv\u0117 | kavos pupel\u0117s | skrudinta kava | arabika kava | \u0161vie\u017ei kava | r\u016b\u0161in\u0117 kava","breadcrumb":{"@id":"https:\/\/roofroast.com\/apie-mus\/#breadcrumb"},"inLanguage":"en-GB","potentialAction":[{"@type":"ReadAction","target":["https:\/\/roofroast.com\/apie-mus\/"]}]},{"@type":"BreadcrumbList","@id":"https:\/\/roofroast.com\/apie-mus\/#breadcrumb","itemListElement":[{"@type":"ListItem","position":1,"name":"Home","item":"https:\/\/roofroast.com\/"},{"@type":"ListItem","position":2,"name":"Apie Mus"}]},{"@type":"WebSite","@id":"https:\/\/roofroast.com\/#website","url":"https:\/\/roofroast.com\/","name":"Roof Roast","description":"Roof Roast (Kavos skrudintojai Klaipedoje)","publisher":{"@id":"https:\/\/roofroast.com\/#organization"},"alternateName":"Roof Roast (Kavos skrudintojai Klaipedoje)","potentialAction":[{"@type":"SearchAction","target":{"@type":"EntryPoint","urlTemplate":"https:\/\/roofroast.com\/?s={search_term_string}"},"query-input":{"@type":"PropertyValueSpecification","valueRequired":true,"valueName":"search_term_string"}}],"inLanguage":"en-GB"},{"@type":"Organization","@id":"https:\/\/roofroast.com\/#organization","name":"Roof Roast (Kavos skrudintojai Klaipedoje)","alternateName":"Roof Roast","url":"https:\/\/roofroast.com\/","logo":{"@type":"ImageObject","inLanguage":"en-GB","@id":"https:\/\/roofroast.com\/#\/schema\/logo\/image\/","url":"https:\/\/roofroast.com\/wp-content\/uploads\/2024\/09\/cropped-cropped-IMG_6146.png","contentUrl":"https:\/\/roofroast.com\/wp-content\/uploads\/2024\/09\/cropped-cropped-IMG_6146.png","width":512,"height":484,"caption":"Roof Roast (Kavos skrudintojai Klaipedoje)"},"image":{"@id":"https:\/\/roofroast.com\/#\/schema\/logo\/image\/"},"sameAs":["https:\/\/www.facebook.com\/roofroast.lt","https:\/\/www.youtube.com\/@roofroast","https:\/\/www.tiktok.com\/@roofroast?_t=ZN-8vMRvgnZR0o&_r=1","https:\/\/www.instagram.com\/roofroastlt\/"]}]}},"uagb_featured_image_src":{"full":false,"thumbnail":false,"medium":false,"medium_large":false,"large":false,"1536x1536":false,"2048x2048":false,"trp-custom-language-flag":false,"woocommerce_thumbnail":false,"woocommerce_single":false,"woocommerce_gallery_thumbnail":false},"uagb_author_info":{"display_name":"Roman Bogatyr","author_link":"https:\/\/roofroast.com\/en\/author\/roofroastgmail-com\/"},"uagb_comment_info":0,"uagb_excerpt":"Our Mssion","_links":{"self":[{"href":"https:\/\/roofroast.com\/en\/wp-json\/wp\/v2\/pages\/329","targetHints":{"allow":["GET"]}}],"collection":[{"href":"https:\/\/roofroast.com\/en\/wp-json\/wp\/v2\/pages"}],"about":[{"href":"https:\/\/roofroast.com\/en\/wp-json\/wp\/v2\/types\/page"}],"author":[{"embeddable":true,"href":"https:\/\/roofroast.com\/en\/wp-json\/wp\/v2\/users\/1"}],"replies":[{"embeddable":true,"href":"https:\/\/roofroast.com\/en\/wp-json\/wp\/v2\/comments?post=329"}],"version-history":[{"count":17,"href":"https:\/\/roofroast.com\/en\/wp-json\/wp\/v2\/pages\/329\/revisions"}],"predecessor-version":[{"id":3257,"href":"https:\/\/roofroast.com\/en\/wp-json\/wp\/v2\/pages\/329\/revisions\/3257"}],"wp:attachment":[{"href":"https:\/\/roofroast.com\/en\/wp-json\/wp\/v2\/media?parent=329"}],"curies":[{"name":"wp","href":"https:\/\/api.w.org\/{rel}","templated":true}]}}