{"id":331,"date":"2024-09-27T15:08:28","date_gmt":"2024-09-27T15:08:28","guid":{"rendered":"https:\/\/roofroast.com\/contact\/"},"modified":"2025-06-09T18:57:57","modified_gmt":"2025-06-09T18:57:57","slug":"kontaktai","status":"publish","type":"page","link":"https:\/\/roofroast.com\/en\/kontaktai\/","title":{"rendered":"Contacts"},"content":{"rendered":"<div class=\"wp-block-uagb-container uagb-block-ad7a2728 default uagb-is-root-container\">\r\n<div class=\"wp-block-uagb-advanced-heading uagb-block-0ad15675\"><h1 class=\"uagb-heading-text\">Contact Us<\/h1><\/div>\r\n<\/div>\r\n\r\n\r\n\r\n<div class=\"wp-block-uagb-container uagb-block-da3479d5 alignfull uagb-is-root-container\"><div class=\"uagb-container-inner-blocks-wrap\">\r\n<div class=\"wp-block-uagb-container uagb-block-2bc4a26e\">\r\n<div class=\"wp-block-uagb-advanced-heading uagb-block-4afe84ad\"><h4 class=\"uagb-heading-text\">Get in touch<\/h4><p class=\"uagb-desc-text\">RoofRoast Members<br>Get 20% off your first coffee order, brewing tips, early access and much more. Join us.<\/p><\/div>\r\n\r\n\r\n\r\n<div class=\"wp-block-uagb-info-box uagb-block-40022620 uagb-infobox__content-wrap  uagb-infobox-icon-left uagb-infobox-left uagb-infobox-stacked-mobile uagb-infobox-image-valign-top\"><div class=\"uagb-ifb-icon-wrap\"><svg xmlns=\"https:\/\/www.w3.org\/2000\/svg\" viewbox=\"0 0 512 512\"><path d=\"M511.2 387l-23.25 100.8c-3.266 14.25-15.79 24.22-30.46 24.22C205.2 512 0 306.8 0 54.5c0-14.66 9.969-27.2 24.22-30.45l100.8-23.25C139.7-2.602 154.7 5.018 160.8 18.92l46.52 108.5c5.438 12.78 1.77 27.67-8.98 36.45L144.5 207.1c33.98 69.22 90.26 125.5 159.5 159.5l44.08-53.8c8.688-10.78 23.69-14.51 36.47-8.975l108.5 46.51C506.1 357.2 514.6 372.4 511.2 387z\"><\/path><\/svg><\/div><div class=\"uagb-ifb-content\"><div class=\"uagb-ifb-title-wrap\"><h6 class=\"uagb-ifb-title\">Phone<\/h6><\/div><p class=\"uagb-ifb-desc\">+37065520684<\/p><\/div><\/div>\r\n\r\n\r\n\r\n<div class=\"wp-block-uagb-info-box uagb-block-10715977 uagb-infobox__content-wrap  uagb-infobox-icon-left uagb-infobox-left uagb-infobox-stacked-mobile uagb-infobox-image-valign-top\"><div class=\"uagb-ifb-icon-wrap\"><svg xmlns=\"https:\/\/www.w3.org\/2000\/svg\" viewbox=\"0 0 512 512\"><path d=\"M464 64C490.5 64 512 85.49 512 112C512 127.1 504.9 141.3 492.8 150.4L275.2 313.6C263.8 322.1 248.2 322.1 236.8 313.6L19.2 150.4C7.113 141.3 0 127.1 0 112C0 85.49 21.49 64 48 64H464zM217.6 339.2C240.4 356.3 271.6 356.3 294.4 339.2L512 176V384C512 419.3 483.3 448 448 448H64C28.65 448 0 419.3 0 384V176L217.6 339.2z\"><\/path><\/svg><\/div><div class=\"uagb-ifb-content\"><div class=\"uagb-ifb-title-wrap\"><h6 class=\"uagb-ifb-title\">Email<\/h6><\/div><p class=\"uagb-ifb-desc\">info@roofroast.com<\/p><\/div><\/div>\r\n\r\n\r\n\r\n<div class=\"wp-block-uagb-info-box uagb-block-a27cda43 uagb-infobox__content-wrap  uagb-infobox-icon-left uagb-infobox-left uagb-infobox-stacked-mobile uagb-infobox-image-valign-top\"><div class=\"uagb-ifb-icon-wrap\"><svg xmlns=\"https:\/\/www.w3.org\/2000\/svg\" viewbox=\"0 0 384 512\"><path d=\"M168.3 499.2C116.1 435 0 279.4 0 192C0 85.96 85.96 0 192 0C298 0 384 85.96 384 192C384 279.4 267 435 215.7 499.2C203.4 514.5 180.6 514.5 168.3 499.2H168.3zM192 256C227.3 256 256 227.3 256 192C256 156.7 227.3 128 192 128C156.7 128 128 156.7 128 192C128 227.3 156.7 256 192 256z\"><\/path><\/svg><\/div><div class=\"uagb-ifb-content\"><div class=\"uagb-ifb-title-wrap\"><h6 class=\"uagb-ifb-title\">Address<\/h6><\/div><p class=\"uagb-ifb-desc\">Klaipeda, Lithuania<\/p><\/div><\/div>\r\n\r\n\r\n\r\n<div class=\"wp-block-uagb-advanced-heading uagb-block-34e8412e\"><h5 class=\"uagb-heading-text\">Follow us<\/h5><\/div>\r\n\r\n\r\n\r\n<div class=\"wp-block-uagb-icon-list uagb-block-bd64bf51\"><div class=\"uagb-icon-list__wrap\">\r\n<div class=\"wp-block-uagb-icon-list-child uagb-block-d06ba2db\"><span class=\"uagb-icon-list__source-wrap\"><svg xmlns=\"https:\/\/www.w3.org\/2000\/svg\" viewbox=\"0 0 448 512\"><path d=\"M224.1 141c-63.6 0-114.9 51.3-114.9 114.9s51.3 114.9 114.9 114.9S339 319.5 339 255.9 287.7 141 224.1 141zm0 189.6c-41.1 0-74.7-33.5-74.7-74.7s33.5-74.7 74.7-74.7 74.7 33.5 74.7 74.7-33.6 74.7-74.7 74.7zm146.4-194.3c0 14.9-12 26.8-26.8 26.8-14.9 0-26.8-12-26.8-26.8s12-26.8 26.8-26.8 26.8 12 26.8 26.8zm76.1 27.2c-1.7-35.9-9.9-67.7-36.2-93.9-26.2-26.2-58-34.4-93.9-36.2-37-2.1-147.9-2.1-184.9 0-35.8 1.7-67.6 9.9-93.9 36.1s-34.4 58-36.2 93.9c-2.1 37-2.1 147.9 0 184.9 1.7 35.9 9.9 67.7 36.2 93.9s58 34.4 93.9 36.2c37 2.1 147.9 2.1 184.9 0 35.9-1.7 67.7-9.9 93.9-36.2 26.2-26.2 34.4-58 36.2-93.9 2.1-37 2.1-147.8 0-184.8zM398.8 388c-7.8 19.6-22.9 34.7-42.6 42.6-29.5 11.7-99.5 9-132.1 9s-102.7 2.6-132.1-9c-19.6-7.8-34.7-22.9-42.6-42.6-11.7-29.5-9-99.5-9-132.1s-2.6-102.7 9-132.1c7.8-19.6 22.9-34.7 42.6-42.6 29.5-11.7 99.5-9 132.1-9s102.7-2.6 132.1 9c19.6 7.8 34.7 22.9 42.6 42.6 11.7 29.5 9 99.5 9 132.1s2.7 102.7-9 132.1z\"><\/path><\/svg><\/span><\/div>\r\n\r\n\r\n\r\n<div class=\"wp-block-uagb-icon-list-child uagb-block-c0563ee4\"><span class=\"uagb-icon-list__source-wrap\"><svg xmlns=\"https:\/\/www.w3.org\/2000\/svg\" viewbox=\"0 0 512 512\"><path d=\"M504 256C504 119 393 8 256 8S8 119 8 256c0 123.8 90.69 226.4 209.3 245V327.7h-63V256h63v-54.64c0-62.15 37-96.48 93.67-96.48 27.14 0 55.52 4.84 55.52 4.84v61h-31.28c-30.8 0-40.41 19.12-40.41 38.73V256h68.78l-11 71.69h-57.78V501C413.3 482.4 504 379.8 504 256z\"><\/path><\/svg><\/span><\/div>\r\n<\/div><\/div>\r\n<\/div>\r\n\r\n\r\n\r\n<div class=\"wp-block-uagb-container uagb-block-6d25b7d6\">\r\n<div class=\"wp-block-uagb-forms uagb-forms__outer-wrap uagb-block-13d8b878 uagb-forms__default-btn\"><form class=\"uagb-forms-main-form\" method=\"post\" autocomplete=\"on\" name=\"uagb-form-13d8b878\" action=\"\">\r\n<div class=\"wp-block-uagb-forms-name uagb-forms-name-wrap uagb-forms-field-set uagb-block-16eb3862 uag-col-2\"><div class=\"uagb-forms-name-label required uagb-forms-input-label\" id=\"16eb3862\">First Name<\/div><input type=\"text\" placeholder=\"\" required class=\"uagb-forms-name-input uagb-forms-input\" name=\"16eb3862\" autocomplete=\"given-name\"\/><\/div>\r\n\r\n\r\n\r\n<div class=\"wp-block-uagb-forms-name uagb-forms-name-wrap uagb-forms-field-set uagb-block-51f320ae uag-col-2\"><div class=\"uagb-forms-name-label required uagb-forms-input-label\" id=\"51f320ae\">Last Name<\/div><input type=\"text\" placeholder=\"\" required class=\"uagb-forms-name-input uagb-forms-input\" name=\"51f320ae\" autocomplete=\"family-name\"\/><\/div>\r\n\r\n\r\n\r\n<div class=\"wp-block-uagb-forms-email uagb-forms-email-wrap uagb-forms-field-set uagb-block-4c2f309f\"><div class=\"uagb-forms-email-label required uagb-forms-input-label\" id=\"4c2f309f\">Email<\/div><input type=\"email\" class=\"uagb-forms-email-input uagb-forms-input\" placeholder=\"\" required name=\"4c2f309f\" autocomplete=\"email\"\/><\/div>\r\n\r\n\r\n\r\n<div class=\"wp-block-uagb-forms-textarea uagb-forms-textarea-wrap uagb-forms-field-set uagb-block-0320a9dc\"><div class=\"uagb-forms-textarea-label required uagb-forms-input-label\" id=\"0320a9dc\">Message<\/div><textarea required class=\"uagb-forms-textarea-input uagb-forms-input\" rows=\"3\" placeholder=\"\" name=\"0320a9dc\" autocomplete=\"off\"><\/textarea><\/div>\r\n<div class=\"uagb-forms-form-hidden-data\"><input type=\"hidden\" class=\"uagb_forms_form_label\" value=\"Spectra Form\"\/><input type=\"hidden\" class=\"uagb_forms_form_id\" value=\"uagb-form-13d8b878\"\/><\/div><div class=\"uagb-form-reacaptcha-error-13d8b878\"><\/div><div class=\"uagb-forms-main-submit-button-wrap wp-block-button\"><button class=\"uagb-forms-main-submit-button wp-block-button__link\"><div class=\"uagb-forms-main-submit-button-text\">SEND<\/div><\/button><\/div><input type=\"hidden\" name=\"trp-form-language\" value=\"en\"\/><\/form><div class=\"uagb-forms-success-message-13d8b878 uagb-forms-submit-message-hide\"><span>The form has been submitted successfully!<\/span><\/div><div class=\"uagb-forms-failed-message-13d8b878 uagb-forms-submit-message-hide\"><span>There has been some error while submitting the form. Please verify all form fields again.<\/span><\/div><\/div>\r\n<\/div>\r\n<\/div><\/div>","protected":false},"excerpt":{"rendered":"<p>Contact Us Get in touch RoofRoast MembersGet 20% off your first coffee order, brewing tips, early access and much more. Join us. Follow us<\/p>","protected":false},"author":1,"featured_media":0,"parent":0,"menu_order":0,"comment_status":"closed","ping_status":"closed","template":"contact","meta":{"_uag_custom_page_level_css":"","_monsterinsights_skip_tracking":false,"_monsterinsights_sitenote_active":false,"_monsterinsights_sitenote_note":"","_monsterinsights_sitenote_category":0,"footnotes":""},"class_list":["post-331","page","type-page","status-publish","hentry"],"yoast_head":"<!-- This site is optimized with the Yoast SEO plugin v27.6 - https:\/\/yoast.com\/product\/yoast-seo-wordpress\/ -->\n<title>Kontaktai | Roof Roast (Kavos skrudintojai Klaipedoje)<\/title>\n<meta name=\"description\" content=\"Kod\u0117l renkiesi Roof Roast skrudintas pupeles?Nes m\u016bs\u0173 \u2013 daugiau nei paprastos pupel\u0117s.Kiekviename puodelyje pasakojame istorij\u0105.Skrudinama Klaip\u0117doje, susitelk\u0119 \u012f skon\u012f, pami\u0161\u0119 d\u0117l juodos kavos.Prad\u0117k savo istorij\u0105 su Roof Roast.\" \/>\n<meta name=\"robots\" content=\"index, follow, max-snippet:-1, max-image-preview:large, max-video-preview:-1\" \/>\n<link rel=\"canonical\" href=\"https:\/\/roofroast.com\/en\/kontaktai\/\" \/>\n<meta property=\"og:locale\" content=\"en_GB\" \/>\n<meta property=\"og:type\" content=\"article\" \/>\n<meta property=\"og:title\" content=\"Kontaktai | Roof Roast (Kavos skrudintojai Klaipedoje)\" \/>\n<meta property=\"og:description\" content=\"Kod\u0117l renkiesi Roof Roast skrudintas pupeles?Nes m\u016bs\u0173 \u2013 daugiau nei paprastos pupel\u0117s.Kiekviename puodelyje pasakojame istorij\u0105.Skrudinama Klaip\u0117doje, susitelk\u0119 \u012f skon\u012f, pami\u0161\u0119 d\u0117l juodos kavos.Prad\u0117k savo istorij\u0105 su Roof Roast.\" \/>\n<meta property=\"og:url\" content=\"https:\/\/roofroast.com\/en\/kontaktai\/\" \/>\n<meta property=\"og:site_name\" content=\"ROOF ROAST\" \/>\n<meta property=\"article:publisher\" content=\"https:\/\/www.facebook.com\/roofroast.lt\" \/>\n<meta property=\"article:modified_time\" content=\"2025-06-09T18:57:57+00:00\" \/>\n<meta property=\"og:image\" content=\"https:\/\/roofroast.com\/wp-content\/uploads\/2025\/03\/DSC08038-1-scaled.jpeg\" \/>\n\t<meta property=\"og:image:width\" content=\"2560\" \/>\n\t<meta property=\"og:image:height\" content=\"1707\" \/>\n\t<meta property=\"og:image:type\" content=\"image\/jpeg\" \/>\n<meta name=\"twitter:card\" content=\"summary_large_image\" \/>\n<meta name=\"twitter:label1\" content=\"Estimated reading time\" \/>\n\t<meta name=\"twitter:data1\" content=\"1 minute\" \/>\n<script type=\"application\/ld+json\" class=\"yoast-schema-graph\">{\"@context\":\"https:\\\/\\\/schema.org\",\"@graph\":[{\"@type\":\"WebPage\",\"@id\":\"https:\\\/\\\/roofroast.com\\\/kontaktai\\\/\",\"url\":\"https:\\\/\\\/roofroast.com\\\/kontaktai\\\/\",\"name\":\"Kontaktai | Roof Roast (Kavos skrudintojai Klaipedoje)\",\"isPartOf\":{\"@id\":\"https:\\\/\\\/roofroast.com\\\/#website\"},\"datePublished\":\"2024-09-27T15:08:28+00:00\",\"dateModified\":\"2025-06-09T18:57:57+00:00\",\"description\":\"Kod\u0117l renkiesi Roof Roast skrudintas pupeles?Nes m\u016bs\u0173 \u2013 daugiau nei paprastos pupel\u0117s.Kiekviename puodelyje pasakojame istorij\u0105.Skrudinama Klaip\u0117doje, susitelk\u0119 \u012f skon\u012f, pami\u0161\u0119 d\u0117l juodos kavos.Prad\u0117k savo istorij\u0105 su Roof Roast.\",\"breadcrumb\":{\"@id\":\"https:\\\/\\\/roofroast.com\\\/kontaktai\\\/#breadcrumb\"},\"inLanguage\":\"en-GB\",\"potentialAction\":[{\"@type\":\"ReadAction\",\"target\":[\"https:\\\/\\\/roofroast.com\\\/kontaktai\\\/\"]}]},{\"@type\":\"BreadcrumbList\",\"@id\":\"https:\\\/\\\/roofroast.com\\\/kontaktai\\\/#breadcrumb\",\"itemListElement\":[{\"@type\":\"ListItem\",\"position\":1,\"name\":\"Home\",\"item\":\"https:\\\/\\\/roofroast.com\\\/\"},{\"@type\":\"ListItem\",\"position\":2,\"name\":\"Kontaktai\"}]},{\"@type\":\"WebSite\",\"@id\":\"https:\\\/\\\/roofroast.com\\\/#website\",\"url\":\"https:\\\/\\\/roofroast.com\\\/\",\"name\":\"Roof Roast\",\"description\":\"Roof Roast (Kavos skrudintojai Klaipedoje)\",\"publisher\":{\"@id\":\"https:\\\/\\\/roofroast.com\\\/#organization\"},\"alternateName\":\"Roof Roast (Kavos skrudintojai Klaipedoje)\",\"potentialAction\":[{\"@type\":\"SearchAction\",\"target\":{\"@type\":\"EntryPoint\",\"urlTemplate\":\"https:\\\/\\\/roofroast.com\\\/?s={search_term_string}\"},\"query-input\":{\"@type\":\"PropertyValueSpecification\",\"valueRequired\":true,\"valueName\":\"search_term_string\"}}],\"inLanguage\":\"en-GB\"},{\"@type\":\"Organization\",\"@id\":\"https:\\\/\\\/roofroast.com\\\/#organization\",\"name\":\"Roof Roast (Kavos skrudintojai Klaipedoje)\",\"alternateName\":\"Roof Roast\",\"url\":\"https:\\\/\\\/roofroast.com\\\/\",\"logo\":{\"@type\":\"ImageObject\",\"inLanguage\":\"en-GB\",\"@id\":\"https:\\\/\\\/roofroast.com\\\/#\\\/schema\\\/logo\\\/image\\\/\",\"url\":\"https:\\\/\\\/roofroast.com\\\/wp-content\\\/uploads\\\/2024\\\/09\\\/cropped-cropped-IMG_6146.png\",\"contentUrl\":\"https:\\\/\\\/roofroast.com\\\/wp-content\\\/uploads\\\/2024\\\/09\\\/cropped-cropped-IMG_6146.png\",\"width\":512,\"height\":484,\"caption\":\"Roof Roast (Kavos skrudintojai Klaipedoje)\"},\"image\":{\"@id\":\"https:\\\/\\\/roofroast.com\\\/#\\\/schema\\\/logo\\\/image\\\/\"},\"sameAs\":[\"https:\\\/\\\/www.facebook.com\\\/roofroast.lt\",\"https:\\\/\\\/www.youtube.com\\\/@roofroast\",\"https:\\\/\\\/www.tiktok.com\\\/@roofroast?_t=ZN-8vMRvgnZR0o&_r=1\",\"https:\\\/\\\/www.instagram.com\\\/roofroastlt\\\/\"]}]}<\/script>\n<!-- \/ Yoast SEO plugin. -->","yoast_head_json":{"title":"Kontaktai | Roof Roast (Kavos skrudintojai Klaipedoje)","description":"Kod\u0117l renkiesi Roof Roast skrudintas pupeles?Nes m\u016bs\u0173 \u2013 daugiau nei paprastos pupel\u0117s.Kiekviename puodelyje pasakojame istorij\u0105.Skrudinama Klaip\u0117doje, susitelk\u0119 \u012f skon\u012f, pami\u0161\u0119 d\u0117l juodos kavos.Prad\u0117k savo istorij\u0105 su Roof Roast.","robots":{"index":"index","follow":"follow","max-snippet":"max-snippet:-1","max-image-preview":"max-image-preview:large","max-video-preview":"max-video-preview:-1"},"canonical":"https:\/\/roofroast.com\/en\/kontaktai\/","og_locale":"en_GB","og_type":"article","og_title":"Kontaktai | Roof Roast (Kavos skrudintojai Klaipedoje)","og_description":"Kod\u0117l renkiesi Roof Roast skrudintas pupeles?Nes m\u016bs\u0173 \u2013 daugiau nei paprastos pupel\u0117s.Kiekviename puodelyje pasakojame istorij\u0105.Skrudinama Klaip\u0117doje, susitelk\u0119 \u012f skon\u012f, pami\u0161\u0119 d\u0117l juodos kavos.Prad\u0117k savo istorij\u0105 su Roof Roast.","og_url":"https:\/\/roofroast.com\/en\/kontaktai\/","og_site_name":"ROOF ROAST","article_publisher":"https:\/\/www.facebook.com\/roofroast.lt","article_modified_time":"2025-06-09T18:57:57+00:00","og_image":[{"width":2560,"height":1707,"url":"https:\/\/roofroast.com\/wp-content\/uploads\/2025\/03\/DSC08038-1-scaled.jpeg","type":"image\/jpeg"}],"twitter_card":"summary_large_image","twitter_misc":{"Estimated reading time":"1 minute"},"schema":{"@context":"https:\/\/schema.org","@graph":[{"@type":"WebPage","@id":"https:\/\/roofroast.com\/kontaktai\/","url":"https:\/\/roofroast.com\/kontaktai\/","name":"Kontaktai | Roof Roast (Kavos skrudintojai Klaipedoje)","isPartOf":{"@id":"https:\/\/roofroast.com\/#website"},"datePublished":"2024-09-27T15:08:28+00:00","dateModified":"2025-06-09T18:57:57+00:00","description":"Kod\u0117l renkiesi Roof Roast skrudintas pupeles?Nes m\u016bs\u0173 \u2013 daugiau nei paprastos pupel\u0117s.Kiekviename puodelyje pasakojame istorij\u0105.Skrudinama Klaip\u0117doje, susitelk\u0119 \u012f skon\u012f, pami\u0161\u0119 d\u0117l juodos kavos.Prad\u0117k savo istorij\u0105 su Roof Roast.","breadcrumb":{"@id":"https:\/\/roofroast.com\/kontaktai\/#breadcrumb"},"inLanguage":"en-GB","potentialAction":[{"@type":"ReadAction","target":["https:\/\/roofroast.com\/kontaktai\/"]}]},{"@type":"BreadcrumbList","@id":"https:\/\/roofroast.com\/kontaktai\/#breadcrumb","itemListElement":[{"@type":"ListItem","position":1,"name":"Home","item":"https:\/\/roofroast.com\/"},{"@type":"ListItem","position":2,"name":"Kontaktai"}]},{"@type":"WebSite","@id":"https:\/\/roofroast.com\/#website","url":"https:\/\/roofroast.com\/","name":"Roof Roast","description":"Roof Roast (Kavos skrudintojai Klaipedoje)","publisher":{"@id":"https:\/\/roofroast.com\/#organization"},"alternateName":"Roof Roast (Kavos skrudintojai Klaipedoje)","potentialAction":[{"@type":"SearchAction","target":{"@type":"EntryPoint","urlTemplate":"https:\/\/roofroast.com\/?s={search_term_string}"},"query-input":{"@type":"PropertyValueSpecification","valueRequired":true,"valueName":"search_term_string"}}],"inLanguage":"en-GB"},{"@type":"Organization","@id":"https:\/\/roofroast.com\/#organization","name":"Roof Roast (Kavos skrudintojai Klaipedoje)","alternateName":"Roof Roast","url":"https:\/\/roofroast.com\/","logo":{"@type":"ImageObject","inLanguage":"en-GB","@id":"https:\/\/roofroast.com\/#\/schema\/logo\/image\/","url":"https:\/\/roofroast.com\/wp-content\/uploads\/2024\/09\/cropped-cropped-IMG_6146.png","contentUrl":"https:\/\/roofroast.com\/wp-content\/uploads\/2024\/09\/cropped-cropped-IMG_6146.png","width":512,"height":484,"caption":"Roof Roast (Kavos skrudintojai Klaipedoje)"},"image":{"@id":"https:\/\/roofroast.com\/#\/schema\/logo\/image\/"},"sameAs":["https:\/\/www.facebook.com\/roofroast.lt","https:\/\/www.youtube.com\/@roofroast","https:\/\/www.tiktok.com\/@roofroast?_t=ZN-8vMRvgnZR0o&_r=1","https:\/\/www.instagram.com\/roofroastlt\/"]}]}},"uagb_featured_image_src":{"full":false,"thumbnail":false,"medium":false,"medium_large":false,"large":false,"1536x1536":false,"2048x2048":false,"trp-custom-language-flag":false,"woocommerce_thumbnail":false,"woocommerce_single":false,"woocommerce_gallery_thumbnail":false},"uagb_author_info":{"display_name":"Roman Bogatyr","author_link":"https:\/\/roofroast.com\/en\/author\/roofroastgmail-com\/"},"uagb_comment_info":0,"uagb_excerpt":"Contact Us Get in touch RoofRoast MembersGet 20% off your first coffee order, brewing tips, early access and much more. Join us. Follow us","_links":{"self":[{"href":"https:\/\/roofroast.com\/en\/wp-json\/wp\/v2\/pages\/331","targetHints":{"allow":["GET"]}}],"collection":[{"href":"https:\/\/roofroast.com\/en\/wp-json\/wp\/v2\/pages"}],"about":[{"href":"https:\/\/roofroast.com\/en\/wp-json\/wp\/v2\/types\/page"}],"author":[{"embeddable":true,"href":"https:\/\/roofroast.com\/en\/wp-json\/wp\/v2\/users\/1"}],"replies":[{"embeddable":true,"href":"https:\/\/roofroast.com\/en\/wp-json\/wp\/v2\/comments?post=331"}],"version-history":[{"count":8,"href":"https:\/\/roofroast.com\/en\/wp-json\/wp\/v2\/pages\/331\/revisions"}],"predecessor-version":[{"id":3260,"href":"https:\/\/roofroast.com\/en\/wp-json\/wp\/v2\/pages\/331\/revisions\/3260"}],"wp:attachment":[{"href":"https:\/\/roofroast.com\/en\/wp-json\/wp\/v2\/media?parent=331"}],"curies":[{"name":"wp","href":"https:\/\/api.w.org\/{rel}","templated":true}]}}