{"id":3559,"date":"2025-09-03T16:15:55","date_gmt":"2025-09-03T16:15:55","guid":{"rendered":"https:\/\/roofroast.com\/?page_id=3559"},"modified":"2025-09-03T16:42:50","modified_gmt":"2025-09-03T16:42:50","slug":"brazilijos-kava","status":"publish","type":"page","link":"https:\/\/roofroast.com\/en\/brazilijos-kava\/","title":{"rendered":"Brazilijos kava"},"content":{"rendered":"<div class=\"wp-block-uagb-advanced-heading uagb-block-8457530b\"><h3 class=\"uagb-heading-text\">BRAZILIJOS KAVA<\/h3><\/div>\n\n\n\n<div class=\"wp-block-uagb-advanced-heading uagb-block-43eec8ab\"><h2 class=\"uagb-heading-text\">\u0160VELNUS, LAZDYN\u0172 RIE\u0160UTAI, \u0160OKOLADAS, APELSIN\u0172 \u017dIEVEL\u0116<\/h2><\/div>\n\n\n\n<div class=\"wp-block-uagb-advanced-heading uagb-block-d4129a6d\"><h2 class=\"uagb-heading-text\">SCA : 82.75<\/h2><\/div>\n\n\n\n<div class=\"wp-block-uagb-image aligncenter uagb-block-7de4905d wp-block-uagb-image--layout-default wp-block-uagb-image--effect-static wp-block-uagb-image--align-center\"><figure class=\"wp-block-uagb-image__figure\"><img decoding=\"async\" srcset=\"https:\/\/roofroast.com\/wp-content\/uploads\/2025\/09\/pexels-photo-1459339-1459339-1024x683.jpg ,https:\/\/roofroast.com\/wp-content\/uploads\/2025\/09\/pexels-photo-1459339-1459339-scaled.jpg 780w, https:\/\/roofroast.com\/wp-content\/uploads\/2025\/09\/pexels-photo-1459339-1459339-scaled.jpg 360w\" sizes=\"auto, (max-width: 480px) 150px\" src=\"https:\/\/roofroast.com\/wp-content\/uploads\/2025\/09\/pexels-photo-1459339-1459339-1024x683.jpg\" alt=\"Close-up of hands holding freshly harvested coffee cherries in Mexico. Vibrant colors symbolize a fruitful harvest.\" class=\"uag-image-3560\" width=\"1024\" height=\"683\" title=\"pexels-photo-1459339-1459339\" loading=\"lazy\" role=\"img\"\/><\/figure><\/div>\n\n\n\n<details class=\"wp-block-details is-layout-flow wp-block-details-is-layout-flow\"><summary><span style=\"caret-color: rgb(0, 0, 0); color: rgb(0, 0, 0); font-family: -webkit-standard; font-size: medium; white-space: normal;\">INFORMATION AND STORIES<\/span><\/summary>\n<p>Veisl\u0117. Mundo Novo, Catua\u00ed<\/p>\n\n\n\n<p>Regionas. Sul de Minas<\/p>\n\n\n\n<p>The process. Natural<\/p>\n\n\n\n<p>Gamintojas.  Vidutinio ir didelio dyd\u017eio \u016bkiai<\/p>\n\n\n\n<p>Kavos auk\u0161tis. 800 \u2013 1,100 m.<\/p>\n<\/details>\n\n\n\n<details class=\"wp-block-details is-layout-flow wp-block-details-is-layout-flow\"><summary>COUNTRY AND SPECIFICATIONS<\/summary>\n<p>Brazilijos kavos gamyba sudaro apie tre\u010ddal\u012f visos pasaulio kavos gamybos, tod\u0117l jau 150 met\u0173 Brazilija yra did\u017eiausia kavos gamintoja pasaulyje. \u0160alyje auginamos tiek Arabika, tiek Robusta pupel\u0117s (pastaroji Brazilijoje vadinama \u201eConillon\u201c), ta\u010diau ai\u0161kiai dominuoja Arabika, kurios dalis nuolat auga ir \u0161iuo metu sudaro apie 80\u202f%.<\/p>\n\n\n\n<p>Pavadinimas \u201eSul de Minas\u201c rei\u0161kia kalvot\u0105 region\u0105 pietin\u0117je Minas \u017deraiso valstijos dalyje \u2013 b\u016btent i\u0161 ten kilusi \u0161i kava.<\/p>\n\n\n\n<p>Brazilijos kava apib\u016bdinama unikaliu ir detaliu b\u016bdu: \u201eNY 2\u201c rei\u0161kia \u201eNew York 2\u201c ir nurodo did\u017eiausi\u0105 leistin\u0105 defekt\u0173 skai\u010di\u0173 pagal Niujorko bir\u017eos defekt\u0173 vertinimo metodik\u0105 \u2013 tai auk\u0161\u010diausias \u012fvertinimas. \u201eScreen 17\/18\u201c \u017eymi pupeli\u0173 dyd\u012f \u2013 tai vienos did\u017eiausi\u0173 brazili\u0161k\u0173 pupeli\u0173. \u201eStrictly soft, fine cup\u201c apib\u016bdina kavos puodelio profil\u012f \u2013 tai rei\u0161kia, kad skonis turi b\u016bti \u0161velnus, vientisas ir \u0161varus.<\/p>\n\n\n\n<p>Apie 90\u202f% Brazilijoje auginamos Arabikos apdorojama sausuoju b\u016bdu \u2013 tai populiariausias metodas, dar vadinamas neplautu arba nat\u016braliu. Visas kavos uogas pirmiausia nuplauna, tada plonais sluoksniais d\u017eiovina saul\u0117je ant betonini\u0173 aik\u0161teli\u0173 arba d\u017eiovinimo ma\u0161inose.<\/p>\n\n\n\n<p>Brazilijos kavos plantacijos da\u017enai apima mil\u017eini\u0161kus \u017eem\u0117s plotus, j\u0173 prie\u017ei\u016brai ir eksploatavimui reikia \u0161imt\u0173 \u017emoni\u0173, o produkcija \u2013 mil\u017eini\u0161ka.<\/p>\n\n\n\n<p>Kvie\u010diame paragauti Selo Azul, kur\u012f su meile skrudiname Roof Roast skrudykloje, kuri pasi\u017eymi sald\u017eiu ir \u0161okoladiniu skoniu \u2013 puikiai tinka espresui!<\/p>\n<\/details>\n\n\n\n<p><\/p>","protected":false},"excerpt":{"rendered":"<p>BRAZILIJOS KAVA \u0160VELNUS, LAZDYN\u0172 RIE\u0160UTAI, \u0160OKOLADAS, APELSIN\u0172 \u017dIEVEL\u0116 SCA : 82.75<\/p>","protected":false},"author":1,"featured_media":0,"parent":0,"menu_order":0,"comment_status":"closed","ping_status":"closed","template":"","meta":{"_uag_custom_page_level_css":"","_monsterinsights_skip_tracking":false,"_monsterinsights_sitenote_active":false,"_monsterinsights_sitenote_note":"","_monsterinsights_sitenote_category":0,"footnotes":""},"class_list":["post-3559","page","type-page","status-publish","hentry"],"yoast_head":"<!-- This site is optimized with the Yoast SEO plugin v27.6 - https:\/\/yoast.com\/product\/yoast-seo-wordpress\/ -->\n<title>Brazilijos kava | Roof Roast (Kavos skrudintojai Klaipedoje)<\/title>\n<meta name=\"description\" content=\"Kod\u0117l renkiesi Roof Roast skrudintas pupeles?Nes m\u016bs\u0173 \u2013 daugiau nei paprastos pupel\u0117s.Kiekviename puodelyje pasakojame istorij\u0105.Skrudinama Klaip\u0117doje, susitelk\u0119 \u012f skon\u012f, pami\u0161\u0119 d\u0117l juodos kavos.Prad\u0117k savo istorij\u0105 su Roof Roast.\" \/>\n<meta name=\"robots\" content=\"index, follow, max-snippet:-1, max-image-preview:large, max-video-preview:-1\" \/>\n<link rel=\"canonical\" href=\"https:\/\/roofroast.com\/en\/brazilijos-kava\/\" \/>\n<meta property=\"og:locale\" content=\"en_GB\" \/>\n<meta property=\"og:type\" content=\"article\" \/>\n<meta property=\"og:title\" content=\"Brazilijos kava | Roof Roast (Kavos skrudintojai Klaipedoje)\" \/>\n<meta property=\"og:description\" content=\"Kod\u0117l renkiesi Roof Roast skrudintas pupeles?Nes m\u016bs\u0173 \u2013 daugiau nei paprastos pupel\u0117s.Kiekviename puodelyje pasakojame istorij\u0105.Skrudinama Klaip\u0117doje, susitelk\u0119 \u012f skon\u012f, pami\u0161\u0119 d\u0117l juodos kavos.Prad\u0117k savo istorij\u0105 su Roof Roast.\" \/>\n<meta property=\"og:url\" content=\"https:\/\/roofroast.com\/en\/brazilijos-kava\/\" \/>\n<meta property=\"og:site_name\" content=\"ROOF ROAST\" \/>\n<meta property=\"article:publisher\" content=\"https:\/\/www.facebook.com\/roofroast.lt\" \/>\n<meta property=\"article:modified_time\" content=\"2025-09-03T16:42:50+00:00\" \/>\n<meta property=\"og:image\" content=\"https:\/\/roofroast.com\/wp-content\/uploads\/2025\/09\/pexels-photo-1459339-1459339-1024x683.jpg\" \/>\n<meta name=\"twitter:card\" content=\"summary_large_image\" \/>\n<meta name=\"twitter:label1\" content=\"Estimated reading time\" \/>\n\t<meta name=\"twitter:data1\" content=\"2 minutes\" \/>\n<script type=\"application\/ld+json\" class=\"yoast-schema-graph\">{\"@context\":\"https:\\\/\\\/schema.org\",\"@graph\":[{\"@type\":\"WebPage\",\"@id\":\"https:\\\/\\\/roofroast.com\\\/brazilijos-kava\\\/\",\"url\":\"https:\\\/\\\/roofroast.com\\\/brazilijos-kava\\\/\",\"name\":\"Brazilijos kava | Roof Roast (Kavos skrudintojai Klaipedoje)\",\"isPartOf\":{\"@id\":\"https:\\\/\\\/roofroast.com\\\/#website\"},\"primaryImageOfPage\":{\"@id\":\"https:\\\/\\\/roofroast.com\\\/brazilijos-kava\\\/#primaryimage\"},\"image\":{\"@id\":\"https:\\\/\\\/roofroast.com\\\/brazilijos-kava\\\/#primaryimage\"},\"thumbnailUrl\":\"https:\\\/\\\/roofroast.com\\\/wp-content\\\/uploads\\\/2025\\\/09\\\/pexels-photo-1459339-1459339-1024x683.jpg\",\"datePublished\":\"2025-09-03T16:15:55+00:00\",\"dateModified\":\"2025-09-03T16:42:50+00:00\",\"description\":\"Kod\u0117l renkiesi Roof Roast skrudintas pupeles?Nes m\u016bs\u0173 \u2013 daugiau nei paprastos pupel\u0117s.Kiekviename puodelyje pasakojame istorij\u0105.Skrudinama Klaip\u0117doje, susitelk\u0119 \u012f skon\u012f, pami\u0161\u0119 d\u0117l juodos kavos.Prad\u0117k savo istorij\u0105 su Roof Roast.\",\"breadcrumb\":{\"@id\":\"https:\\\/\\\/roofroast.com\\\/brazilijos-kava\\\/#breadcrumb\"},\"inLanguage\":\"en-GB\",\"potentialAction\":[{\"@type\":\"ReadAction\",\"target\":[\"https:\\\/\\\/roofroast.com\\\/brazilijos-kava\\\/\"]}]},{\"@type\":\"ImageObject\",\"inLanguage\":\"en-GB\",\"@id\":\"https:\\\/\\\/roofroast.com\\\/brazilijos-kava\\\/#primaryimage\",\"url\":\"https:\\\/\\\/roofroast.com\\\/wp-content\\\/uploads\\\/2025\\\/09\\\/pexels-photo-1459339-1459339-1024x683.jpg\",\"contentUrl\":\"https:\\\/\\\/roofroast.com\\\/wp-content\\\/uploads\\\/2025\\\/09\\\/pexels-photo-1459339-1459339-1024x683.jpg\"},{\"@type\":\"BreadcrumbList\",\"@id\":\"https:\\\/\\\/roofroast.com\\\/brazilijos-kava\\\/#breadcrumb\",\"itemListElement\":[{\"@type\":\"ListItem\",\"position\":1,\"name\":\"Home\",\"item\":\"https:\\\/\\\/roofroast.com\\\/\"},{\"@type\":\"ListItem\",\"position\":2,\"name\":\"Brazilijos kava\"}]},{\"@type\":\"WebSite\",\"@id\":\"https:\\\/\\\/roofroast.com\\\/#website\",\"url\":\"https:\\\/\\\/roofroast.com\\\/\",\"name\":\"Roof Roast\",\"description\":\"Roof Roast (Kavos skrudintojai Klaipedoje)\",\"publisher\":{\"@id\":\"https:\\\/\\\/roofroast.com\\\/#organization\"},\"alternateName\":\"Roof Roast (Kavos skrudintojai Klaipedoje)\",\"potentialAction\":[{\"@type\":\"SearchAction\",\"target\":{\"@type\":\"EntryPoint\",\"urlTemplate\":\"https:\\\/\\\/roofroast.com\\\/?s={search_term_string}\"},\"query-input\":{\"@type\":\"PropertyValueSpecification\",\"valueRequired\":true,\"valueName\":\"search_term_string\"}}],\"inLanguage\":\"en-GB\"},{\"@type\":\"Organization\",\"@id\":\"https:\\\/\\\/roofroast.com\\\/#organization\",\"name\":\"Roof Roast (Kavos skrudintojai Klaipedoje)\",\"alternateName\":\"Roof Roast\",\"url\":\"https:\\\/\\\/roofroast.com\\\/\",\"logo\":{\"@type\":\"ImageObject\",\"inLanguage\":\"en-GB\",\"@id\":\"https:\\\/\\\/roofroast.com\\\/#\\\/schema\\\/logo\\\/image\\\/\",\"url\":\"https:\\\/\\\/roofroast.com\\\/wp-content\\\/uploads\\\/2024\\\/09\\\/cropped-cropped-IMG_6146.png\",\"contentUrl\":\"https:\\\/\\\/roofroast.com\\\/wp-content\\\/uploads\\\/2024\\\/09\\\/cropped-cropped-IMG_6146.png\",\"width\":512,\"height\":484,\"caption\":\"Roof Roast (Kavos skrudintojai Klaipedoje)\"},\"image\":{\"@id\":\"https:\\\/\\\/roofroast.com\\\/#\\\/schema\\\/logo\\\/image\\\/\"},\"sameAs\":[\"https:\\\/\\\/www.facebook.com\\\/roofroast.lt\",\"https:\\\/\\\/www.youtube.com\\\/@roofroast\",\"https:\\\/\\\/www.tiktok.com\\\/@roofroast?_t=ZN-8vMRvgnZR0o&_r=1\",\"https:\\\/\\\/www.instagram.com\\\/roofroastlt\\\/\"]}]}<\/script>\n<!-- \/ Yoast SEO plugin. -->","yoast_head_json":{"title":"Brazilijos kava | Roof Roast (Kavos skrudintojai Klaipedoje)","description":"Kod\u0117l renkiesi Roof Roast skrudintas pupeles?Nes m\u016bs\u0173 \u2013 daugiau nei paprastos pupel\u0117s.Kiekviename puodelyje pasakojame istorij\u0105.Skrudinama Klaip\u0117doje, susitelk\u0119 \u012f skon\u012f, pami\u0161\u0119 d\u0117l juodos kavos.Prad\u0117k savo istorij\u0105 su Roof Roast.","robots":{"index":"index","follow":"follow","max-snippet":"max-snippet:-1","max-image-preview":"max-image-preview:large","max-video-preview":"max-video-preview:-1"},"canonical":"https:\/\/roofroast.com\/en\/brazilijos-kava\/","og_locale":"en_GB","og_type":"article","og_title":"Brazilijos kava | Roof Roast (Kavos skrudintojai Klaipedoje)","og_description":"Kod\u0117l renkiesi Roof Roast skrudintas pupeles?Nes m\u016bs\u0173 \u2013 daugiau nei paprastos pupel\u0117s.Kiekviename puodelyje pasakojame istorij\u0105.Skrudinama Klaip\u0117doje, susitelk\u0119 \u012f skon\u012f, pami\u0161\u0119 d\u0117l juodos kavos.Prad\u0117k savo istorij\u0105 su Roof Roast.","og_url":"https:\/\/roofroast.com\/en\/brazilijos-kava\/","og_site_name":"ROOF ROAST","article_publisher":"https:\/\/www.facebook.com\/roofroast.lt","article_modified_time":"2025-09-03T16:42:50+00:00","og_image":[{"url":"https:\/\/roofroast.com\/wp-content\/uploads\/2025\/09\/pexels-photo-1459339-1459339-1024x683.jpg","type":"","width":"","height":""}],"twitter_card":"summary_large_image","twitter_misc":{"Estimated reading time":"2 minutes"},"schema":{"@context":"https:\/\/schema.org","@graph":[{"@type":"WebPage","@id":"https:\/\/roofroast.com\/brazilijos-kava\/","url":"https:\/\/roofroast.com\/brazilijos-kava\/","name":"Brazilijos kava | Roof Roast (Kavos skrudintojai Klaipedoje)","isPartOf":{"@id":"https:\/\/roofroast.com\/#website"},"primaryImageOfPage":{"@id":"https:\/\/roofroast.com\/brazilijos-kava\/#primaryimage"},"image":{"@id":"https:\/\/roofroast.com\/brazilijos-kava\/#primaryimage"},"thumbnailUrl":"https:\/\/roofroast.com\/wp-content\/uploads\/2025\/09\/pexels-photo-1459339-1459339-1024x683.jpg","datePublished":"2025-09-03T16:15:55+00:00","dateModified":"2025-09-03T16:42:50+00:00","description":"Kod\u0117l renkiesi Roof Roast skrudintas pupeles?Nes m\u016bs\u0173 \u2013 daugiau nei paprastos pupel\u0117s.Kiekviename puodelyje pasakojame istorij\u0105.Skrudinama Klaip\u0117doje, susitelk\u0119 \u012f skon\u012f, pami\u0161\u0119 d\u0117l juodos kavos.Prad\u0117k savo istorij\u0105 su Roof Roast.","breadcrumb":{"@id":"https:\/\/roofroast.com\/brazilijos-kava\/#breadcrumb"},"inLanguage":"en-GB","potentialAction":[{"@type":"ReadAction","target":["https:\/\/roofroast.com\/brazilijos-kava\/"]}]},{"@type":"ImageObject","inLanguage":"en-GB","@id":"https:\/\/roofroast.com\/brazilijos-kava\/#primaryimage","url":"https:\/\/roofroast.com\/wp-content\/uploads\/2025\/09\/pexels-photo-1459339-1459339-1024x683.jpg","contentUrl":"https:\/\/roofroast.com\/wp-content\/uploads\/2025\/09\/pexels-photo-1459339-1459339-1024x683.jpg"},{"@type":"BreadcrumbList","@id":"https:\/\/roofroast.com\/brazilijos-kava\/#breadcrumb","itemListElement":[{"@type":"ListItem","position":1,"name":"Home","item":"https:\/\/roofroast.com\/"},{"@type":"ListItem","position":2,"name":"Brazilijos kava"}]},{"@type":"WebSite","@id":"https:\/\/roofroast.com\/#website","url":"https:\/\/roofroast.com\/","name":"Roof Roast","description":"Roof Roast (Kavos skrudintojai Klaipedoje)","publisher":{"@id":"https:\/\/roofroast.com\/#organization"},"alternateName":"Roof Roast (Kavos skrudintojai Klaipedoje)","potentialAction":[{"@type":"SearchAction","target":{"@type":"EntryPoint","urlTemplate":"https:\/\/roofroast.com\/?s={search_term_string}"},"query-input":{"@type":"PropertyValueSpecification","valueRequired":true,"valueName":"search_term_string"}}],"inLanguage":"en-GB"},{"@type":"Organization","@id":"https:\/\/roofroast.com\/#organization","name":"Roof Roast (Kavos skrudintojai Klaipedoje)","alternateName":"Roof Roast","url":"https:\/\/roofroast.com\/","logo":{"@type":"ImageObject","inLanguage":"en-GB","@id":"https:\/\/roofroast.com\/#\/schema\/logo\/image\/","url":"https:\/\/roofroast.com\/wp-content\/uploads\/2024\/09\/cropped-cropped-IMG_6146.png","contentUrl":"https:\/\/roofroast.com\/wp-content\/uploads\/2024\/09\/cropped-cropped-IMG_6146.png","width":512,"height":484,"caption":"Roof Roast (Kavos skrudintojai Klaipedoje)"},"image":{"@id":"https:\/\/roofroast.com\/#\/schema\/logo\/image\/"},"sameAs":["https:\/\/www.facebook.com\/roofroast.lt","https:\/\/www.youtube.com\/@roofroast","https:\/\/www.tiktok.com\/@roofroast?_t=ZN-8vMRvgnZR0o&_r=1","https:\/\/www.instagram.com\/roofroastlt\/"]}]}},"uagb_featured_image_src":{"full":false,"thumbnail":false,"medium":false,"medium_large":false,"large":false,"1536x1536":false,"2048x2048":false,"trp-custom-language-flag":false,"woocommerce_thumbnail":false,"woocommerce_single":false,"woocommerce_gallery_thumbnail":false},"uagb_author_info":{"display_name":"Roman Bogatyr","author_link":"https:\/\/roofroast.com\/en\/author\/roofroastgmail-com\/"},"uagb_comment_info":0,"uagb_excerpt":"BRAZILIJOS KAVA \u0160VELNUS, LAZDYN\u0172 RIE\u0160UTAI, \u0160OKOLADAS, APELSIN\u0172 \u017dIEVEL\u0116 SCA : 82.75","_links":{"self":[{"href":"https:\/\/roofroast.com\/en\/wp-json\/wp\/v2\/pages\/3559","targetHints":{"allow":["GET"]}}],"collection":[{"href":"https:\/\/roofroast.com\/en\/wp-json\/wp\/v2\/pages"}],"about":[{"href":"https:\/\/roofroast.com\/en\/wp-json\/wp\/v2\/types\/page"}],"author":[{"embeddable":true,"href":"https:\/\/roofroast.com\/en\/wp-json\/wp\/v2\/users\/1"}],"replies":[{"embeddable":true,"href":"https:\/\/roofroast.com\/en\/wp-json\/wp\/v2\/comments?post=3559"}],"version-history":[{"count":7,"href":"https:\/\/roofroast.com\/en\/wp-json\/wp\/v2\/pages\/3559\/revisions"}],"predecessor-version":[{"id":3572,"href":"https:\/\/roofroast.com\/en\/wp-json\/wp\/v2\/pages\/3559\/revisions\/3572"}],"wp:attachment":[{"href":"https:\/\/roofroast.com\/en\/wp-json\/wp\/v2\/media?parent=3559"}],"curies":[{"name":"wp","href":"https:\/\/api.w.org\/{rel}","templated":true}]}}